
{"id":76572,"date":"2022-01-05T15:14:09","date_gmt":"2022-01-05T14:14:09","guid":{"rendered":"https:\/\/stage.shop-cellularswiss.ch\/produit\/hoop\/"},"modified":"2022-01-05T15:14:14","modified_gmt":"2022-01-05T14:14:14","slug":"hoop","status":"publish","type":"product","link":"https:\/\/stage.shop-cellularswiss.ch\/de\/produit\/hoop\/","title":{"rendered":"HOOP"},"content":{"rendered":"<p>HOOP ist das ideale zertifizierte Lightning-In-Ear-Headset f\u00fcr iPhone-Anrufe, Musik, Videos und Spiele. Die antibakterielle Microban-Technologie verhindert unkontrolliertes Bakterienwachstum auf der Oberfl\u00e4che der Kopfh\u00f6rerkapseln. Dank des mitgelieferten magnetischen Ordners sind die Ohrh\u00f6rer gesch\u00fctzt und k\u00f6nnen bequem mitgef\u00fchrt werden.<\/p>\n","protected":false},"excerpt":{"rendered":"<p>Kabelgebundenes Stereo-Headset f\u00fcr das iPhone, mit integrierter antibakterieller Microban\u00ae Technologie und Kabelaufwicklung.<\/p>\n","protected":false},"featured_media":75350,"comment_status":"closed","ping_status":"open","template":"","meta":{"_et_pb_use_builder":"","_et_pb_old_content":"","_et_gb_content_width":""},"pwb-brand":[],"product_cat":[542,559],"product_tag":[],"compatibilite":[],"compatibilite_smartphone":[4725],"brands":[],"_links":{"self":[{"href":"https:\/\/stage.shop-cellularswiss.ch\/de\/wp-json\/wp\/v2\/product\/76572"}],"collection":[{"href":"https:\/\/stage.shop-cellularswiss.ch\/de\/wp-json\/wp\/v2\/product"}],"about":[{"href":"https:\/\/stage.shop-cellularswiss.ch\/de\/wp-json\/wp\/v2\/types\/product"}],"replies":[{"embeddable":true,"href":"https:\/\/stage.shop-cellularswiss.ch\/de\/wp-json\/wp\/v2\/comments?post=76572"}],"wp:featuredmedia":[{"embeddable":true,"href":"https:\/\/stage.shop-cellularswiss.ch\/de\/wp-json\/wp\/v2\/media\/75350"}],"wp:attachment":[{"href":"https:\/\/stage.shop-cellularswiss.ch\/de\/wp-json\/wp\/v2\/media?parent=76572"}],"wp:term":[{"taxonomy":"pwb-brand","embeddable":true,"href":"https:\/\/stage.shop-cellularswiss.ch\/de\/wp-json\/wp\/v2\/pwb-brand?post=76572"},{"taxonomy":"product_cat","embeddable":true,"href":"https:\/\/stage.shop-cellularswiss.ch\/de\/wp-json\/wp\/v2\/product_cat?post=76572"},{"taxonomy":"product_tag","embeddable":true,"href":"https:\/\/stage.shop-cellularswiss.ch\/de\/wp-json\/wp\/v2\/product_tag?post=76572"},{"taxonomy":"compatibilite","embeddable":true,"href":"https:\/\/stage.shop-cellularswiss.ch\/de\/wp-json\/wp\/v2\/compatibilite?post=76572"},{"taxonomy":"compatibilite_smartphone","embeddable":true,"href":"https:\/\/stage.shop-cellularswiss.ch\/de\/wp-json\/wp\/v2\/compatibilite_smartphone?post=76572"}],"curies":[{"name":"wp","href":"https:\/\/api.w.org\/{rel}","templated":true}]}}