
{"id":76877,"date":"2022-01-12T10:29:47","date_gmt":"2022-01-12T09:29:47","guid":{"rendered":"https:\/\/stage.shop-cellularswiss.ch\/produit\/acoustic-3\/"},"modified":"2022-01-12T10:29:49","modified_gmt":"2022-01-12T09:29:49","slug":"acoustic-3","status":"publish","type":"product","link":"https:\/\/stage.shop-cellularswiss.ch\/de\/produit\/acoustic-3\/","title":{"rendered":"Acoustic"},"content":{"rendered":"<p>Acoustic ist ein Headset mit In-Ear-Kapsel der neuesten Generation, das einen maximalen Tragekomfort und auch eine passive Isolierung vor externen Ger\u00e4uschen f\u00fcr einen direkten und spektakul\u00e4ren Klang bietet. Die Streaming Top Sound Performance Technologie erm\u00f6glicht die Musikwiedergabe in optimaler Klangqualit\u00e4t auch beim Streaming. Perfekt f\u00fcr diejenigen, die ein optimales H\u00f6rerlebnis mit dem Smartphone erreichen m\u00f6chten. Des Weiteren kann man mit dem Mikrofon mit integrierter Rufannahmetaste leicht und schnell mit einem einfachen Klick die eingehenden Anrufe annehmen und das Lied wechseln.<\/p>\n","protected":false},"excerpt":{"rendered":"<p>In-Ear-Headset mit Pump-Bass-Technologie<\/p>\n","protected":false},"featured_media":76609,"comment_status":"closed","ping_status":"open","template":"","meta":{"_et_pb_use_builder":"","_et_pb_old_content":"","_et_gb_content_width":""},"pwb-brand":[],"product_cat":[472,489],"product_tag":[],"compatibilite":[],"compatibilite_smartphone":[4455],"brands":[],"_links":{"self":[{"href":"https:\/\/stage.shop-cellularswiss.ch\/de\/wp-json\/wp\/v2\/product\/76877"}],"collection":[{"href":"https:\/\/stage.shop-cellularswiss.ch\/de\/wp-json\/wp\/v2\/product"}],"about":[{"href":"https:\/\/stage.shop-cellularswiss.ch\/de\/wp-json\/wp\/v2\/types\/product"}],"replies":[{"embeddable":true,"href":"https:\/\/stage.shop-cellularswiss.ch\/de\/wp-json\/wp\/v2\/comments?post=76877"}],"wp:featuredmedia":[{"embeddable":true,"href":"https:\/\/stage.shop-cellularswiss.ch\/de\/wp-json\/wp\/v2\/media\/76609"}],"wp:attachment":[{"href":"https:\/\/stage.shop-cellularswiss.ch\/de\/wp-json\/wp\/v2\/media?parent=76877"}],"wp:term":[{"taxonomy":"pwb-brand","embeddable":true,"href":"https:\/\/stage.shop-cellularswiss.ch\/de\/wp-json\/wp\/v2\/pwb-brand?post=76877"},{"taxonomy":"product_cat","embeddable":true,"href":"https:\/\/stage.shop-cellularswiss.ch\/de\/wp-json\/wp\/v2\/product_cat?post=76877"},{"taxonomy":"product_tag","embeddable":true,"href":"https:\/\/stage.shop-cellularswiss.ch\/de\/wp-json\/wp\/v2\/product_tag?post=76877"},{"taxonomy":"compatibilite","embeddable":true,"href":"https:\/\/stage.shop-cellularswiss.ch\/de\/wp-json\/wp\/v2\/compatibilite?post=76877"},{"taxonomy":"compatibilite_smartphone","embeddable":true,"href":"https:\/\/stage.shop-cellularswiss.ch\/de\/wp-json\/wp\/v2\/compatibilite_smartphone?post=76877"}],"curies":[{"name":"wp","href":"https:\/\/api.w.org\/{rel}","templated":true}]}}