
{"id":76884,"date":"2022-01-12T10:30:06","date_gmt":"2022-01-12T09:30:06","guid":{"rendered":"https:\/\/stage.shop-cellularswiss.ch\/produit\/tetra-force-shock-advance-iphone-xs-max\/"},"modified":"2022-01-12T10:30:11","modified_gmt":"2022-01-12T09:30:11","slug":"tetra-force-shock-advance-iphone-xs-max","status":"publish","type":"product","link":"https:\/\/stage.shop-cellularswiss.ch\/de\/produit\/tetra-force-shock-advance-iphone-xs-max\/","title":{"rendered":"Tetra Force Shock-Advance &#8211; iPhone XS Max"},"content":{"rendered":"<p>Tetra Force Shock-Advance ist die neue, ultrasichere Schutzh\u00fclle, die aus einer biegsamen Innenschicht mit kratzfester R\u00fcckseite und einem aus zwei Materialien (innen und au\u00dfen) gefertigten Rahmen besteht: Das bedeutet bestm\u00f6glichen Schutz f\u00fcr dein Smartphone bei St\u00f6\u00dfen und Herunterfallen. Das innovative, sto\u00dfd\u00e4mpfende Material entlang des Innenrahmens der H\u00fclle ist dank der von Cellularline entwickelten Technologie Impact Dissipating System\u2122 in der Lage, die durch den Aufprall erzeugten Schwingungen abzud\u00e4mpfen und zu verteilen. Die zus\u00e4tzliche Luftkammernstruktur stellt die Verbindung zum Au\u00dfenrahmen her und federt die Sto\u00dfwirkung ab. Die Rahmenoberfl\u00e4che zeichnet sich zudem durch eine spezielle Maserung aus, die f\u00fcr einen noch stabileren und sichereren Griff sorgt und der gesamten Schutzh\u00fclle ein unglaublich d\u00fcnnes und ergonomisches Design verleiht. Tetra Force Shock-Advance hat eine lebenslange Garantie: Weitere Informationen findest du im Bereich Guaranteed For Life von Cellularline.<\/p>\n","protected":false},"excerpt":{"rendered":"<p>Doppelter, ultrastarker Schutz bei St\u00f6\u00dfen und Herunterfallen<\/p>\n","protected":false},"featured_media":0,"comment_status":"closed","ping_status":"open","template":"","meta":{"_et_pb_use_builder":"","_et_pb_old_content":"","_et_gb_content_width":""},"pwb-brand":[],"product_cat":[542,559],"product_tag":[4559],"compatibilite":[],"compatibilite_smartphone":[4575],"brands":[],"_links":{"self":[{"href":"https:\/\/stage.shop-cellularswiss.ch\/de\/wp-json\/wp\/v2\/product\/76884"}],"collection":[{"href":"https:\/\/stage.shop-cellularswiss.ch\/de\/wp-json\/wp\/v2\/product"}],"about":[{"href":"https:\/\/stage.shop-cellularswiss.ch\/de\/wp-json\/wp\/v2\/types\/product"}],"replies":[{"embeddable":true,"href":"https:\/\/stage.shop-cellularswiss.ch\/de\/wp-json\/wp\/v2\/comments?post=76884"}],"wp:attachment":[{"href":"https:\/\/stage.shop-cellularswiss.ch\/de\/wp-json\/wp\/v2\/media?parent=76884"}],"wp:term":[{"taxonomy":"pwb-brand","embeddable":true,"href":"https:\/\/stage.shop-cellularswiss.ch\/de\/wp-json\/wp\/v2\/pwb-brand?post=76884"},{"taxonomy":"product_cat","embeddable":true,"href":"https:\/\/stage.shop-cellularswiss.ch\/de\/wp-json\/wp\/v2\/product_cat?post=76884"},{"taxonomy":"product_tag","embeddable":true,"href":"https:\/\/stage.shop-cellularswiss.ch\/de\/wp-json\/wp\/v2\/product_tag?post=76884"},{"taxonomy":"compatibilite","embeddable":true,"href":"https:\/\/stage.shop-cellularswiss.ch\/de\/wp-json\/wp\/v2\/compatibilite?post=76884"},{"taxonomy":"compatibilite_smartphone","embeddable":true,"href":"https:\/\/stage.shop-cellularswiss.ch\/de\/wp-json\/wp\/v2\/compatibilite_smartphone?post=76884"}],"curies":[{"name":"wp","href":"https:\/\/api.w.org\/{rel}","templated":true}]}}