
{"id":76890,"date":"2022-01-12T10:30:21","date_gmt":"2022-01-12T09:30:21","guid":{"rendered":"https:\/\/stage.shop-cellularswiss.ch\/produit\/soft-mi-11-lite-mi-11-lite-5g-11-lite-5g-ne\/"},"modified":"2022-01-12T10:30:27","modified_gmt":"2022-01-12T09:30:27","slug":"soft-mi-11-lite-mi-11-lite-5g-11-lite-5g-ne","status":"publish","type":"product","link":"https:\/\/stage.shop-cellularswiss.ch\/de\/produit\/soft-mi-11-lite-mi-11-lite-5g-11-lite-5g-ne\/","title":{"rendered":"Soft &#8211; Mi 11 Lite\/ Mi 11 Lite 5G \/ 11 Lite 5G NE"},"content":{"rendered":"<p>Soft ist eine ultrad\u00fcnne und durchsichtige H\u00fclle aus weichem Gummi mit Glanz-Finish, die einen perfekten Schutz der Kanten und der R\u00fcckseite des Smartphones liefert, ohne dass man auf die Unterstreichung und Hervorhebung des Designs verzichten muss.<\/p>\n","protected":false},"excerpt":{"rendered":"<p>Sch\u00fctzt und unterstreicht das Design des Smartphones<\/p>\n","protected":false},"featured_media":76825,"comment_status":"closed","ping_status":"open","template":"","meta":{"_et_pb_use_builder":"","_et_pb_old_content":"","_et_gb_content_width":""},"pwb-brand":[],"product_cat":[542,559],"product_tag":[],"compatibilite":[],"compatibilite_smartphone":[5090],"brands":[],"_links":{"self":[{"href":"https:\/\/stage.shop-cellularswiss.ch\/de\/wp-json\/wp\/v2\/product\/76890"}],"collection":[{"href":"https:\/\/stage.shop-cellularswiss.ch\/de\/wp-json\/wp\/v2\/product"}],"about":[{"href":"https:\/\/stage.shop-cellularswiss.ch\/de\/wp-json\/wp\/v2\/types\/product"}],"replies":[{"embeddable":true,"href":"https:\/\/stage.shop-cellularswiss.ch\/de\/wp-json\/wp\/v2\/comments?post=76890"}],"wp:featuredmedia":[{"embeddable":true,"href":"https:\/\/stage.shop-cellularswiss.ch\/de\/wp-json\/wp\/v2\/media\/76825"}],"wp:attachment":[{"href":"https:\/\/stage.shop-cellularswiss.ch\/de\/wp-json\/wp\/v2\/media?parent=76890"}],"wp:term":[{"taxonomy":"pwb-brand","embeddable":true,"href":"https:\/\/stage.shop-cellularswiss.ch\/de\/wp-json\/wp\/v2\/pwb-brand?post=76890"},{"taxonomy":"product_cat","embeddable":true,"href":"https:\/\/stage.shop-cellularswiss.ch\/de\/wp-json\/wp\/v2\/product_cat?post=76890"},{"taxonomy":"product_tag","embeddable":true,"href":"https:\/\/stage.shop-cellularswiss.ch\/de\/wp-json\/wp\/v2\/product_tag?post=76890"},{"taxonomy":"compatibilite","embeddable":true,"href":"https:\/\/stage.shop-cellularswiss.ch\/de\/wp-json\/wp\/v2\/compatibilite?post=76890"},{"taxonomy":"compatibilite_smartphone","embeddable":true,"href":"https:\/\/stage.shop-cellularswiss.ch\/de\/wp-json\/wp\/v2\/compatibilite_smartphone?post=76890"}],"curies":[{"name":"wp","href":"https:\/\/api.w.org\/{rel}","templated":true}]}}