
{"id":76895,"date":"2022-01-12T10:30:38","date_gmt":"2022-01-12T09:30:38","guid":{"rendered":"https:\/\/stage.shop-cellularswiss.ch\/produit\/steward-universal\/"},"modified":"2022-01-12T10:30:41","modified_gmt":"2022-01-12T09:30:41","slug":"steward-universal","status":"publish","type":"product","link":"https:\/\/stage.shop-cellularswiss.ch\/de\/produit\/steward-universal\/","title":{"rendered":"Steward &#8211; Universal"},"content":{"rendered":"<p>STEWARD ist der Universal-Autokleiderb\u00fcgel mit Kopfst\u00fctzenbefestigung. Ideal, um Jacken und M\u00e4ntel ordentlich aufzubewahren. Kann er auch als Haken f\u00fcr Taschen, Schals und andere Kleidungsst\u00fccke verwendet werden. Mit seinem kompakten Design l\u00e4sst er sich perfekt in jede Art von Fahrzeuginnenraum integrieren.<\/p>\n","protected":false},"excerpt":{"rendered":"<p>Autokleiderb\u00fcgel mit Kopfst\u00fctzenbefestigung<\/p>\n","protected":false},"featured_media":76765,"comment_status":"closed","ping_status":"open","template":"","meta":{"_et_pb_use_builder":"","_et_pb_old_content":"","_et_gb_content_width":""},"pwb-brand":[],"product_cat":[3845,1781],"product_tag":[],"compatibilite":[],"compatibilite_smartphone":[4658],"brands":[],"_links":{"self":[{"href":"https:\/\/stage.shop-cellularswiss.ch\/de\/wp-json\/wp\/v2\/product\/76895"}],"collection":[{"href":"https:\/\/stage.shop-cellularswiss.ch\/de\/wp-json\/wp\/v2\/product"}],"about":[{"href":"https:\/\/stage.shop-cellularswiss.ch\/de\/wp-json\/wp\/v2\/types\/product"}],"replies":[{"embeddable":true,"href":"https:\/\/stage.shop-cellularswiss.ch\/de\/wp-json\/wp\/v2\/comments?post=76895"}],"wp:featuredmedia":[{"embeddable":true,"href":"https:\/\/stage.shop-cellularswiss.ch\/de\/wp-json\/wp\/v2\/media\/76765"}],"wp:attachment":[{"href":"https:\/\/stage.shop-cellularswiss.ch\/de\/wp-json\/wp\/v2\/media?parent=76895"}],"wp:term":[{"taxonomy":"pwb-brand","embeddable":true,"href":"https:\/\/stage.shop-cellularswiss.ch\/de\/wp-json\/wp\/v2\/pwb-brand?post=76895"},{"taxonomy":"product_cat","embeddable":true,"href":"https:\/\/stage.shop-cellularswiss.ch\/de\/wp-json\/wp\/v2\/product_cat?post=76895"},{"taxonomy":"product_tag","embeddable":true,"href":"https:\/\/stage.shop-cellularswiss.ch\/de\/wp-json\/wp\/v2\/product_tag?post=76895"},{"taxonomy":"compatibilite","embeddable":true,"href":"https:\/\/stage.shop-cellularswiss.ch\/de\/wp-json\/wp\/v2\/compatibilite?post=76895"},{"taxonomy":"compatibilite_smartphone","embeddable":true,"href":"https:\/\/stage.shop-cellularswiss.ch\/de\/wp-json\/wp\/v2\/compatibilite_smartphone?post=76895"}],"curies":[{"name":"wp","href":"https:\/\/api.w.org\/{rel}","templated":true}]}}