
{"id":76896,"date":"2022-01-12T10:30:38","date_gmt":"2022-01-12T09:30:38","guid":{"rendered":"https:\/\/stage.shop-cellularswiss.ch\/produit\/vivid-2\/"},"modified":"2022-04-07T09:07:27","modified_gmt":"2022-04-07T07:07:27","slug":"vivid-2","status":"publish","type":"product","link":"https:\/\/stage.shop-cellularswiss.ch\/de\/produit\/vivid-2\/","title":{"rendered":"VIVID"},"content":{"rendered":"<p>VIVID ist das Bluetooth-In-Ear-Headset mit ANC (Active Noise Cancellation). Die innovative Technologie reduziert die Umgebungsger\u00e4usche erheblich, sodass Gespr\u00e4che und Anrufe klarer und deutlicher werden, ohne st\u00f6rende Ger\u00e4usche. Vivid hat eine Spielzeit von 3 Stunden, die dank des Ladekoffers auf 21 Stunden erh\u00f6ht werden kann.<\/p>\n","protected":false},"excerpt":{"rendered":"<p>Bluetooth-Headset mit Ladeschale und ANC-Funktion<\/p>\n","protected":false},"featured_media":76749,"comment_status":"closed","ping_status":"open","template":"","meta":{"_et_pb_use_builder":"","_et_pb_old_content":"","_et_gb_content_width":""},"pwb-brand":[],"product_cat":[493,509],"product_tag":[],"compatibilite":[],"compatibilite_smartphone":[4725],"brands":[],"_links":{"self":[{"href":"https:\/\/stage.shop-cellularswiss.ch\/de\/wp-json\/wp\/v2\/product\/76896"}],"collection":[{"href":"https:\/\/stage.shop-cellularswiss.ch\/de\/wp-json\/wp\/v2\/product"}],"about":[{"href":"https:\/\/stage.shop-cellularswiss.ch\/de\/wp-json\/wp\/v2\/types\/product"}],"replies":[{"embeddable":true,"href":"https:\/\/stage.shop-cellularswiss.ch\/de\/wp-json\/wp\/v2\/comments?post=76896"}],"wp:featuredmedia":[{"embeddable":true,"href":"https:\/\/stage.shop-cellularswiss.ch\/de\/wp-json\/wp\/v2\/media\/76749"}],"wp:attachment":[{"href":"https:\/\/stage.shop-cellularswiss.ch\/de\/wp-json\/wp\/v2\/media?parent=76896"}],"wp:term":[{"taxonomy":"pwb-brand","embeddable":true,"href":"https:\/\/stage.shop-cellularswiss.ch\/de\/wp-json\/wp\/v2\/pwb-brand?post=76896"},{"taxonomy":"product_cat","embeddable":true,"href":"https:\/\/stage.shop-cellularswiss.ch\/de\/wp-json\/wp\/v2\/product_cat?post=76896"},{"taxonomy":"product_tag","embeddable":true,"href":"https:\/\/stage.shop-cellularswiss.ch\/de\/wp-json\/wp\/v2\/product_tag?post=76896"},{"taxonomy":"compatibilite","embeddable":true,"href":"https:\/\/stage.shop-cellularswiss.ch\/de\/wp-json\/wp\/v2\/compatibilite?post=76896"},{"taxonomy":"compatibilite_smartphone","embeddable":true,"href":"https:\/\/stage.shop-cellularswiss.ch\/de\/wp-json\/wp\/v2\/compatibilite_smartphone?post=76896"}],"curies":[{"name":"wp","href":"https:\/\/api.w.org\/{rel}","templated":true}]}}