
{"id":76897,"date":"2022-01-12T10:10:04","date_gmt":"2022-01-12T09:30:43","guid":{"rendered":"https:\/\/stage.shop-cellularswiss.ch\/produit\/disco-speaker\/"},"modified":"2022-01-12T10:30:49","modified_gmt":"2022-01-12T09:30:49","slug":"disco-speaker","status":"publish","type":"product","link":"https:\/\/stage.shop-cellularswiss.ch\/de\/produit\/disco-speaker\/","title":{"rendered":"DISCO SPEAKER"},"content":{"rendered":"<p>Der DISCO SPEAKER ist ein Bluetooth-Lautsprecher mit integriertem Lichtprojektor, ideal um ein Abendessen oder eine Party mit Ihrer Lieblingsmusik zu beleben. Er ist praktisch, leicht und tragbar und kann dank des praktischen Hakens aufgeh\u00e4ngt werden, um Lichteffekte zu projizieren. Mit der mitgelieferten Fernbedienung k\u00f6nnen Sie die Titel, die Lautst\u00e4rke und die verschiedenen Beleuchtungsoptionen steuern, die ihre Farbe im Rhythmus der Musik \u00e4ndern. Titel und Lautst\u00e4rke k\u00f6nnen auch \u00fcber Ihr Smartphone oder Tablet gesteuert werden. Perfekt als Geschenkidee.<\/p>\n","protected":false},"excerpt":{"rendered":"<p>Bluetooth-Lautsprecher mit Lichtprojektor<\/p>\n","protected":false},"featured_media":76637,"comment_status":"closed","ping_status":"closed","template":"","meta":{"_et_pb_use_builder":"","_et_pb_old_content":"","_et_gb_content_width":""},"pwb-brand":[],"product_cat":[493,502],"product_tag":[],"compatibilite":[],"compatibilite_smartphone":[4658],"brands":[],"_links":{"self":[{"href":"https:\/\/stage.shop-cellularswiss.ch\/de\/wp-json\/wp\/v2\/product\/76897"}],"collection":[{"href":"https:\/\/stage.shop-cellularswiss.ch\/de\/wp-json\/wp\/v2\/product"}],"about":[{"href":"https:\/\/stage.shop-cellularswiss.ch\/de\/wp-json\/wp\/v2\/types\/product"}],"replies":[{"embeddable":true,"href":"https:\/\/stage.shop-cellularswiss.ch\/de\/wp-json\/wp\/v2\/comments?post=76897"}],"wp:featuredmedia":[{"embeddable":true,"href":"https:\/\/stage.shop-cellularswiss.ch\/de\/wp-json\/wp\/v2\/media\/76637"}],"wp:attachment":[{"href":"https:\/\/stage.shop-cellularswiss.ch\/de\/wp-json\/wp\/v2\/media?parent=76897"}],"wp:term":[{"taxonomy":"pwb-brand","embeddable":true,"href":"https:\/\/stage.shop-cellularswiss.ch\/de\/wp-json\/wp\/v2\/pwb-brand?post=76897"},{"taxonomy":"product_cat","embeddable":true,"href":"https:\/\/stage.shop-cellularswiss.ch\/de\/wp-json\/wp\/v2\/product_cat?post=76897"},{"taxonomy":"product_tag","embeddable":true,"href":"https:\/\/stage.shop-cellularswiss.ch\/de\/wp-json\/wp\/v2\/product_tag?post=76897"},{"taxonomy":"compatibilite","embeddable":true,"href":"https:\/\/stage.shop-cellularswiss.ch\/de\/wp-json\/wp\/v2\/compatibilite?post=76897"},{"taxonomy":"compatibilite_smartphone","embeddable":true,"href":"https:\/\/stage.shop-cellularswiss.ch\/de\/wp-json\/wp\/v2\/compatibilite_smartphone?post=76897"}],"curies":[{"name":"wp","href":"https:\/\/api.w.org\/{rel}","templated":true}]}}