
{"id":77349,"date":"2022-02-09T15:32:22","date_gmt":"2022-02-09T14:32:22","guid":{"rendered":"https:\/\/stage.shop-cellularswiss.ch\/produit\/book-agenda-galaxy-s22-ultra\/"},"modified":"2022-02-09T15:32:26","modified_gmt":"2022-02-09T14:32:26","slug":"book-agenda-galaxy-s22-ultra","status":"publish","type":"product","link":"https:\/\/stage.shop-cellularswiss.ch\/de\/produit\/book-agenda-galaxy-s22-ultra\/","title":{"rendered":"Book Agenda &#8211; Galaxy S22 Ultra"},"content":{"rendered":"<p>Book Agenda ist die elegante und praktische Schutztasche im Book-Style mit elegantem Finish in Leder-Optik und Magnetverschluss. Sie verf\u00fcgt \u00fcber praktische Kartenf\u00e4cher mit \u201eRFID &#038; NFC Block\u201c-Technologie, um das unbefugte Auslesen von kontaktlosen Karten zu verhindern. Durch die St\u00e4nderfunktion sind Videoanrufe und das Ansehen von Videos bequem m\u00f6glich. Sie nutzt die antibakterielle Technologie Microban\u00ae, die das Bakterienwachstum auf der Oberfl\u00e4che der H\u00fclle um bis zu 99,9% reduziert und dank der Integration in das Material von Book Agenda st\u00e4ndig aktiv ist<\/p>\n","protected":false},"excerpt":{"rendered":"<p>Eleganz und Funktion in einer einzigen L\u00f6sung &#8211; mit integrierter antibakterieller Technologie Microban\u00ae<\/p>\n","protected":false},"featured_media":77066,"comment_status":"closed","ping_status":"open","template":"","meta":{"_et_pb_use_builder":"","_et_pb_old_content":"","_et_gb_content_width":""},"pwb-brand":[],"product_cat":[542,559],"product_tag":[],"compatibilite":[],"compatibilite_smartphone":[5190],"brands":[],"_links":{"self":[{"href":"https:\/\/stage.shop-cellularswiss.ch\/de\/wp-json\/wp\/v2\/product\/77349"}],"collection":[{"href":"https:\/\/stage.shop-cellularswiss.ch\/de\/wp-json\/wp\/v2\/product"}],"about":[{"href":"https:\/\/stage.shop-cellularswiss.ch\/de\/wp-json\/wp\/v2\/types\/product"}],"replies":[{"embeddable":true,"href":"https:\/\/stage.shop-cellularswiss.ch\/de\/wp-json\/wp\/v2\/comments?post=77349"}],"wp:featuredmedia":[{"embeddable":true,"href":"https:\/\/stage.shop-cellularswiss.ch\/de\/wp-json\/wp\/v2\/media\/77066"}],"wp:attachment":[{"href":"https:\/\/stage.shop-cellularswiss.ch\/de\/wp-json\/wp\/v2\/media?parent=77349"}],"wp:term":[{"taxonomy":"pwb-brand","embeddable":true,"href":"https:\/\/stage.shop-cellularswiss.ch\/de\/wp-json\/wp\/v2\/pwb-brand?post=77349"},{"taxonomy":"product_cat","embeddable":true,"href":"https:\/\/stage.shop-cellularswiss.ch\/de\/wp-json\/wp\/v2\/product_cat?post=77349"},{"taxonomy":"product_tag","embeddable":true,"href":"https:\/\/stage.shop-cellularswiss.ch\/de\/wp-json\/wp\/v2\/product_tag?post=77349"},{"taxonomy":"compatibilite","embeddable":true,"href":"https:\/\/stage.shop-cellularswiss.ch\/de\/wp-json\/wp\/v2\/compatibilite?post=77349"},{"taxonomy":"compatibilite_smartphone","embeddable":true,"href":"https:\/\/stage.shop-cellularswiss.ch\/de\/wp-json\/wp\/v2\/compatibilite_smartphone?post=77349"}],"curies":[{"name":"wp","href":"https:\/\/api.w.org\/{rel}","templated":true}]}}