
{"id":77353,"date":"2022-02-09T15:32:36","date_gmt":"2022-02-09T14:32:36","guid":{"rendered":"https:\/\/stage.shop-cellularswiss.ch\/produit\/fine-galaxy-s22\/"},"modified":"2022-02-09T15:32:40","modified_gmt":"2022-02-09T14:32:40","slug":"fine-galaxy-s22","status":"publish","type":"product","link":"https:\/\/stage.shop-cellularswiss.ch\/de\/produit\/fine-galaxy-s22\/","title":{"rendered":"Fine &#8211; Galaxy S22+"},"content":{"rendered":"<p>Fine ist das ultraschmale Cover aus weichem Gummi, das sich perfekt an die Form des Telefons anlegt, ohne dessen Design, Dicke und Farbe zu \u00e4ndern. Sie ist angenehm anzufassen und sch\u00fctzt vor Kratzern und St\u00f6\u00dfen. Das minimalistische Design aus Gummi ist so wenig invasiv wie m\u00f6glich.<\/p>\n","protected":false},"excerpt":{"rendered":"<p>Weich, ultraschmal, ultratransparent<\/p>\n","protected":false},"featured_media":77126,"comment_status":"closed","ping_status":"open","template":"","meta":{"_et_pb_use_builder":"","_et_pb_old_content":"","_et_gb_content_width":""},"pwb-brand":[],"product_cat":[542,559],"product_tag":[],"compatibilite":[],"compatibilite_smartphone":[5188],"brands":[],"_links":{"self":[{"href":"https:\/\/stage.shop-cellularswiss.ch\/de\/wp-json\/wp\/v2\/product\/77353"}],"collection":[{"href":"https:\/\/stage.shop-cellularswiss.ch\/de\/wp-json\/wp\/v2\/product"}],"about":[{"href":"https:\/\/stage.shop-cellularswiss.ch\/de\/wp-json\/wp\/v2\/types\/product"}],"replies":[{"embeddable":true,"href":"https:\/\/stage.shop-cellularswiss.ch\/de\/wp-json\/wp\/v2\/comments?post=77353"}],"wp:featuredmedia":[{"embeddable":true,"href":"https:\/\/stage.shop-cellularswiss.ch\/de\/wp-json\/wp\/v2\/media\/77126"}],"wp:attachment":[{"href":"https:\/\/stage.shop-cellularswiss.ch\/de\/wp-json\/wp\/v2\/media?parent=77353"}],"wp:term":[{"taxonomy":"pwb-brand","embeddable":true,"href":"https:\/\/stage.shop-cellularswiss.ch\/de\/wp-json\/wp\/v2\/pwb-brand?post=77353"},{"taxonomy":"product_cat","embeddable":true,"href":"https:\/\/stage.shop-cellularswiss.ch\/de\/wp-json\/wp\/v2\/product_cat?post=77353"},{"taxonomy":"product_tag","embeddable":true,"href":"https:\/\/stage.shop-cellularswiss.ch\/de\/wp-json\/wp\/v2\/product_tag?post=77353"},{"taxonomy":"compatibilite","embeddable":true,"href":"https:\/\/stage.shop-cellularswiss.ch\/de\/wp-json\/wp\/v2\/compatibilite?post=77353"},{"taxonomy":"compatibilite_smartphone","embeddable":true,"href":"https:\/\/stage.shop-cellularswiss.ch\/de\/wp-json\/wp\/v2\/compatibilite_smartphone?post=77353"}],"curies":[{"name":"wp","href":"https:\/\/api.w.org\/{rel}","templated":true}]}}