
{"id":77359,"date":"2022-02-09T15:32:57","date_gmt":"2022-02-09T14:32:57","guid":{"rendered":"https:\/\/stage.shop-cellularswiss.ch\/produit\/sensation-galaxy-s22\/"},"modified":"2022-02-09T15:33:00","modified_gmt":"2022-02-09T14:33:00","slug":"sensation-galaxy-s22","status":"publish","type":"product","link":"https:\/\/stage.shop-cellularswiss.ch\/de\/produit\/sensation-galaxy-s22\/","title":{"rendered":"Sensation &#8211; Galaxy S22"},"content":{"rendered":"<p>SENSATION ist die Silikonschutzh\u00fclle aus Soft-Touch-Material mit weicher innerer Microfaser-Kratzschutzbeschichtung, die sich perfekt dem Design des Smartphones anpasst und dessen Ecken, Kanten und Steckanschl\u00fcsse sch\u00fctzt. Sie nutzt die antibakterielle Technologie Microban\u00ae, die das Bakterienwachstum auf der Oberfl\u00e4che der H\u00fclle um bis zu 99,9% reduziert und dank der Integration in das Material von Sensation st\u00e4ndig aktiv ist.<\/p>\n","protected":false},"excerpt":{"rendered":"<p>Soft-Touch-Schutzh\u00fclle aus Silikon mit integrierter antibakterieller Technologie Microban\u00ae<\/p>\n","protected":false},"featured_media":77198,"comment_status":"closed","ping_status":"open","template":"","meta":{"_et_pb_use_builder":"","_et_pb_old_content":"","_et_gb_content_width":""},"pwb-brand":[],"product_cat":[542,559],"product_tag":[],"compatibilite":[],"compatibilite_smartphone":[5188],"brands":[],"_links":{"self":[{"href":"https:\/\/stage.shop-cellularswiss.ch\/de\/wp-json\/wp\/v2\/product\/77359"}],"collection":[{"href":"https:\/\/stage.shop-cellularswiss.ch\/de\/wp-json\/wp\/v2\/product"}],"about":[{"href":"https:\/\/stage.shop-cellularswiss.ch\/de\/wp-json\/wp\/v2\/types\/product"}],"replies":[{"embeddable":true,"href":"https:\/\/stage.shop-cellularswiss.ch\/de\/wp-json\/wp\/v2\/comments?post=77359"}],"wp:featuredmedia":[{"embeddable":true,"href":"https:\/\/stage.shop-cellularswiss.ch\/de\/wp-json\/wp\/v2\/media\/77198"}],"wp:attachment":[{"href":"https:\/\/stage.shop-cellularswiss.ch\/de\/wp-json\/wp\/v2\/media?parent=77359"}],"wp:term":[{"taxonomy":"pwb-brand","embeddable":true,"href":"https:\/\/stage.shop-cellularswiss.ch\/de\/wp-json\/wp\/v2\/pwb-brand?post=77359"},{"taxonomy":"product_cat","embeddable":true,"href":"https:\/\/stage.shop-cellularswiss.ch\/de\/wp-json\/wp\/v2\/product_cat?post=77359"},{"taxonomy":"product_tag","embeddable":true,"href":"https:\/\/stage.shop-cellularswiss.ch\/de\/wp-json\/wp\/v2\/product_tag?post=77359"},{"taxonomy":"compatibilite","embeddable":true,"href":"https:\/\/stage.shop-cellularswiss.ch\/de\/wp-json\/wp\/v2\/compatibilite?post=77359"},{"taxonomy":"compatibilite_smartphone","embeddable":true,"href":"https:\/\/stage.shop-cellularswiss.ch\/de\/wp-json\/wp\/v2\/compatibilite_smartphone?post=77359"}],"curies":[{"name":"wp","href":"https:\/\/api.w.org\/{rel}","templated":true}]}}