
{"id":77362,"date":"2022-02-09T15:33:04","date_gmt":"2022-02-09T14:33:04","guid":{"rendered":"https:\/\/stage.shop-cellularswiss.ch\/produit\/impact-glass-watch-apple-watch-45mm\/"},"modified":"2022-02-09T15:33:12","modified_gmt":"2022-02-09T14:33:12","slug":"impact-glass-watch-apple-watch-45mm","status":"publish","type":"product","link":"https:\/\/stage.shop-cellularswiss.ch\/de\/produit\/impact-glass-watch-apple-watch-45mm\/","title":{"rendered":"Impact Glass Watch &#8211; Apple Watch 45mm"},"content":{"rendered":"<p>Time Glass ist das speziell f\u00fcr Apple Watch entwickelte Hybridglas, das maximalen Schutz gegen Kratzer und St\u00f6\u00dfe bietet. Es garantiert eine vollst\u00e4ndige Abdeckung des Displays dank seines abgerundeten Designs, das perfekt auf die Form des Displays passt und dieses von Rand zu Rand sch\u00fctzt. Ultrahaftend und d\u00fcnn, bietet es maximale Leitf\u00e4higkeit und Ber\u00fchrungsempfindlichkeit.<\/p>\n","protected":false},"excerpt":{"rendered":"<p>Extrem flexibles und widerstandsf\u00e4higes Hybridglas<\/p>\n","protected":false},"featured_media":77243,"comment_status":"closed","ping_status":"open","template":"","meta":{"_et_pb_use_builder":"","_et_pb_old_content":"","_et_gb_content_width":""},"pwb-brand":[],"product_cat":[544,542],"product_tag":[],"compatibilite":[],"compatibilite_smartphone":[5194],"brands":[],"_links":{"self":[{"href":"https:\/\/stage.shop-cellularswiss.ch\/de\/wp-json\/wp\/v2\/product\/77362"}],"collection":[{"href":"https:\/\/stage.shop-cellularswiss.ch\/de\/wp-json\/wp\/v2\/product"}],"about":[{"href":"https:\/\/stage.shop-cellularswiss.ch\/de\/wp-json\/wp\/v2\/types\/product"}],"replies":[{"embeddable":true,"href":"https:\/\/stage.shop-cellularswiss.ch\/de\/wp-json\/wp\/v2\/comments?post=77362"}],"wp:featuredmedia":[{"embeddable":true,"href":"https:\/\/stage.shop-cellularswiss.ch\/de\/wp-json\/wp\/v2\/media\/77243"}],"wp:attachment":[{"href":"https:\/\/stage.shop-cellularswiss.ch\/de\/wp-json\/wp\/v2\/media?parent=77362"}],"wp:term":[{"taxonomy":"pwb-brand","embeddable":true,"href":"https:\/\/stage.shop-cellularswiss.ch\/de\/wp-json\/wp\/v2\/pwb-brand?post=77362"},{"taxonomy":"product_cat","embeddable":true,"href":"https:\/\/stage.shop-cellularswiss.ch\/de\/wp-json\/wp\/v2\/product_cat?post=77362"},{"taxonomy":"product_tag","embeddable":true,"href":"https:\/\/stage.shop-cellularswiss.ch\/de\/wp-json\/wp\/v2\/product_tag?post=77362"},{"taxonomy":"compatibilite","embeddable":true,"href":"https:\/\/stage.shop-cellularswiss.ch\/de\/wp-json\/wp\/v2\/compatibilite?post=77362"},{"taxonomy":"compatibilite_smartphone","embeddable":true,"href":"https:\/\/stage.shop-cellularswiss.ch\/de\/wp-json\/wp\/v2\/compatibilite_smartphone?post=77362"}],"curies":[{"name":"wp","href":"https:\/\/api.w.org\/{rel}","templated":true}]}}