
{"id":77363,"date":"2022-02-09T15:33:11","date_gmt":"2022-02-09T14:33:11","guid":{"rendered":"https:\/\/stage.shop-cellularswiss.ch\/produit\/impact-glass-curved-galaxy-s22-ultra\/"},"modified":"2022-02-09T15:33:15","modified_gmt":"2022-02-09T14:33:15","slug":"impact-glass-curved-galaxy-s22-ultra","status":"publish","type":"product","link":"https:\/\/stage.shop-cellularswiss.ch\/de\/produit\/impact-glass-curved-galaxy-s22-ultra\/","title":{"rendered":"Impact Glass Curved &#8211; Galaxy S22 Ultra"},"content":{"rendered":"<p>Das echte geh\u00e4rtete Glas Impact Glass Curved ist d\u00fcnn und sto\u00dffest (9H) und der thermogeformte, gebogene Rand passt sich perfekt dem Design des Telefons an und gew\u00e4hrleistet den besten Schutz des Displays.<\/p>\n","protected":false},"excerpt":{"rendered":"<p>Gebogenes, geh\u00e4rtetes Glas \u2013 sto\u00dffest und ultrad\u00fcnn<\/p>\n","protected":false},"featured_media":77259,"comment_status":"closed","ping_status":"open","template":"","meta":{"_et_pb_use_builder":"","_et_pb_old_content":"","_et_gb_content_width":""},"pwb-brand":[],"product_cat":[542,549],"product_tag":[],"compatibilite":[],"compatibilite_smartphone":[5190],"brands":[],"_links":{"self":[{"href":"https:\/\/stage.shop-cellularswiss.ch\/de\/wp-json\/wp\/v2\/product\/77363"}],"collection":[{"href":"https:\/\/stage.shop-cellularswiss.ch\/de\/wp-json\/wp\/v2\/product"}],"about":[{"href":"https:\/\/stage.shop-cellularswiss.ch\/de\/wp-json\/wp\/v2\/types\/product"}],"replies":[{"embeddable":true,"href":"https:\/\/stage.shop-cellularswiss.ch\/de\/wp-json\/wp\/v2\/comments?post=77363"}],"wp:featuredmedia":[{"embeddable":true,"href":"https:\/\/stage.shop-cellularswiss.ch\/de\/wp-json\/wp\/v2\/media\/77259"}],"wp:attachment":[{"href":"https:\/\/stage.shop-cellularswiss.ch\/de\/wp-json\/wp\/v2\/media?parent=77363"}],"wp:term":[{"taxonomy":"pwb-brand","embeddable":true,"href":"https:\/\/stage.shop-cellularswiss.ch\/de\/wp-json\/wp\/v2\/pwb-brand?post=77363"},{"taxonomy":"product_cat","embeddable":true,"href":"https:\/\/stage.shop-cellularswiss.ch\/de\/wp-json\/wp\/v2\/product_cat?post=77363"},{"taxonomy":"product_tag","embeddable":true,"href":"https:\/\/stage.shop-cellularswiss.ch\/de\/wp-json\/wp\/v2\/product_tag?post=77363"},{"taxonomy":"compatibilite","embeddable":true,"href":"https:\/\/stage.shop-cellularswiss.ch\/de\/wp-json\/wp\/v2\/compatibilite?post=77363"},{"taxonomy":"compatibilite_smartphone","embeddable":true,"href":"https:\/\/stage.shop-cellularswiss.ch\/de\/wp-json\/wp\/v2\/compatibilite_smartphone?post=77363"}],"curies":[{"name":"wp","href":"https:\/\/api.w.org\/{rel}","templated":true}]}}