
{"id":77367,"date":"2022-02-09T15:33:26","date_gmt":"2022-02-09T14:33:26","guid":{"rendered":"https:\/\/stage.shop-cellularswiss.ch\/produit\/impact-glass-galaxy-s22-2\/"},"modified":"2022-02-09T15:33:29","modified_gmt":"2022-02-09T14:33:29","slug":"impact-glass-galaxy-s22-2","status":"publish","type":"product","link":"https:\/\/stage.shop-cellularswiss.ch\/de\/produit\/impact-glass-galaxy-s22-2\/","title":{"rendered":"Impact Glass &#8211; Galaxy S22+"},"content":{"rendered":"<p>Impact Glass ist ein echtes geh\u00e4rtetes Glas, das den besten Schutz bei gleichzeitig unver\u00e4nderten Eigenschaften des Displays bietet. Eine besondere Behandlung verst\u00e4rkt die Helligkeit der HD-Displays und die Ber\u00fchrungsempfindlichkeit des Displays.<\/p>\n","protected":false},"excerpt":{"rendered":"<p>Widerstandsf\u00e4higes, d\u00fcnnes und super-ber\u00fchrungsempfindlich Schutzglas<\/p>\n","protected":false},"featured_media":77267,"comment_status":"closed","ping_status":"open","template":"","meta":{"_et_pb_use_builder":"","_et_pb_old_content":"","_et_gb_content_width":""},"pwb-brand":[],"product_cat":[542,549],"product_tag":[],"compatibilite":[],"compatibilite_smartphone":[5188],"brands":[],"_links":{"self":[{"href":"https:\/\/stage.shop-cellularswiss.ch\/de\/wp-json\/wp\/v2\/product\/77367"}],"collection":[{"href":"https:\/\/stage.shop-cellularswiss.ch\/de\/wp-json\/wp\/v2\/product"}],"about":[{"href":"https:\/\/stage.shop-cellularswiss.ch\/de\/wp-json\/wp\/v2\/types\/product"}],"replies":[{"embeddable":true,"href":"https:\/\/stage.shop-cellularswiss.ch\/de\/wp-json\/wp\/v2\/comments?post=77367"}],"wp:featuredmedia":[{"embeddable":true,"href":"https:\/\/stage.shop-cellularswiss.ch\/de\/wp-json\/wp\/v2\/media\/77267"}],"wp:attachment":[{"href":"https:\/\/stage.shop-cellularswiss.ch\/de\/wp-json\/wp\/v2\/media?parent=77367"}],"wp:term":[{"taxonomy":"pwb-brand","embeddable":true,"href":"https:\/\/stage.shop-cellularswiss.ch\/de\/wp-json\/wp\/v2\/pwb-brand?post=77367"},{"taxonomy":"product_cat","embeddable":true,"href":"https:\/\/stage.shop-cellularswiss.ch\/de\/wp-json\/wp\/v2\/product_cat?post=77367"},{"taxonomy":"product_tag","embeddable":true,"href":"https:\/\/stage.shop-cellularswiss.ch\/de\/wp-json\/wp\/v2\/product_tag?post=77367"},{"taxonomy":"compatibilite","embeddable":true,"href":"https:\/\/stage.shop-cellularswiss.ch\/de\/wp-json\/wp\/v2\/compatibilite?post=77367"},{"taxonomy":"compatibilite_smartphone","embeddable":true,"href":"https:\/\/stage.shop-cellularswiss.ch\/de\/wp-json\/wp\/v2\/compatibilite_smartphone?post=77367"}],"curies":[{"name":"wp","href":"https:\/\/api.w.org\/{rel}","templated":true}]}}