
{"id":77368,"date":"2022-02-09T15:33:26","date_gmt":"2022-02-09T14:33:26","guid":{"rendered":"https:\/\/stage.shop-cellularswiss.ch\/produit\/charge-music-kit\/"},"modified":"2022-02-09T15:33:34","modified_gmt":"2022-02-09T14:33:34","slug":"charge-music-kit","status":"publish","type":"product","link":"https:\/\/stage.shop-cellularswiss.ch\/de\/produit\/charge-music-kit\/","title":{"rendered":"CHARGE &#038; MUSIC KIT"},"content":{"rendered":"<p>Speziell f\u00fcr Samsung entwickelt, das CHARGE &#038; MUSIC KIT kombiniert Ladeger\u00e4t und Headset, was nicht im Lieferumfang des Smartphones enthalten ist: &#8211; Netzladeger\u00e4t Super Fast Charge PD 25W mit USB-C-Anschluss f\u00fcr die schnelle Aufladung von Samsung-Ger\u00e4ten &#8211; In-Ear Stereo-Headset mit L\u00e4rmisolierung und Mikrofon sowie USB-C-Anschluss<\/p>\n","protected":false},"excerpt":{"rendered":"<p>Zubeh\u00f6rset inklusive Ladeger\u00e4t und Headset f\u00fcr Samsung<\/p>\n","protected":false},"featured_media":77078,"comment_status":"closed","ping_status":"open","template":"","meta":{"_et_pb_use_builder":"","_et_pb_old_content":"","_et_gb_content_width":""},"pwb-brand":[],"product_cat":[1781,1784],"product_tag":[],"compatibilite":[],"compatibilite_smartphone":[4878],"brands":[],"_links":{"self":[{"href":"https:\/\/stage.shop-cellularswiss.ch\/de\/wp-json\/wp\/v2\/product\/77368"}],"collection":[{"href":"https:\/\/stage.shop-cellularswiss.ch\/de\/wp-json\/wp\/v2\/product"}],"about":[{"href":"https:\/\/stage.shop-cellularswiss.ch\/de\/wp-json\/wp\/v2\/types\/product"}],"replies":[{"embeddable":true,"href":"https:\/\/stage.shop-cellularswiss.ch\/de\/wp-json\/wp\/v2\/comments?post=77368"}],"wp:featuredmedia":[{"embeddable":true,"href":"https:\/\/stage.shop-cellularswiss.ch\/de\/wp-json\/wp\/v2\/media\/77078"}],"wp:attachment":[{"href":"https:\/\/stage.shop-cellularswiss.ch\/de\/wp-json\/wp\/v2\/media?parent=77368"}],"wp:term":[{"taxonomy":"pwb-brand","embeddable":true,"href":"https:\/\/stage.shop-cellularswiss.ch\/de\/wp-json\/wp\/v2\/pwb-brand?post=77368"},{"taxonomy":"product_cat","embeddable":true,"href":"https:\/\/stage.shop-cellularswiss.ch\/de\/wp-json\/wp\/v2\/product_cat?post=77368"},{"taxonomy":"product_tag","embeddable":true,"href":"https:\/\/stage.shop-cellularswiss.ch\/de\/wp-json\/wp\/v2\/product_tag?post=77368"},{"taxonomy":"compatibilite","embeddable":true,"href":"https:\/\/stage.shop-cellularswiss.ch\/de\/wp-json\/wp\/v2\/compatibilite?post=77368"},{"taxonomy":"compatibilite_smartphone","embeddable":true,"href":"https:\/\/stage.shop-cellularswiss.ch\/de\/wp-json\/wp\/v2\/compatibilite_smartphone?post=77368"}],"curies":[{"name":"wp","href":"https:\/\/api.w.org\/{rel}","templated":true}]}}