
{"id":77864,"date":"2022-02-16T15:33:30","date_gmt":"2022-02-16T14:33:30","guid":{"rendered":"https:\/\/stage.shop-cellularswiss.ch\/produit\/selfie-ring-compact-universale\/"},"modified":"2022-02-16T15:33:39","modified_gmt":"2022-02-16T14:33:39","slug":"selfie-ring-compact-universale","status":"publish","type":"product","link":"https:\/\/stage.shop-cellularswiss.ch\/de\/produit\/selfie-ring-compact-universale\/","title":{"rendered":"Selfie Ring Compact &#8211; Universale"},"content":{"rendered":"<p>SELFIE RING COMPACT ist ein LED-Ringlicht mit bis auf eine H\u00f6he von 1,70m H\u00f6he ausziehbarer Stange, ideal f\u00fcr Videoaufnahmen und Selfies.Vollst\u00e4ndig zusammenklappbar und \u00fcberall bequem zu transportieren. Der 12-Zoll-LED-Ring hat 3 regulierbare Beleuchtungsmodi und verf\u00fcgt \u00fcber eine Universalhalterung f\u00fcr Smartphones und eine Bluetooth\u00ae-Fernbedienung f\u00fcr filmreife Aufnahmen und Videos!<\/p>\n","protected":false},"excerpt":{"rendered":"<p>LED-Ringlicht mit bis auf eine H\u00f6he von 1,70m ausziehbarer Stange, ideal f\u00fcr Videoaufnahmen und Selfies.<\/p>\n","protected":false},"featured_media":77747,"comment_status":"closed","ping_status":"open","template":"","meta":{"_et_pb_use_builder":"","_et_pb_old_content":"","_et_gb_content_width":""},"pwb-brand":[],"product_cat":[544,542],"product_tag":[],"compatibilite":[],"compatibilite_smartphone":[4725],"brands":[],"_links":{"self":[{"href":"https:\/\/stage.shop-cellularswiss.ch\/de\/wp-json\/wp\/v2\/product\/77864"}],"collection":[{"href":"https:\/\/stage.shop-cellularswiss.ch\/de\/wp-json\/wp\/v2\/product"}],"about":[{"href":"https:\/\/stage.shop-cellularswiss.ch\/de\/wp-json\/wp\/v2\/types\/product"}],"replies":[{"embeddable":true,"href":"https:\/\/stage.shop-cellularswiss.ch\/de\/wp-json\/wp\/v2\/comments?post=77864"}],"wp:featuredmedia":[{"embeddable":true,"href":"https:\/\/stage.shop-cellularswiss.ch\/de\/wp-json\/wp\/v2\/media\/77747"}],"wp:attachment":[{"href":"https:\/\/stage.shop-cellularswiss.ch\/de\/wp-json\/wp\/v2\/media?parent=77864"}],"wp:term":[{"taxonomy":"pwb-brand","embeddable":true,"href":"https:\/\/stage.shop-cellularswiss.ch\/de\/wp-json\/wp\/v2\/pwb-brand?post=77864"},{"taxonomy":"product_cat","embeddable":true,"href":"https:\/\/stage.shop-cellularswiss.ch\/de\/wp-json\/wp\/v2\/product_cat?post=77864"},{"taxonomy":"product_tag","embeddable":true,"href":"https:\/\/stage.shop-cellularswiss.ch\/de\/wp-json\/wp\/v2\/product_tag?post=77864"},{"taxonomy":"compatibilite","embeddable":true,"href":"https:\/\/stage.shop-cellularswiss.ch\/de\/wp-json\/wp\/v2\/compatibilite?post=77864"},{"taxonomy":"compatibilite_smartphone","embeddable":true,"href":"https:\/\/stage.shop-cellularswiss.ch\/de\/wp-json\/wp\/v2\/compatibilite_smartphone?post=77864"}],"curies":[{"name":"wp","href":"https:\/\/api.w.org\/{rel}","templated":true}]}}