
{"id":30930,"date":"2021-02-02T16:59:35","date_gmt":"2021-02-02T15:59:35","guid":{"rendered":"https:\/\/stage.shop-cellularswiss.ch\/garanzia-a-vita\/"},"modified":"2021-02-19T16:40:54","modified_gmt":"2021-02-19T15:40:54","slug":"garanzia-a-vita","status":"publish","type":"page","link":"https:\/\/stage.shop-cellularswiss.ch\/it\/garanzia-a-vita\/","title":{"rendered":"GARANZIA A VITA"},"content":{"rendered":"<p>[et_pb_section fb_built=&#8221;1&#8243; admin_label=&#8221;Hero&#8221; _builder_version=&#8221;4.8.1&#8243; background_enable_color=&#8221;off&#8221; use_background_color_gradient=&#8221;on&#8221; background_color_gradient_start=&#8221;rgba(0,46,79,0.67)&#8221; background_color_gradient_end=&#8221;rgba(8,70,102,0.51)&#8221; background_color_gradient_direction=&#8221;170deg&#8221; background_color_gradient_start_position=&#8221;1%&#8221; background_color_gradient_overlays_image=&#8221;on&#8221; background_image=&#8221;https:\/\/stage.shop-cellularswiss.ch\/wp-content\/uploads\/2021\/01\/business_01.jpg&#8221; min_height=&#8221;329.2px&#8221; custom_margin=&#8221;||2px|||&#8221; custom_padding=&#8221;93px||148px|||&#8221; hover_enabled=&#8221;0&#8243; title_text=&#8221;business_01&#8243; sticky_enabled=&#8221;0&#8243;][et_pb_row _builder_version=&#8221;4.8.1&#8243; background_size=&#8221;initial&#8221; background_position=&#8221;top_left&#8221; background_repeat=&#8221;repeat&#8221; custom_margin=&#8221;76px|auto|-101px|auto||&#8221; custom_padding=&#8221;57px|0px|157px|0px|false|false&#8221;][et_pb_column type=&#8221;4_4&#8243; _builder_version=&#8221;3.25&#8243; custom_padding=&#8221;|||&#8221; custom_padding__hover=&#8221;|||&#8221;][et_pb_text _builder_version=&#8221;4.8.1&#8243; text_font=&#8221;||||||||&#8221; text_font_size=&#8221;20px&#8221; text_line_height=&#8221;1.8em&#8221; header_font=&#8221;Montserrat|800|||||||&#8221; header_font_size=&#8221;60px&#8221; header_line_height=&#8221;1.3em&#8221; header_2_font=&#8221;Montserrat|800|||||||&#8221; header_2_font_size=&#8221;60px&#8221; header_2_line_height=&#8221;1.3em&#8221; header_4_font=&#8221;Montserrat||||||||&#8221; header_4_font_size=&#8221;20px&#8221; background_size=&#8221;initial&#8221; background_position=&#8221;top_left&#8221; background_repeat=&#8221;repeat&#8221; background_layout=&#8221;dark&#8221; max_width=&#8221;600px&#8221; custom_margin=&#8221;|||&#8221; custom_margin_tablet=&#8221;|100px||&#8221; custom_margin_phone=&#8221;|30px||&#8221; custom_margin_last_edited=&#8221;off|desktop&#8221; header_font_size_tablet=&#8221;50px&#8221; header_font_size_phone=&#8221;40px&#8221; header_font_size_last_edited=&#8221;on|phone&#8221; header_line_height_tablet=&#8221;&#8221; header_line_height_phone=&#8221;&#8221; header_line_height_last_edited=&#8221;on|desktop&#8221;]<\/p>\n<h4>Il nostro impegno<\/h4>\n<h2>Garanzia a vita<\/h2>\n<p>[\/et_pb_text][\/et_pb_column][\/et_pb_row][\/et_pb_section][et_pb_section fb_built=&#8221;1&#8243; admin_label=&#8221;About&#8221; _builder_version=&#8221;4.7.0&#8243; use_background_color_gradient=&#8221;on&#8221; background_color_gradient_start=&#8221;rgba(255,255,255,0)&#8221; background_color_gradient_end=&#8221;#ffffff&#8221; background_color_gradient_direction=&#8221;90deg&#8221; background_color_gradient_end_position=&#8221;50%&#8221; background_color_gradient_overlays_image=&#8221;on&#8221; background_enable_image=&#8221;off&#8221; background_position=&#8221;center_left&#8221;][et_pb_row column_structure=&#8221;1_2,1_2&#8243; _builder_version=&#8221;3.25&#8243;][et_pb_column type=&#8221;1_2&#8243; _builder_version=&#8221;3.25&#8243; custom_padding=&#8221;|||&#8221; custom_padding__hover=&#8221;|||&#8221;][et_pb_text _builder_version=&#8221;4.7.0&#8243; text_font=&#8221;Roboto||||||||&#8221; text_font_size=&#8221;16px&#8221; text_line_height=&#8221;1.8em&#8221; link_font=&#8221;Montserrat|700|||||||&#8221; link_text_color=&#8221;#fa546d&#8221; link_font_size=&#8221;22px&#8221; link_line_height=&#8221;1.5em&#8221; header_font=&#8221;Roboto||||||||&#8221; header_2_font=&#8221;Montserrat|700||||on|||&#8221; header_2_font_size=&#8221;40px&#8221; header_2_line_height=&#8221;1.4em&#8221; header_6_font=&#8221;Roboto|600||on|||||&#8221; header_6_text_color=&#8221;#E40238&#8243; header_6_font_size=&#8221;16px&#8221; header_6_letter_spacing=&#8221;2px&#8221; header_6_line_height=&#8221;1.5em&#8221; max_width_last_edited=&#8221;off|desktop&#8221; module_alignment=&#8221;left&#8221; custom_margin=&#8221;|||&#8221; custom_padding=&#8221;|||&#8221; header_2_font_size_tablet=&#8221;&#8221; header_2_font_size_phone=&#8221;24px&#8221; header_2_font_size_last_edited=&#8221;on|phone&#8221;]<\/p>\n<h6>Garanzia a vita<\/h6>\n<h2>Di cosa si tratta ?<\/h2>\n<p>Cellularline garantisce la tua cover per tutta la sua durata, estendendo cos\u00ec la validit\u00e0 della garanzia legale.[\/et_pb_text][et_pb_text _builder_version=&#8221;4.7.0&#8243; _module_preset=&#8221;default&#8221;]<\/p>\n<p>\u00a0<br \/>Hai acquistato un TETRA FORCE SHOCK-TWIST, TETRA FORCE SHOCK-TECH, TETRA FORCE BOOK- ADVANCE, TETRA FORCE SHOCK ADVANCE, AIR FRAME, GLOSS e CLEAR DUO?<br \/>Dal 1 ottobre 2017 *, Cellularline garantisce la tua cover per tutta la sua durata, estendendo cos\u00ec la validit\u00e0 della garanzia legale. Leggi i termini e le condizioni di garanzia per tutti i dettagli!<br \/>\u00a0<br \/>Come chiederlo?<br \/>\u00a0<br \/>\u00c8 semplice ! Se il prodotto \u00e8 difettoso, \u00e8 sufficiente inviarci tramite lettera raccomandata:<br \/>\u00a0<br \/>La fattura \/ ricevuta originale<br \/>Una foto della custodia difettosa<br \/>Il PDF (da scaricare nella sezione Download) da completare con i tuoi dati anagrafici e il nome del caso.<\/p>\n<p>[\/et_pb_text][\/et_pb_column][et_pb_column type=&#8221;1_2&#8243; _builder_version=&#8221;3.25&#8243; custom_padding=&#8221;|||&#8221; custom_padding__hover=&#8221;|||&#8221;][et_pb_image src=&#8221;https:\/\/stage.shop-cellularswiss.ch\/wp-content\/uploads\/2021\/01\/cellular-guarantee-scheme.jpg&#8221; title_text=&#8221;cellular-guarantee-scheme&#8221; _builder_version=&#8221;4.7.0&#8243; _module_preset=&#8221;default&#8221; custom_padding=&#8221;150px||||false|false&#8221;][\/et_pb_image][\/et_pb_column][\/et_pb_row][\/et_pb_section]<\/p>\n","protected":false},"excerpt":{"rendered":"<p>Il nostro impegno Garanzia a vitaGaranzia a vita Di cosa si tratta ? Cellularline garantisce la tua cover per tutta la sua durata, estendendo cos\u00ec la validit\u00e0 della garanzia legale.\u00a0Hai acquistato un TETRA FORCE SHOCK-TWIST, TETRA FORCE SHOCK-TECH, TETRA FORCE BOOK- ADVANCE, TETRA FORCE SHOCK ADVANCE, AIR FRAME, GLOSS e CLEAR DUO?Dal 1 ottobre 2017 [&hellip;]<\/p>\n","protected":false},"author":1,"featured_media":0,"parent":0,"menu_order":0,"comment_status":"closed","ping_status":"closed","template":"","meta":{"_et_pb_use_builder":"on","_et_pb_old_content":"","_et_gb_content_width":""},"_links":{"self":[{"href":"https:\/\/stage.shop-cellularswiss.ch\/it\/wp-json\/wp\/v2\/pages\/30930"}],"collection":[{"href":"https:\/\/stage.shop-cellularswiss.ch\/it\/wp-json\/wp\/v2\/pages"}],"about":[{"href":"https:\/\/stage.shop-cellularswiss.ch\/it\/wp-json\/wp\/v2\/types\/page"}],"author":[{"embeddable":true,"href":"https:\/\/stage.shop-cellularswiss.ch\/it\/wp-json\/wp\/v2\/users\/1"}],"replies":[{"embeddable":true,"href":"https:\/\/stage.shop-cellularswiss.ch\/it\/wp-json\/wp\/v2\/comments?post=30930"}],"version-history":[{"count":4,"href":"https:\/\/stage.shop-cellularswiss.ch\/it\/wp-json\/wp\/v2\/pages\/30930\/revisions"}],"predecessor-version":[{"id":32763,"href":"https:\/\/stage.shop-cellularswiss.ch\/it\/wp-json\/wp\/v2\/pages\/30930\/revisions\/32763"}],"wp:attachment":[{"href":"https:\/\/stage.shop-cellularswiss.ch\/it\/wp-json\/wp\/v2\/media?parent=30930"}],"curies":[{"name":"wp","href":"https:\/\/api.w.org\/{rel}","templated":true}]}}