
{"id":30933,"date":"2021-02-02T21:11:41","date_gmt":"2021-02-02T20:11:41","guid":{"rendered":"https:\/\/stage.shop-cellularswiss.ch\/politica-sulla-privacy\/"},"modified":"2021-02-21T16:12:50","modified_gmt":"2021-02-21T15:12:50","slug":"politica-sulla-privacy","status":"publish","type":"page","link":"https:\/\/stage.shop-cellularswiss.ch\/it\/politica-sulla-privacy\/","title":{"rendered":"Politica sulla privacy"},"content":{"rendered":"<p>[et_pb_section fb_built=&#8221;1&#8243; admin_label=&#8221;About&#8221; _builder_version=&#8221;4.7.0&#8243; use_background_color_gradient=&#8221;on&#8221; background_color_gradient_start=&#8221;rgba(255,255,255,0)&#8221; background_color_gradient_end=&#8221;#ffffff&#8221; background_color_gradient_direction=&#8221;90deg&#8221; background_color_gradient_end_position=&#8221;50%&#8221; background_color_gradient_overlays_image=&#8221;on&#8221; background_enable_image=&#8221;off&#8221; background_position=&#8221;center_left&#8221;][et_pb_row _builder_version=&#8221;3.25&#8243;][et_pb_column type=&#8221;4_4&#8243; _builder_version=&#8221;3.25&#8243; custom_padding=&#8221;|||&#8221; custom_padding__hover=&#8221;|||&#8221;][et_pb_text _builder_version=&#8221;4.7.0&#8243; text_font=&#8221;Roboto||||||||&#8221; text_font_size=&#8221;16px&#8221; text_line_height=&#8221;1.8em&#8221; link_font=&#8221;Montserrat|700|||||||&#8221; link_text_color=&#8221;#fa546d&#8221; link_font_size=&#8221;22px&#8221; link_line_height=&#8221;1.5em&#8221; header_font=&#8221;Roboto||||||||&#8221; header_2_font=&#8221;Montserrat|700||||on|||&#8221; header_2_font_size=&#8221;40px&#8221; header_2_line_height=&#8221;1.4em&#8221; header_6_font=&#8221;Roboto|600||on|||||&#8221; header_6_text_color=&#8221;#E40238&#8243; header_6_font_size=&#8221;16px&#8221; header_6_letter_spacing=&#8221;2px&#8221; header_6_line_height=&#8221;1.5em&#8221; max_width_last_edited=&#8221;off|desktop&#8221; module_alignment=&#8221;left&#8221; custom_margin=&#8221;|||&#8221; custom_padding=&#8221;|||&#8221; header_2_font_size_tablet=&#8221;&#8221; header_2_font_size_phone=&#8221;24px&#8221; header_2_font_size_last_edited=&#8221;on|phone&#8221;]<\/p>\n<h6>CELLULAR LINE<\/h6>\n<h2>POLITICA sulla privacy<\/h2>\n<p>[\/et_pb_text][et_pb_text _builder_version=&#8221;4.8.1&#8243; _module_preset=&#8221;default&#8221;]<\/p>\n<p class=\"p1\"><b>Introduzione<\/b><br \/>Di fronte allo sviluppo di nuovi strumenti di comunicazione, \u00e8 necessario prestare particolare attenzione alla privacy. Ecco perch\u00e9 ci impegniamo a rispettare la privacy delle informazioni personali che raccogliamo.<\/p>\n<p class=\"p1\">In qualit\u00e0 di societ\u00e0 svizzera che offre i suoi servizi sul territorio svizzero, rispettiamo la legge federale sulla protezione dei <span class=\"s1\">dati (<a href=\"https:\/\/www.admin.ch\/opc\/fr\/classified-compilation\/19920153\/index.html\">LPD<\/a><\/span><a href=\"https:\/\/www.admin.ch\/opc\/fr\/classified-compilation\/19920153\/index.html\"><span class=\"s1\">)<\/span><\/a><span class=\"s2\">e facciamo <\/span>ogni sforzo per rispettare le normative dell&#8217;Unione <span class=\"s1\">Europea (<a href=\"https:\/\/fr.wikipedia.org\/wiki\/R%C3%A8glement_g%C3%A9n%C3%A9ral_sur_la_protection_des_donn%C3%A9es\">RGPD<\/a>).<\/span> <span class=\"Apple-converted-space\">\u00a0<\/span><\/p>\n<p class=\"p1\"><b>Raccolta di informazioni<\/b><br \/>personali Raccogliamo le seguenti informazioni:<\/p>\n<ul class=\"ol1\">\n<li class=\"li2\"><span class=\"s3\">Nome<\/span><\/li>\n<li class=\"li2\"><span class=\"s3\">Nome<\/span><\/li>\n<li class=\"li3\">indirizzo email<\/li>\n<li class=\"li3\">Numero di telefono<\/li>\n<li class=\"li3\">Indirizzo postale<\/li>\n<\/ul>\n<p class=\"p1\">Le informazioni personali che raccogliamo vengono raccolte attraverso moduli e attraverso l&#8217;interattivit\u00e0 stabilita tra te e il nostro sito web. Utilizziamo inoltre, come mostrato nella sezione successiva, cookie e\/o registri per raccogliere informazioni su di te.<\/p>\n<p class=\"p1\">Questi dati non vengono trasmessi o rivenduti a terzi.<\/p>\n<p class=\"p1\"><b>Moduli e interattivit\u00e0:<\/b><br \/>le tue informazioni personali vengono raccolte attraverso moduli, ad esempio:<\/p>\n<ul class=\"ol1\">\n<li class=\"li3\">Modulo di registrazione del sito Web<\/li>\n<li class=\"li3\">Modulo d&#8217;ordine<\/li>\n<\/ul>\n<p class=\"p1\">Utilizziamo le informazioni raccolte per i seguenti scopi:<\/p>\n<ul class=\"ol1\">\n<li class=\"li3\">Monitoraggio dell&#8217;ordine<\/li>\n<li class=\"li3\">Informazioni \/ Offerte promozionali<\/li>\n<li class=\"li3\">Statistiche<\/li>\n<li class=\"li3\">Contattare<\/li>\n<\/ul>\n<p class=\"p1\">Le tue informazioni vengono raccolte anche attraverso l&#8217;interattivit\u00e0 che pu\u00f2 essere stabilita tra te e il nostro sito web come segue:<\/p>\n<ul class=\"ol1\">\n<li class=\"li3\">Statistiche<\/li>\n<li class=\"li3\">Contattare<\/li>\n<\/ul>\n<p class=\"p1\">Utilizziamo le informazioni raccolte per i seguenti scopi:<\/p>\n<ul class=\"ol1\">\n<li class=\"li3\">Commenti<\/li>\n<li class=\"li3\">Corrispondenza<\/li>\n<li class=\"li3\">Informazioni o per offerte promozionali<\/li>\n<\/ul>\n<p class=\"p1\"><b>Diritto di obiezione e<\/b> <b>recesso<\/b><span class=\"Apple-converted-space\">\u00a0<\/span><\/p>\n<p class=\"p1\">Ci impegniamo a offrirti il diritto di opporti e abbiamo ritirato le tue informazioni personali. Il diritto di opposizione \u00e8 definito come la possibilit\u00e0 per gli utenti di Internet di rifiutare l&#8217;uso delle loro informazioni personali per determinati scopi menzionati nella raccolta. Il diritto di recesso \u00e8 definito come la possibilit\u00e0 per gli utenti di Internet di richiedere che le loro informazioni personali non appaiano pi\u00f9, ad esempio, in una mailing list. Per esercitare questi diritti, contattaci utilizzando i dati di contatto elencati ai piedi della pagina.<\/p>\n<p class=\"p1\"><b>Diritto di accesso<\/b><br \/>Ci impegniamo a riconoscere il diritto di accesso e di correzione agli interessati che desiderano consultare, modificare o addirittura cancellare informazioni su di essi. Per esercitare questi diritti, contattaci utilizzando i dati di contatto elencati ai piedi della pagina.<\/p>\n<p class=\"p1\"><b>Sicurezza<\/b><br \/>Le informazioni personali che raccogliamo vengono archiviate in un ambiente sicuro. Le persone che lavorano per noi sono tenute a rispettare la riservatezza delle tue informazioni. Per garantire la sicurezza delle tue informazioni personali, utilizziamo le seguenti misure:<\/p>\n<ul class=\"ol1\">\n<li class=\"li3\">SSL protocollo (Secure Sockets Layer)<\/li>\n<\/ul>\n<p class=\"p1\">Ci impegniamo a mantenere un alto grado di riservatezza integrando le ultime innovazioni tecnologiche per garantire la riservatezza delle tue transazioni. Tuttavia, poich\u00e9 non esiste un meccanismo per la massima sicurezza, c&#8217;\u00e8 sempre il rischio di utilizzare Internet per trasmettere informazioni personali.<\/p>\n<p class=\"p1\"><b>Servizi di alloggio<\/b><br \/>di terze parti Il nostro sito web \u00e8 ospitato dallo strumento online infomaniak: <br \/><a href=\"https:\/\/www.infomaniak.com\/\"><span class=\"s1\">https:\/\/www.infomaniak.com\/<\/span><\/a><\/p>\n<p class=\"p1\"><b>Newsletter<\/b><br \/>La nostra newsletter ci consente di inviarti informazioni e offerte. Puoi revocare la tua registrazione in qualsiasi momento, cliccando sul link fornito a questo scopo e inserito in ciascuna delle nostre newsletter in fondo al messaggio, o contattandoci. Il nostro fornitore \u00e8 Infomaniak Network SA in Svizzera.<\/p>\n<p class=\"p1\">Tags Management Systems (TMS)Il nostro sito utilizza Google Tag Manager (GTM). <br \/>Questo sistema ci consente di gestire i diversi tag utilizzati sul nostro sito. Non gestiamo alcun dato personale in GTM. GTM pu\u00f2 raccogliere determinate informazioni, ad esempio il modo in cui viene utilizzato il Servizio, quali tag vengono effettivamente distribuiti e come vengono distribuiti. Questi dati possono essere utilizzati per migliorare, mantenere, proteggere ed espandere i loro servizi. il nostro fornitore \u00e8 Google Inc.<\/p>\n<p class=\"p1\">Analytics Il nostro sito utilizza Google Analytics. Questo sistema ci consente di stabilire varie analisi dell&#8217;uso e dell&#8217;utilizzo del nostro sito web. Le informazioni raccolte includono il tuo indirizzo IP, la tua configurazione (dispositivo, browser, risoluzione, ecc.), il tuo ISP, la pagina visualizzata, la pagina precedente e le varie interazioni con il nostro sito (tempo di consultazione, clic, moduli compilati, ecc.). Utilizziamo questi dati in modo anonimo (anonimizzazione degli indirizzi IP) per migliorare i nostri servizi e offerte, ma anche per personalizzare il contenuto del nostro sito. il nostro fornitore \u00e8 Google Inc. Altri servizi e contenuti di terze parti Il nostro sito pu\u00f2 integrare contenuti di terze parti come video di YouTube, Google Maps, presentazioni slideshare, pulsanti di condivisione dei social media o altri elementi. Ci\u00f2 significa che i provider di questo contenuto registrano il tuo indirizzo IP o altri elementi. Ad esempio, se hai effettuato l&#8217;accesso al tuo account Google, l&#8217;accesso a una pagina contenente un video di Youtube potrebbe essere assegnato al tuo account.<\/p>\n<p class=\"p1\"><b>Tempo di<\/b><br \/>conservazione I dati personali che etiboriamo attraverso il nostro sito sono conservati come segue, a seconda del tipo:<\/p>\n<ul class=\"ol1\">\n<li class=\"li3\">Google Analytics: i dati raccolti sono anonimizzati e abbiamo fissato un periodo di conservazione di 26 mesi.<\/li>\n<li class=\"li3\">E-mail: se non avviene alcuna interazione (apertura, clic, ..), i tuoi dati vengono resi anonimi fino a 30 mesi dall&#8217;ultima interazione.<\/li>\n<li class=\"li3\">Dati inseriti nei moduli: massimo 30 mesi.<\/li>\n<\/ul>\n<p class=\"p1\"><b>Legislazione<\/b><br \/>Ci impegniamo a rispettare la legislazione per la Svizzera.<\/p>\n<p>[\/et_pb_text][\/et_pb_column][\/et_pb_row][\/et_pb_section]<\/p>\n","protected":false},"excerpt":{"rendered":"<p>CELLULAR LINE POLITICA sulla privacyIntroduzioneDi fronte allo sviluppo di nuovi strumenti di comunicazione, \u00e8 necessario prestare particolare attenzione alla privacy. Ecco perch\u00e9 ci impegniamo a rispettare la privacy delle informazioni personali che raccogliamo. In qualit\u00e0 di societ\u00e0 svizzera che offre i suoi servizi sul territorio svizzero, rispettiamo la legge federale sulla protezione dei dati (LPD)e [&hellip;]<\/p>\n","protected":false},"author":1,"featured_media":0,"parent":0,"menu_order":0,"comment_status":"closed","ping_status":"closed","template":"","meta":{"_et_pb_use_builder":"on","_et_pb_old_content":"","_et_gb_content_width":""},"_links":{"self":[{"href":"https:\/\/stage.shop-cellularswiss.ch\/it\/wp-json\/wp\/v2\/pages\/30933"}],"collection":[{"href":"https:\/\/stage.shop-cellularswiss.ch\/it\/wp-json\/wp\/v2\/pages"}],"about":[{"href":"https:\/\/stage.shop-cellularswiss.ch\/it\/wp-json\/wp\/v2\/types\/page"}],"author":[{"embeddable":true,"href":"https:\/\/stage.shop-cellularswiss.ch\/it\/wp-json\/wp\/v2\/users\/1"}],"replies":[{"embeddable":true,"href":"https:\/\/stage.shop-cellularswiss.ch\/it\/wp-json\/wp\/v2\/comments?post=30933"}],"version-history":[{"count":4,"href":"https:\/\/stage.shop-cellularswiss.ch\/it\/wp-json\/wp\/v2\/pages\/30933\/revisions"}],"predecessor-version":[{"id":33961,"href":"https:\/\/stage.shop-cellularswiss.ch\/it\/wp-json\/wp\/v2\/pages\/30933\/revisions\/33961"}],"wp:attachment":[{"href":"https:\/\/stage.shop-cellularswiss.ch\/it\/wp-json\/wp\/v2\/media?parent=30933"}],"curies":[{"name":"wp","href":"https:\/\/api.w.org\/{rel}","templated":true}]}}