
{"id":31239,"date":"2021-02-05T17:34:53","date_gmt":"2021-02-05T16:34:53","guid":{"rendered":"https:\/\/stage.shop-cellularswiss.ch\/condizioni-di-garanzia\/"},"modified":"2021-02-05T17:34:53","modified_gmt":"2021-02-05T16:34:53","slug":"condizioni-di-garanzia","status":"publish","type":"page","link":"https:\/\/stage.shop-cellularswiss.ch\/it\/condizioni-di-garanzia\/","title":{"rendered":"Condizioni di garanzia"},"content":{"rendered":"<p>[et_pb_section fb_built=&#8221;1&#8243; admin_label=&#8221;Hero&#8221; _builder_version=&#8221;4.8.1&#8243; background_color=&#8221;#E40238&#8243; use_background_color_gradient=&#8221;on&#8221; background_color_gradient_start=&#8221;#002e4f&#8221; background_color_gradient_end=&#8221;rgba(8,70,102,0.8)&#8221; background_color_gradient_direction=&#8221;170deg&#8221; background_color_gradient_start_position=&#8221;1%&#8221; background_color_gradient_overlays_image=&#8221;on&#8221; background_image=&#8221;https:\/\/stage.shop-cellularswiss.ch\/wp-content\/uploads\/2021\/01\/header-bg-faq.jpg&#8221; custom_padding=&#8221;|||&#8221;][et_pb_row _builder_version=&#8221;4.8.1&#8243; background_size=&#8221;initial&#8221; background_position=&#8221;top_left&#8221; background_repeat=&#8221;repeat&#8221; custom_padding=&#8221;27px|0px|27px|0px|false|false&#8221; hover_enabled=&#8221;0&#8243; sticky_enabled=&#8221;0&#8243;][et_pb_column type=&#8221;4_4&#8243; _builder_version=&#8221;3.25&#8243; custom_padding=&#8221;|||&#8221; custom_padding__hover=&#8221;|||&#8221;][et_pb_text _builder_version=&#8221;3.27.4&#8243; text_font=&#8221;||||||||&#8221; text_font_size=&#8221;20px&#8221; text_line_height=&#8221;1.8em&#8221; header_font=&#8221;Open Sans|800|||||||&#8221; header_font_size=&#8221;60px&#8221; header_line_height=&#8221;1.3em&#8221; background_size=&#8221;initial&#8221; background_position=&#8221;top_left&#8221; background_repeat=&#8221;repeat&#8221; background_layout=&#8221;dark&#8221; max_width=&#8221;600px&#8221; custom_margin=&#8221;|||&#8221; custom_margin_tablet=&#8221;|100px||&#8221; custom_margin_phone=&#8221;|30px||&#8221; custom_margin_last_edited=&#8221;off|desktop&#8221; header_font_size_tablet=&#8221;50px&#8221; header_font_size_phone=&#8221;40px&#8221; header_font_size_last_edited=&#8221;on|phone&#8221; header_line_height_tablet=&#8221;&#8221; header_line_height_phone=&#8221;&#8221; header_line_height_last_edited=&#8221;on|desktop&#8221;]<\/p>\n<div class=\"col-xs-12 col-xs-12 col-sm-6 col-md-6\"><\/div>\n<div class=\"col-xs-12 col-xs-12 col-sm-6 col-md-6\">\n<section>\n<div class=\"yCmsContentSlot row no-margin\"><\/div>\n<\/section>\n<\/div>\n<div class=\"col-xs-12\">\n<div class=\"yCmsContentSlot landingLayout2PageSection2C\">\n<div class=\"yCmsComponent yComponentWrapper\">\n<div class=\"content\">\n<h1 class=\"structuredBannerTitle titlePositionLEFT\">Condizioni di garanzia <\/h1>\n<\/div>\n<\/div>\n<\/div>\n<\/div>\n<p>[\/et_pb_text][\/et_pb_column][\/et_pb_row][\/et_pb_section][et_pb_section fb_built=&#8221;1&#8243; admin_label=&#8221;FAQ Section&#8221; _builder_version=&#8221;3.22&#8243; background_color=&#8221;#f6f8fa&#8221; custom_padding=&#8221;|||&#8221; border_color_all=&#8221;#dee3e8&#8243; border_width_top=&#8221;1px&#8221;][et_pb_row _builder_version=&#8221;4.8.1&#8243; _module_preset=&#8221;default&#8221;][et_pb_column _builder_version=&#8221;4.8.1&#8243; _module_preset=&#8221;default&#8221; type=&#8221;4_4&#8243;][et_pb_text _builder_version=&#8221;4.8.1&#8243; _module_preset=&#8221;default&#8221; hover_enabled=&#8221;0&#8243; sticky_enabled=&#8221;0&#8243;]<\/p>\n<h1>Condizioni di garanzia Cellular Swiss SA<\/h1>\n<p>&nbsp;<\/p>\n<p>1. Campo d&#8217;applicazione<br \/>\nLe presenti Condizioni di garanzia si applicano a tutti gli accessori venduti da Cellular Swiss SA (di seguito CS) o dai suoi partner di distribuzione.<br \/>\n2. Durata e contenuto<br \/>\nCS garantisce una garanzia di 24 mesi su tutti gli accessori. Ci\u00f2 ha effetto alla data di acquisto. In caso di difetti, il cliente pu\u00f2 contattare il punto vendita o il servizio cliente del negozio in cui \u00e8 stato acquistato l&#8217;accessorio. In caso di difetto, CS pu\u00f2 sostituire l&#8217;accessorio con un altro accessorio dello stesso valore. Se l&#8217;accessorio non pu\u00f2 essere sostituito, verr\u00e0 sostituito con un oggetto equivalente o rimborsato.<br \/>\nTali prestazioni di garanzia sono al posto di quelle del CO di garanzia e delle relative richieste di risarcimento danni.<br \/>\n3. Restrizioni<br \/>\nLa garanzia\/garanzia legale \u00e8 esclusa<br \/>\nDifetti dovuti all&#8217;usura naturale, alla manipolazione o alla degradazione impropria derivanti da atto doloso o negligenza da parte dell&#8217;acquirente o di terzi<br \/>\nDifetti, per i quali vi sono indicazioni concrete che devono essere attribuiti all&#8217;effetto dell&#8217;umidit\u00e0 o di altri fattori esterni (danni dovuti a caduta, pressione o shock o danni al trasporto). Qualsiasi intervento sul dispositivo che non sarebbe stato eseguito da CS o che sarebbe stato fatto senza la sua autorizzazione pone fine alla garanzia.[\/et_pb_text][\/et_pb_column][\/et_pb_row][\/et_pb_section]<\/p>\n","protected":false},"excerpt":{"rendered":"<p>Condizioni di garanzia Condizioni di garanzia Cellular Swiss SA &nbsp; 1. Campo d&#8217;applicazione Le presenti Condizioni di garanzia si applicano a tutti gli accessori venduti da Cellular Swiss SA (di seguito CS) o dai suoi partner di distribuzione. 2. Durata e contenuto CS garantisce una garanzia di 24 mesi su tutti gli accessori. Ci\u00f2 ha [&hellip;]<\/p>\n","protected":false},"author":1,"featured_media":0,"parent":0,"menu_order":0,"comment_status":"closed","ping_status":"closed","template":"","meta":{"_et_pb_use_builder":"on","_et_pb_old_content":"","_et_gb_content_width":""},"_links":{"self":[{"href":"https:\/\/stage.shop-cellularswiss.ch\/it\/wp-json\/wp\/v2\/pages\/31239"}],"collection":[{"href":"https:\/\/stage.shop-cellularswiss.ch\/it\/wp-json\/wp\/v2\/pages"}],"about":[{"href":"https:\/\/stage.shop-cellularswiss.ch\/it\/wp-json\/wp\/v2\/types\/page"}],"author":[{"embeddable":true,"href":"https:\/\/stage.shop-cellularswiss.ch\/it\/wp-json\/wp\/v2\/users\/1"}],"replies":[{"embeddable":true,"href":"https:\/\/stage.shop-cellularswiss.ch\/it\/wp-json\/wp\/v2\/comments?post=31239"}],"version-history":[{"count":2,"href":"https:\/\/stage.shop-cellularswiss.ch\/it\/wp-json\/wp\/v2\/pages\/31239\/revisions"}],"predecessor-version":[{"id":31241,"href":"https:\/\/stage.shop-cellularswiss.ch\/it\/wp-json\/wp\/v2\/pages\/31239\/revisions\/31241"}],"wp:attachment":[{"href":"https:\/\/stage.shop-cellularswiss.ch\/it\/wp-json\/wp\/v2\/media?parent=31239"}],"curies":[{"name":"wp","href":"https:\/\/api.w.org\/{rel}","templated":true}]}}