
{"id":32671,"date":"2021-02-18T15:41:09","date_gmt":"2021-02-18T14:41:09","guid":{"rendered":"https:\/\/stage.shop-cellularswiss.ch\/condizioni-generali-di-vendita\/"},"modified":"2021-02-18T15:41:09","modified_gmt":"2021-02-18T14:41:09","slug":"condizioni-generali-di-vendita","status":"publish","type":"page","link":"https:\/\/stage.shop-cellularswiss.ch\/it\/condizioni-generali-di-vendita\/","title":{"rendered":"Condizioni generali di vendita"},"content":{"rendered":"<p>[et_pb_section fb_built=&#8221;1&#8243; admin_label=&#8221;About&#8221; _builder_version=&#8221;4.7.0&#8243; use_background_color_gradient=&#8221;on&#8221; background_color_gradient_start=&#8221;rgba(255,255,255,0)&#8221; background_color_gradient_end=&#8221;#ffffff&#8221; background_color_gradient_direction=&#8221;90deg&#8221; background_color_gradient_end_position=&#8221;50%&#8221; background_color_gradient_overlays_image=&#8221;on&#8221; background_enable_image=&#8221;off&#8221; background_position=&#8221;center_left&#8221;][et_pb_row _builder_version=&#8221;3.25&#8243;][et_pb_column type=&#8221;4_4&#8243; _builder_version=&#8221;3.25&#8243; custom_padding=&#8221;|||&#8221; custom_padding__hover=&#8221;|||&#8221;][et_pb_text _builder_version=&#8221;4.7.0&#8243; text_font=&#8221;Roboto||||||||&#8221; text_font_size=&#8221;16px&#8221; text_line_height=&#8221;1.8em&#8221; link_font=&#8221;Montserrat|700|||||||&#8221; link_text_color=&#8221;#fa546d&#8221; link_font_size=&#8221;22px&#8221; link_line_height=&#8221;1.5em&#8221; header_font=&#8221;Roboto||||||||&#8221; header_2_font=&#8221;Montserrat|700||||on|||&#8221; header_2_font_size=&#8221;40px&#8221; header_2_line_height=&#8221;1.4em&#8221; header_6_font=&#8221;Roboto|600||on|||||&#8221; header_6_text_color=&#8221;#E40238&#8243; header_6_font_size=&#8221;16px&#8221; header_6_letter_spacing=&#8221;2px&#8221; header_6_line_height=&#8221;1.5em&#8221; max_width_last_edited=&#8221;off|desktop&#8221; module_alignment=&#8221;left&#8221; custom_margin=&#8221;||32px|||&#8221; custom_padding=&#8221;|||&#8221; header_2_font_size_tablet=&#8221;&#8221; header_2_font_size_phone=&#8221;24px&#8221; header_2_font_size_last_edited=&#8221;on|phone&#8221;]<\/p>\n<h6>CELLULAR LINE<\/h6>\n<h2>Condizioni generali di vendita&nbsp;<\/h2>\n<p>[\/et_pb_text][et_pb_text _builder_version=&#8221;4.8.1&#8243; _module_preset=&#8221;default&#8221; hover_enabled=&#8221;0&#8243; sticky_enabled=&#8221;0&#8243;]<\/p>\n<p><strong>1.<\/strong><strong>Generale<\/strong><\/p>\n<p>a. Questi termini e condizioni di vendita da parte di Cellular Swiss SA (CS) regolano l&#8217;utilizzo del sito web www. ch (&#8220;negozio online&#8221;) e il rapporto contrattuale tra il Cliente (&#8220;Cliente&#8221;, &#8220;Tu&#8221;) e CS per tutti i contratti conclusi sul negozio online. Su ogni ordine, il Cliente accetta espressamente questi CV e la dichiarazione di riservatezza come parte integrante del contratto.<\/p>\n<p>b. Le seguenti condizioni si applicano all&#8217;esclusione di tutte le altre condizioni per tutte le consegne e i servizi Le condizioni del cliente contrarie o divergenti nei nostri CV non saranno riconosciute. Qualsiasi accordo aggiuntivo o altro impegno assunto da CS richiede una forma scritta. CS si riserva espressamente il diritto di modificare questi CV in qualsiasi momento.<\/p>\n<p>c. L&#8217;offerta e la consegna tramite il negozio online sono rivolte esclusivamente ai Clienti la cui casa o sede centrale si trova in Svizzera o Liechtenstein.<\/p>\n<p>d. CS elabora i tuoi dati in modo confidenziale e secondo le disposizioni dell&#8217;attuale legge svizzera sulla protezione dei dati (LPD). Siprega difare riferimento alla sezione (Informativa sulla privacy).<\/p>\n<p><strong>3. P<\/strong><strong>rodotti e prezzi<\/strong><\/p>\n<p>a. CS gestisce un negozio online su www. ch con prodotti selezionati nella gamme celluarline, ecc. (&#8220;prodotti&#8221;). CS pu\u00f2 modificare o espandere la gamma di prodotti esistente in qualsiasi momento.<\/p>\n<p>b. Tutti i prezzi del negozio online sono espressi in franchi svizzeri (CHF) e includono l&#8217;attuale imposta sul valore aggiunto. I rispettivi prezzi al momento dell&#8217;ordine si applicano escludendo eventuali spese di spedizione indicate separatamente.<\/p>\n<p>c. Per rivenditori o distributori (B2B). Un login personale ti permetter\u00e0 di accedere ai prezzi di acquisto. Questi prezzi sono esclusi di tasse e trassporto.<\/p>\n<p>d. CS si riserva il diritto di modificare i propri prezzi in qualsiasi momento.<\/p>\n<p>e. CS ti avviser\u00e0 abbastanza presto in caso di eventuali variazioni di prezzo.<\/p>\n<p>f.I &#8220;vantaggi di prezzo&#8221; visualizzati nel negozio online vengono arrotondati e calcolati in base al prezzo di acquisto.<\/p>\n<p><strong>4. O<\/strong><strong>rdinazione e conclusione del contratto<\/strong><\/p>\n<p>a. Una volta che il cliente ha finalizzato il suo ordine in modo fermo e definitivo accettando il CGV, quest\u2019ultimo riceve una conferma d&#8217;ordine generata automaticamente all&#8217;indirizzo e-mail che ha indicato. Ricevere la conferma dell&#8217;ordine non garantisce che i prodotti saranno consegnabili.<\/p>\n<p>b. Le offerte e i dati sul negozio online non sono vincolanti. Ogni ordine del cliente \u00e8 subordinato alla disponibilit\u00e0 della merce\/possibilit\u00e0 di consegna, all&#8217;accuratezza del prezzo indicato e alla ricezione del pagamento. Il contratto finale entra in vigore dopo la consegna della merce ordinata. Lo stesso vale per ogni consegna parziale.<\/p>\n<p>c. Se un pagamento non viene effettuato in tempo o se parte o tutta la merce ordinata dal Cliente non pu\u00f2 essere consegnata, CS si riserva il diritto di annullare un ordine in tutto o in parte.<\/p>\n<p>d. Se il Cliente non riceve la merce ordinata entro 10 giorni dalla ricezione della conferma dell&#8217;ordine o della data di consegna (il timbro dell&#8217;ufficio postale \u00e8 autentico), il cliente \u00e8 tenuto a segnalare la merce non selezionata per iscritto (e-mail o modulo di lettera) a<\/p>\n<p><strong>5. <\/strong><strong>Metodi e termini di pagamento<\/strong><\/p>\n<p>a. I clienti possono pagare i loro ordini con carta di credito,PayPal. La modalit\u00e0 con fattura \u00e8 solo per rivenditori, distributori (B2B) o a condizioni speciali. In casi specifici o in generale, CS si riserva il diritto di non offrire determinati metodi di pagamento (ad esempio il pagamento delle fatture in caso di fatture elevate o insolvenza) o di proporre altri metodi di pagamento.<\/p>\n<p>b. Per rivenditori o distributori (B2B). \u00c8 necessaria un&#8217;apertura dell&#8217;account. Ti verr\u00e0 concesso un limite di credito cos\u00ec come ti verr\u00e0 concesso un periodo di pagamento. CS si riserva il diritto di richiedere un pagamento completo o parziale in anticipo per eventuali nuovi clienti o in caso di insolvenza.<\/p>\n<p>c. Se il Cliente \u00e8 in ritardo nei pagamenti, le consegne future saranno sospese fino a quando non sar\u00e0 stata fornita la prova del pagamento. In caso di pagamento su fattura, un periodo di pagamento applicabile \u00e8 di 30 giorni dal ricevimento della consegna.<\/p>\n<p>d. In caso di fatturazione e recupero non riusciti, gli importi fatturati possono essere trasferiti a una societ\u00e0 esterna. In questo caso, a partire dalla data di scadenza pu\u00f2 essere addebitato anche un tasso annuo effettivo fino al 15%. La societ\u00e0 di incassi richieder\u00e0 gli importi non pagati per proprio conto e per proprio conto e potrebbe addebitare costi aggiuntivi per la domanda.<\/p>\n<p>e. I prodotti rimangono di propriet\u00e0 di CS fino al pagamento completo da parte del Cliente (riserva immobiliare).<\/p>\n<p><strong>6. <\/strong><strong>Spese di consegna e spedizione<\/strong><\/p>\n<p>a. Le merci immagazzinate vengono spedite entro 1-2 giorni lavorativi dalla ricezione dell&#8217;ordine (salvo diverso accordo). Se la merce ordinata non \u00e8 disponibile in magazzino, la merce verr\u00e0 consegnata il prima possibile. \u00a0\u00a0Tutte le informazioni sulla disponibilit\u00e0 e sui tempi di consegna sono fornite come indicazione. I ritardi nella consegna non danno al Cliente il diritto di recedere dal contratto o il diritto di pagare i danni.<\/p>\n<p>b. Se il Cliente ha debiti dovuti a CS, CS si riserva il diritto di consegnare la merce ordinata solo dopo che il Cliente ha pagato l&#8217;intero importo dei debiti dovuti.<\/p>\n<p>c. Le merci non ricevute devono essere segnalate entro 10 giorni dalla consegna (vedi articolo 3.4).<\/p>\n<p>d. Se il Cliente rifiuta di accettare i prodotti ordinati, verr\u00e0 pagabile una commissione di lavorazione forfettaria di CHF 30.- le spese aggiuntive di spedizione e imballaggio saranno pagabili per spedizione. Queste commissioni vengono calcolate separatamente e immediatamente addebitate al Cliente.<\/p>\n<p>e. Questa consegna \u00e8 considerata effettuata fino a quando i prodotti sono stati consegnati al Cliente (ad esempio per posta). Anche i profitti e i rischi vengono trasferiti al Cliente contemporaneamente.<\/p>\n<p>f. Se l&#8217;ordine include pi\u00f9 prodotti, il cliente \u00e8 tenuto ad accettare consegne parziali. Supponendo che determinati prodotti non siano pi\u00f9 disponibili, il contratto di vendita sar\u00e0 considerato obsoleto solo per i prodotti che non sono pi\u00f9 disponibili.<\/p>\n<p>g. Tutti i costi sostenuti per i pacchi non distribuibili\/restituiti saranno interamente a carico del Cliente.<\/p>\n<p>h. CS si riserva il diritto di modificare i costi di spedizione in qualsiasi momento.<\/p>\n<p><strong> 7. <\/strong><strong>Diritto di ritorno<\/strong><\/p>\n<p>a. Per motivi di igiene e sicurezza del prodotto, CS concede il diritto di restituzione solo a condizione che i prodotti siano restituiti irreparabili, integri e completi nella loro confezione originale. Il diritto di ritorno si applica fino a 10 giorni dopo la consegna (il timbro del post \u00e8 autentico). I suoi termini possono essere negoziati per i clienti B2B. Per quest&#8217;ultimo, \u00e8 richiesto un numero RMA per la restituzione della merce.<\/p>\n<p>b. In caso di reso, tutte le spese di spedizione sono a carico del Cliente.<\/p>\n<p><strong>8. <\/strong><strong>Garanzia e reclamo<\/strong><\/p>\n<p>a. CS garantisce che i prodotti spediti siano stati correttamente conservati e consegnati nella loro confezione originale entro la durata di conservazione. I clienti sono tenuti a rivedere i prodotti consegnati e a segnalare eventuali difetti immediatamente dopo la loro ricevuta. I reclami devono essere presentati immediatamente a CS e per iscritto &#8211; in caso di difetti visibili entro 5 giorni dal ricevimento, in caso di difetti non visibili immediatamente dopo il loro ritrovamento. In caso contrario, il Cliente riconosce che la consegna \u00e8 stata effettuata in conformit\u00e0 con il contratto e che la merce consegnata era in perfette condizioni. Le solite piccole deviazioni nel commercio in base alle caratteristiche del materiale non sono difetti.<\/p>\n<p>b. I prodotti difettosi possono essere restituiti dopo aver contattato CS. \u00a0CS fornisce al Cliente prodotti sostitutivi in caso di merce difettosa o stabilisce una nota di credito corrispondente dopo l&#8217;accordo, a meno che il Cliente non abbia notificato il difetto in conformit\u00e0 con le disposizioni di cui sopra. Qualsiasi altra garanzia, in particolare per quanto riguarda le propriet\u00e0 e gli effetti dei prodotti, \u00e8 esclusa nella misura consentita dalla legge. Questo vale anche per l&#8217;eventuale responsabilit\u00e0 relativa ai prodotti.<\/p>\n<p>c. CS non ha alcun obbligo di fornire una consegna sostitutiva se \u00e8 in grado di dimostrare che la responsabilit\u00e0 per il difetto segnalato non \u00e8 attribuibile ad esso, ad esempio in caso di uso non conforme del prodotto o per scopi diversi da quelli previsti o successiva modifica dei prodotti da parte del Cliente. Sono escluse le richieste di risarcimento per eventuali errori nelle immagini, nelle indicazioni di prezzo e nei testi.<\/p>\n<p>d. Le immagini del prodotto possono variare dai prodotti ordinati\/consegnati. Dopo aver aperto la confezione, i prodotti possono essere conservati in un&#8217;area asciutta per almeno 3 mesi.<\/p>\n<p><strong> 9. <\/strong><strong>Protezione dei dati<\/strong><\/p>\n<p>a. I dati personali del Cliente vengono raccolti e trattati con la massima cura ai sensi delle disposizioni di legge applicabili e in conformit\u00e0 con la dichiarazione di riservatezza. Quando ordini nel nostro negozio online o ti iscrivi alla nostra Newsletter, registriamo ed elaboriamo i tuoi dati personali, anche per l&#8217;implementazione e la gestione dei tuoi ordini o per azioni promozionali. A tal fine, CS pu\u00f2 fare appello a terzi (ad esempio vettori e fornitori di pagamenti), con particolare attenzione a garantire che i dati personali che possono essere trasmessi durante la selezione di questi ausiliari e fornitori di servizi siano, se possibile, anonimizzati ed esclusivamente trattati nell&#8217;ambito delle necessit\u00e0 del contratto e non siano trasmessi a terzi. Ulteriori informazioni, anche sugli ausiliari e sui fornitori autorizzati, sono disponibili nell&#8217;informativa sulla privacy. I clienti possono revocare l&#8217;utilizzo dei loro dati personali nel loro complesso in qualsiasi momento o per misure individuali (ad esempio per scopi pubblicitari).<\/p>\n<p>b. A seconda del fornitore di pagamenti selezionato durante il processo di ordinazione, trasmetteremo i dati di pagamento raccolti a tale scopo all&#8217;istituto di credito responsabile del pagamento e del fornitore di pagamenti da noi richiesto o al servizio di pagamento selezionato. Gli stessi fornitori di pagamenti selezionati raccolgono alcuni di questi dati, purch\u00e9 possiedi \/ crei un account con loro. In questo caso, durante il processo di ordinazione, \u00e8 necessario accedere con le informazioni di accesso con il fornitore di pagamenti. In questo caso prevalgono le dichiarazioni di riservatezza del rispettivo fornitore di pagamenti. In caso di pagamento anticipato, ad esempio sui pagamenti delle fatture, e al fine di preservare i nostri interessi fondati, conduciamo un&#8217;indagine creditizia, se necessario, sulla base di un approccio matematico e statistico a una societ\u00e0 di informazione commerciale. A tal fine, trasmettiamo i dati personali necessari per svolgere l&#8217;indagine creditizia a una societ\u00e0 di informazioni commerciali e utilizziamo le informazioni ottenute relative alla probabilit\u00e0 statistica di inadempienza al fine di prendere una decisione documentata in merito alla creazione, esecuzione o risoluzione del contratto. Su richiesta, ti forniremo i nomi delle societ\u00e0 di business intelligence che utilizziamo.<\/p>\n<p><strong>10. <\/strong><strong>Clausola di non responsabilit\u00e0<\/strong><\/p>\n<p>a. CS \u00e8 lesa solo per danni diretti derivanti da atti intenzionali o negligenza grave da parte di Qualsiasi responsabilit\u00e0 per danni diretti causati da un difetto minore, indipendentemente dalla legge applicata, \u00e8 esplicitamente esclusa, fatte salve le disposizioni di legge obbligatorie. Qualsiasi responsabilit\u00e0 di CS per danni indiretti o consequenziali, indipendentemente dalla legge applicata, \u00e8 esplicitamente esclusa. Esclusa anche qualsiasi responsabilit\u00e0 per gli ausiliari a cui sar\u00e0 eventualmente chiamata, per problemi tecnici e disturbi del negozio online, nonch\u00e9 per danni ai dispositivi e al software dell&#8217;utente.<\/p>\n<p>b. CS prende tutte le precauzioni necessarie per garantire che il contenuto del negozio online sia completo e corretto. Tuttavia, CS non pu\u00f2 assumere alcuna garanzia in materia di accuratezza e affidabilit\u00e0 dei dati. Sono altres\u00ec esclusi, nell&#8217;ambito del punto 10.a., i crediti di responsabilit\u00e0 nei confronti di CS relativi a danni materiali e immateriali a seguito di informazioni errate e incomplete.<\/p>\n<p><strong>11. <\/strong><strong>Vari<\/strong><\/p>\n<p>a. Si applica la versione pi\u00f9 recente delle Condizioni di vendita e dell&#8217;Informativa sulla privacy.<\/p>\n<p>b. Tutte le relazioni legali tra CS e il Cliente sono soggette al diritto svizzero ad esclusione della Convenzione delle Nazioni Unite sui contratti internazionali di merci (ICSG). Per qualsiasi controversia, il foro legale esclusivo \u00e8 Aigle.<\/p>\n<p>c. Tutti i diritti di propriet\u00e0 intellettuale contenuti ed elencati sul sito www. cellularswiss.ch, ad esempio nomi e disegni dei prodotti, sono di propriet\u00e0 di CS o produttori di prodotti. Qualsiasi uso al di fuori dell&#8217;uso personale consentito dalla legge \u00e8 vietato, a meno che CS non abbia espressamente accettato per iscritto di farlo. In caso di infrazione, CS si riserva il diritto di intraprendere le azioni legali appropriate.<\/p>\n<p>d. Se una o pi\u00f9 di queste disposizioni si rivelasse o diventasse obsoleta, la validit\u00e0 delle altre disposizioni rimarrebbe invariata. La disposizione scaduta dovr\u00e0 quindi essere sostituita da una disposizione valida per raggiungere al meglio l&#8217;obiettivo economico.<\/p>\n<p>e. CGV CS SA, versione aprile 2018<\/p>\n<p>[\/et_pb_text][\/et_pb_column][\/et_pb_row][\/et_pb_section]<\/p>\n","protected":false},"excerpt":{"rendered":"<p>CELLULAR LINECondizioni generali di vendita&nbsp;1.Generale a. Questi termini e condizioni di vendita da parte di Cellular Swiss SA (CS) regolano l&#8217;utilizzo del sito web www. ch (&#8220;negozio online&#8221;) e il rapporto contrattuale tra il Cliente (&#8220;Cliente&#8221;, &#8220;Tu&#8221;) e CS per tutti i contratti conclusi sul negozio online. Su ogni ordine, il Cliente accetta espressamente questi [&hellip;]<\/p>\n","protected":false},"author":1,"featured_media":0,"parent":0,"menu_order":0,"comment_status":"closed","ping_status":"closed","template":"","meta":{"_et_pb_use_builder":"on","_et_pb_old_content":"","_et_gb_content_width":""},"_links":{"self":[{"href":"https:\/\/stage.shop-cellularswiss.ch\/it\/wp-json\/wp\/v2\/pages\/32671"}],"collection":[{"href":"https:\/\/stage.shop-cellularswiss.ch\/it\/wp-json\/wp\/v2\/pages"}],"about":[{"href":"https:\/\/stage.shop-cellularswiss.ch\/it\/wp-json\/wp\/v2\/types\/page"}],"author":[{"embeddable":true,"href":"https:\/\/stage.shop-cellularswiss.ch\/it\/wp-json\/wp\/v2\/users\/1"}],"replies":[{"embeddable":true,"href":"https:\/\/stage.shop-cellularswiss.ch\/it\/wp-json\/wp\/v2\/comments?post=32671"}],"version-history":[{"count":2,"href":"https:\/\/stage.shop-cellularswiss.ch\/it\/wp-json\/wp\/v2\/pages\/32671\/revisions"}],"predecessor-version":[{"id":32673,"href":"https:\/\/stage.shop-cellularswiss.ch\/it\/wp-json\/wp\/v2\/pages\/32671\/revisions\/32673"}],"wp:attachment":[{"href":"https:\/\/stage.shop-cellularswiss.ch\/it\/wp-json\/wp\/v2\/media?parent=32671"}],"curies":[{"name":"wp","href":"https:\/\/api.w.org\/{rel}","templated":true}]}}