
{"id":44180,"date":"2021-03-03T12:55:04","date_gmt":"2021-03-03T11:55:04","guid":{"rendered":"https:\/\/stage.shop-cellularswiss.ch\/quality-dna\/"},"modified":"2021-03-03T12:59:11","modified_gmt":"2021-03-03T11:59:11","slug":"quality-dna","status":"publish","type":"page","link":"https:\/\/stage.shop-cellularswiss.ch\/it\/quality-dna\/","title":{"rendered":"Quality DNA"},"content":{"rendered":"<p>[et_pb_section fb_built=&#8221;1&#8243; admin_label=&#8221;Hero&#8221; _builder_version=&#8221;4.8.1&#8243; background_enable_color=&#8221;off&#8221; use_background_color_gradient=&#8221;on&#8221; background_color_gradient_start=&#8221;rgba(0,46,79,0.67)&#8221; background_color_gradient_end=&#8221;rgba(8,70,102,0.51)&#8221; background_color_gradient_direction=&#8221;170deg&#8221; background_color_gradient_start_position=&#8221;1%&#8221; background_color_gradient_overlays_image=&#8221;on&#8221; background_image=&#8221;https:\/\/stage.shop-cellularswiss.ch\/wp-content\/uploads\/2021\/01\/cellularline-quality-dna-compress-e1610364417282.jpg&#8221; min_height=&#8221;329.2px&#8221; custom_margin=&#8221;||2px|||&#8221; custom_padding=&#8221;93px||148px|||&#8221;][et_pb_row _builder_version=&#8221;4.8.1&#8243; background_size=&#8221;initial&#8221; background_position=&#8221;top_left&#8221; background_repeat=&#8221;repeat&#8221; custom_margin=&#8221;76px|auto|-101px|auto||&#8221; custom_padding=&#8221;57px|0px|157px|0px|false|false&#8221;][et_pb_column type=&#8221;4_4&#8243; _builder_version=&#8221;3.25&#8243; custom_padding=&#8221;|||&#8221; custom_padding__hover=&#8221;|||&#8221;][et_pb_text _builder_version=&#8221;4.8.1&#8243; text_font=&#8221;||||||||&#8221; text_font_size=&#8221;20px&#8221; text_line_height=&#8221;1.8em&#8221; header_font=&#8221;Montserrat|800|||||||&#8221; header_font_size=&#8221;60px&#8221; header_line_height=&#8221;1.3em&#8221; header_2_font=&#8221;Montserrat|800|||||||&#8221; header_2_font_size=&#8221;60px&#8221; header_2_line_height=&#8221;1.3em&#8221; header_4_font=&#8221;Montserrat||||||||&#8221; header_4_font_size=&#8221;20px&#8221; background_size=&#8221;initial&#8221; background_position=&#8221;top_left&#8221; background_repeat=&#8221;repeat&#8221; background_layout=&#8221;dark&#8221; max_width=&#8221;600px&#8221; custom_margin=&#8221;|||&#8221; custom_margin_tablet=&#8221;|100px||&#8221; custom_margin_phone=&#8221;|30px||&#8221; custom_margin_last_edited=&#8221;off|desktop&#8221; header_font_size_tablet=&#8221;50px&#8221; header_font_size_phone=&#8221;40px&#8221; header_font_size_last_edited=&#8221;on|phone&#8221; header_line_height_tablet=&#8221;&#8221; header_line_height_phone=&#8221;&#8221; header_line_height_last_edited=&#8221;on|desktop&#8221;]<\/p>\n<h4>Quality DNA<\/h4>\n<h2>E la nostra miglior forma d&#8217;espressione<\/h2>\n<p>[\/et_pb_text][\/et_pb_column][\/et_pb_row][\/et_pb_section][et_pb_section fb_built=&#8221;1&#8243; admin_label=&#8221;About&#8221; _builder_version=&#8221;4.7.0&#8243; use_background_color_gradient=&#8221;on&#8221; background_color_gradient_start=&#8221;rgba(255,255,255,0)&#8221; background_color_gradient_end=&#8221;#ffffff&#8221; background_color_gradient_direction=&#8221;90deg&#8221; background_color_gradient_end_position=&#8221;50%&#8221; background_color_gradient_overlays_image=&#8221;on&#8221; background_image=&#8221;https:\/\/stage.shop-cellularswiss.ch\/wp-content\/uploads\/2021\/01\/cellular-quality-adn-about-cropped.jpg&#8221; background_position=&#8221;center_left&#8221;][et_pb_row column_structure=&#8221;1_2,1_2&#8243; _builder_version=&#8221;3.25&#8243;][et_pb_column type=&#8221;1_2&#8243; _builder_version=&#8221;3.25&#8243; custom_padding=&#8221;|||&#8221; custom_padding__hover=&#8221;|||&#8221;][\/et_pb_column][et_pb_column type=&#8221;1_2&#8243; _builder_version=&#8221;3.25&#8243; custom_padding=&#8221;|||&#8221; custom_padding__hover=&#8221;|||&#8221;][et_pb_text _builder_version=&#8221;4.8.1&#8243; text_font=&#8221;Roboto||||||||&#8221; text_font_size=&#8221;16px&#8221; text_line_height=&#8221;1.8em&#8221; link_font=&#8221;Montserrat|700|||||||&#8221; link_text_color=&#8221;#fa546d&#8221; link_font_size=&#8221;22px&#8221; link_line_height=&#8221;1.5em&#8221; header_font=&#8221;Roboto||||||||&#8221; header_2_font=&#8221;Roboto|700||||on|||&#8221; header_2_font_size=&#8221;40px&#8221; header_2_line_height=&#8221;1.4em&#8221; header_6_font=&#8221;Roboto|600||on|||||&#8221; header_6_text_color=&#8221;#0C71C3&#8243; header_6_font_size=&#8221;16px&#8221; header_6_letter_spacing=&#8221;2px&#8221; header_6_line_height=&#8221;1.5em&#8221; max_width_last_edited=&#8221;off|desktop&#8221; module_alignment=&#8221;left&#8221; custom_margin=&#8221;|||&#8221; custom_padding=&#8221;|||&#8221; header_2_font_size_tablet=&#8221;&#8221; header_2_font_size_phone=&#8221;24px&#8221; header_2_font_size_last_edited=&#8221;on|phone&#8221;]<\/p>\n<h6>Quality DNA<\/h6>\n<h2>La qualit\u00e0 \u00e8 nel nostro DNA.<\/h2>\n<p>La passione, la seriet\u00e0 e il piacere per quello che facciamo sono impressi nel nostro DNA, il carattere distintivo che rende Cellularline davvero differente e unica.<\/p>\n<p>[\/et_pb_text][et_pb_text _builder_version=&#8221;4.7.0&#8243; _module_preset=&#8221;default&#8221;]<\/p>\n<h3>Funzionalit\u00e0, affidabilit\u00e0, sicurezza e trasparenza<\/h3>\n<p>rendono i nostri prodotti originali, riconoscibili e diversi dagli altri.\n<\/p>\n<p>[\/et_pb_text][et_pb_text _builder_version=&#8221;4.7.0&#8243; _module_preset=&#8221;default&#8221;]<\/p>\n<h3>Funzionalit\u00e0<\/h3>\n<p>I nostri prodotti semplificano e allo stesso tempo potenziano l\u2019utilizzo quotidiano dello smartphone. Le persone e le loro abitudini definiscono design, caratteristiche e dettagli nei nostri accessori ed \u00e8 per questo che ci impegniamo al massimo per renderli funzionali, pratici e piacevoli da usare.<\/p>\n<p>[\/et_pb_text][et_pb_text _builder_version=&#8221;4.7.0&#8243; _module_preset=&#8221;default&#8221;]<\/p>\n<h3>Affidabilit\u00e0<\/h3>\n<p>La scelta dei materiali, la cura nella lavorazione e la ricercatezza nelle finiture, sono gli ingredienti fondamentali che rendono i nostri accessori utili e duraturi. Ogni smartphone \u00e8 unico e complesso. La nostra conoscenza di ogni sua caratteristica e del suo design, ci permette di realizzare accessori su misura e dedicati.<\/p>\n<p>[\/et_pb_text][et_pb_text _builder_version=&#8221;4.7.0&#8243; _module_preset=&#8221;default&#8221;]<\/p>\n<h3>Sicurezza<\/h3>\n<p>Ogni prodotto \u00e8 creato per prendersi cura degli smartphone e dei loro utilizzatori mantenendo sempre gli standard pi\u00f9 elevati. Rigide verifiche garantiscono le performance e la sicurezza dei nostri accessori.\n<\/p>\n<p>[\/et_pb_text][et_pb_text _builder_version=&#8221;4.7.0&#8243; _module_preset=&#8221;default&#8221;]<\/p>\n<h3>Trasparenza<\/h3>\n<p>Sul web, nelle confezioni e sulle istruzioni, diciamo sempre tutto, chiaramente, con competenza e seriet\u00e0, senza vantare caratteristiche che non possiamo concretamente garantire.\n<\/p>\n<p>[\/et_pb_text][\/et_pb_column][\/et_pb_row][\/et_pb_section][et_pb_section fb_built=&#8221;1&#8243; _builder_version=&#8221;4.7.0&#8243; _module_preset=&#8221;default&#8221;][et_pb_row _builder_version=&#8221;4.7.0&#8243; _module_preset=&#8221;default&#8221;][et_pb_column type=&#8221;4_4&#8243; _builder_version=&#8221;4.7.0&#8243; _module_preset=&#8221;default&#8221;][et_pb_video src=&#8221;https:\/\/www.youtube.com\/watch?v=YRJUADKGPUI&#038;feature=emb_title&#8221; _builder_version=&#8221;4.7.0&#8243; _module_preset=&#8221;default&#8221;][\/et_pb_video][\/et_pb_column][\/et_pb_row][\/et_pb_section][et_pb_section fb_built=&#8221;1&#8243; _builder_version=&#8221;4.7.0&#8243; background_color=&#8221;#f4f4f4&#8243; custom_padding=&#8221;|||&#8221;][et_pb_row column_structure=&#8221;1_3,2_3&#8243; _builder_version=&#8221;3.25&#8243;][et_pb_column type=&#8221;1_3&#8243; _builder_version=&#8221;3.25&#8243; custom_padding=&#8221;30px|||&#8221; custom_padding_tablet=&#8221;0px|||&#8221; custom_padding_phone=&#8221;&#8221; custom_padding_last_edited=&#8221;on|tablet&#8221; padding_tablet=&#8221;0px|||&#8221; padding_last_edited=&#8221;on|tablet&#8221; custom_padding__hover=&#8221;|||&#8221;][et_pb_text _builder_version=&#8221;4.8.1&#8243; text_font=&#8221;Roboto||||||||&#8221; text_font_size=&#8221;16px&#8221; text_line_height=&#8221;1.8em&#8221; link_font=&#8221;Montserrat|700|||||||&#8221; link_text_color=&#8221;#fa546d&#8221; link_font_size=&#8221;22px&#8221; link_line_height=&#8221;1.5em&#8221; header_font=&#8221;Roboto||||||||&#8221; header_2_font=&#8221;Montserrat|700||||on|||&#8221; header_2_font_size=&#8221;40px&#8221; header_2_line_height=&#8221;1.4em&#8221; header_6_font=&#8221;Roboto|600||on|||||&#8221; header_6_text_color=&#8221;#E40238&#8243; header_6_font_size=&#8221;16px&#8221; header_6_letter_spacing=&#8221;2px&#8221; header_6_line_height=&#8221;1.5em&#8221; max_width_last_edited=&#8221;off|desktop&#8221; module_alignment=&#8221;left&#8221; custom_margin=&#8221;|||&#8221; custom_padding=&#8221;|||&#8221; header_2_font_size_tablet=&#8221;&#8221; header_2_font_size_phone=&#8221;24px&#8221; header_2_font_size_last_edited=&#8221;on|phone&#8221;]<\/p>\n<h6>Quality DNA<\/h6>\n<h2>Protezione &#038; stile<\/h2>\n<p>[\/et_pb_text][et_pb_text _builder_version=&#8221;4.7.0&#8243; _module_preset=&#8221;default&#8221;]<\/p>\n<p><span>\u00c8 nella nostra natura: tendiamo sempre a proteggere ci\u00f2 a cui teniamo.<\/span><\/p>\n<p><span>A tutti \u00e8 capitato di fare cadere il proprio smartphone e di rischiarne la rottura.<br \/>\n<\/span><\/p>\n<p><span>Cellularline questo lo sa bene e ha pensato a una gamma di vetri e custodie, in grado di proteggerlo al meglio senza alterarne funzionalit\u00e0 ed ergonomicit\u00e0.<\/span><\/p>\n<p>[\/et_pb_text][\/et_pb_column][et_pb_column type=&#8221;2_3&#8243; _builder_version=&#8221;3.25&#8243; custom_padding=&#8221;|||&#8221; custom_padding__hover=&#8221;|||&#8221;][et_pb_image src=&#8221;https:\/\/stage.shop-cellularswiss.ch\/wp-content\/uploads\/2021\/01\/cellular-protectionstyle-dna.jpg&#8221; title_text=&#8221;cellular-protectionstyle-dna&#8221; _builder_version=&#8221;4.7.0&#8243; _module_preset=&#8221;default&#8221;][\/et_pb_image][\/et_pb_column][\/et_pb_row][et_pb_row column_structure=&#8221;2_3,1_3&#8243; _builder_version=&#8221;3.25&#8243;][et_pb_column type=&#8221;2_3&#8243; _builder_version=&#8221;3.25&#8243; custom_padding=&#8221;30px|||&#8221; custom_padding_tablet=&#8221;0px|||&#8221; custom_padding_phone=&#8221;&#8221; custom_padding_last_edited=&#8221;on|tablet&#8221; padding_tablet=&#8221;0px|||&#8221; padding_last_edited=&#8221;on|tablet&#8221; custom_padding__hover=&#8221;|||&#8221;][et_pb_image src=&#8221;https:\/\/stage.shop-cellularswiss.ch\/wp-content\/uploads\/2021\/01\/cellular-dna-chargesutilites.jpg&#8221; title_text=&#8221;cellular-dna-chargesutilites&#8221; _builder_version=&#8221;4.7.0&#8243; _module_preset=&#8221;default&#8221;][\/et_pb_image][\/et_pb_column][et_pb_column type=&#8221;1_3&#8243; _builder_version=&#8221;3.25&#8243; custom_padding=&#8221;|||&#8221; custom_padding__hover=&#8221;|||&#8221;][et_pb_text _builder_version=&#8221;4.7.0&#8243; text_font=&#8221;Roboto||||||||&#8221; text_font_size=&#8221;16px&#8221; text_line_height=&#8221;1.8em&#8221; link_font=&#8221;Montserrat|700|||||||&#8221; link_text_color=&#8221;#fa546d&#8221; link_font_size=&#8221;22px&#8221; link_line_height=&#8221;1.5em&#8221; header_font=&#8221;Roboto||||||||&#8221; header_2_font=&#8221;Montserrat|700||||on|||&#8221; header_2_font_size=&#8221;40px&#8221; header_2_line_height=&#8221;1.4em&#8221; header_6_font=&#8221;Roboto|600||on|||||&#8221; header_6_text_color=&#8221;#E40238&#8243; header_6_font_size=&#8221;16px&#8221; header_6_letter_spacing=&#8221;2px&#8221; header_6_line_height=&#8221;1.5em&#8221; max_width_last_edited=&#8221;off|desktop&#8221; module_alignment=&#8221;left&#8221; custom_margin=&#8221;|||&#8221; custom_padding=&#8221;|||&#8221; header_2_font_size_tablet=&#8221;&#8221; header_2_font_size_phone=&#8221;24px&#8221; header_2_font_size_last_edited=&#8221;on|phone&#8221;]<\/p>\n<h6>Quality DNA<\/h6>\n<h2>Ricarica &#038; utilita\u2019<\/h2>\n<p>[\/et_pb_text][et_pb_text _builder_version=&#8221;4.7.0&#8243; _module_preset=&#8221;default&#8221;]<\/p>\n<p><span>Lo smartphone \u00e8 uno strumento indispensabile che deve essere sempre pronto e a portata di mano.<\/span><\/p>\n<p><span>A tutti sar\u00e0 successo di averlo scarico nel momento di scattare una foto ricordo, o all\u2019invio di un\u2019importante mail di lavoro.<\/span><\/p>\n<p><span>Per questo Cellularline \u00e8 sempre al tuo fianco con la gamma di caricabatterie, accessori da auto e cavi pi\u00f9 completa, affidabile e performante.<\/span><\/p>\n<p>[\/et_pb_text][\/et_pb_column][\/et_pb_row][et_pb_row column_structure=&#8221;1_3,2_3&#8243; _builder_version=&#8221;3.25&#8243;][et_pb_column type=&#8221;1_3&#8243; _builder_version=&#8221;3.25&#8243; custom_padding=&#8221;30px|||&#8221; custom_padding_tablet=&#8221;0px|||&#8221; custom_padding_phone=&#8221;&#8221; custom_padding_last_edited=&#8221;on|tablet&#8221; padding_tablet=&#8221;0px|||&#8221; padding_last_edited=&#8221;on|tablet&#8221; custom_padding__hover=&#8221;|||&#8221;][et_pb_text _builder_version=&#8221;4.7.0&#8243; text_font=&#8221;Roboto||||||||&#8221; text_font_size=&#8221;16px&#8221; text_line_height=&#8221;1.8em&#8221; link_font=&#8221;Montserrat|700|||||||&#8221; link_text_color=&#8221;#fa546d&#8221; link_font_size=&#8221;22px&#8221; link_line_height=&#8221;1.5em&#8221; header_font=&#8221;Roboto||||||||&#8221; header_2_font=&#8221;Montserrat|700||||on|||&#8221; header_2_font_size=&#8221;40px&#8221; header_2_line_height=&#8221;1.4em&#8221; header_6_font=&#8221;Roboto|600||on|||||&#8221; header_6_text_color=&#8221;#E40238&#8243; header_6_font_size=&#8221;16px&#8221; header_6_letter_spacing=&#8221;2px&#8221; header_6_line_height=&#8221;1.5em&#8221; max_width_last_edited=&#8221;off|desktop&#8221; module_alignment=&#8221;left&#8221; custom_margin=&#8221;|||&#8221; custom_padding=&#8221;|||&#8221; header_2_font_size_tablet=&#8221;&#8221; header_2_font_size_phone=&#8221;24px&#8221; header_2_font_size_last_edited=&#8221;on|phone&#8221;]<\/p>\n<h6>Quality DNA<\/h6>\n<h2>Voce &#038; sport<\/h2>\n<p>[\/et_pb_text][et_pb_text _builder_version=&#8221;4.7.0&#8243; _module_preset=&#8221;default&#8221;]<\/p>\n<p><span>La musica e il movimento sono parti essenziali della nostra vita.<\/span><\/p>\n<p><span>Per noi \u00e8 importante darti accessori di qualit\u00e0, per farti vivere un\u2019esperienza unica ogni giorno.<br \/>\n<\/span><\/p>\n<p><span>Che sia fare sport, ascoltare i tuoi brani preferiti o entrambe le cose assieme.<\/span><\/p>\n<p>[\/et_pb_text][\/et_pb_column][et_pb_column type=&#8221;2_3&#8243; _builder_version=&#8221;3.25&#8243; custom_padding=&#8221;|||&#8221; custom_padding__hover=&#8221;|||&#8221;][et_pb_image src=&#8221;https:\/\/stage.shop-cellularswiss.ch\/wp-content\/uploads\/2021\/01\/cellular-dna-voixetsport.jpg&#8221; title_text=&#8221;cellular-dna-voixetsport&#8221; _builder_version=&#8221;4.7.0&#8243; _module_preset=&#8221;default&#8221;][\/et_pb_image][\/et_pb_column][\/et_pb_row][\/et_pb_section][et_pb_section fb_built=&#8221;1&#8243; admin_label=&#8221;Trusted By&#8221; _builder_version=&#8221;4.8.1&#8243; background_color=&#8221;#0C71C3&#8243; module_alignment=&#8221;right&#8221; custom_padding=&#8221;100px|0px|100px|0px|true|false&#8221;][et_pb_row column_structure=&#8221;2_3,1_3&#8243; _builder_version=&#8221;4.7.0&#8243;][et_pb_column type=&#8221;2_3&#8243; _builder_version=&#8221;3.25&#8243; custom_padding=&#8221;|||&#8221; custom_padding__hover=&#8221;|||&#8221;][et_pb_text _builder_version=&#8221;4.7.0&#8243; text_font=&#8221;Montserrat||||||||&#8221; text_font_size=&#8221;16px&#8221; text_line_height=&#8221;1.8em&#8221; header_font=&#8221;||||||||&#8221; header_2_font=&#8221;Montserrat|700||||on|||&#8221; header_2_font_size=&#8221;40px&#8221; header_2_line_height=&#8221;1.4em&#8221; header_6_font=&#8221;Montserrat|600||on|||||&#8221; header_6_font_size=&#8221;16px&#8221; header_6_letter_spacing=&#8221;2px&#8221; header_6_line_height=&#8221;1.5em&#8221; background_layout=&#8221;dark&#8221; custom_margin=&#8221;|||&#8221; header_2_font_size_tablet=&#8221;&#8221; header_2_font_size_phone=&#8221;24px&#8221; header_2_font_size_last_edited=&#8221;on|phone&#8221;]<\/p>\n<h6>Certificazione<\/h6>\n<h2>Certificazione aziendale ISO 9001:2015<br \/>\n<\/h2>\n<p>Le procedure e le attivit\u00e0 aziendali di Cellularline S.p.A., sono attestate dalla certificazione UNI EN ISO 9001:2015, con campo di applicazione:<br \/>\n\u201cDesign, gestione della progettazione, commercializzazione a proprio marchio ed assistenza post vendita di accessori per la telefonia mobile e multimediale.\u201d[\/et_pb_text][\/et_pb_column][et_pb_column type=&#8221;1_3&#8243; _builder_version=&#8221;3.25&#8243; custom_padding=&#8221;|||&#8221; custom_padding__hover=&#8221;|||&#8221;][et_pb_image src=&#8221;https:\/\/stage.shop-cellularswiss.ch\/wp-content\/uploads\/2021\/01\/cellular-dna-certificat.jpg&#8221; title_text=&#8221;cellular-dna-certificat&#8221; align_tablet=&#8221;center&#8221; align_phone=&#8221;&#8221; align_last_edited=&#8221;on|desktop&#8221; _builder_version=&#8221;4.7.0&#8243; custom_margin=&#8221;||||false|false&#8221; custom_padding=&#8221;80px|||80px|false|false&#8221; locked=&#8221;off&#8221;][\/et_pb_image][\/et_pb_column][\/et_pb_row][\/et_pb_section]<\/p>\n","protected":false},"excerpt":{"rendered":"<p>Quality DNA E la nostra miglior forma d&#8217;espressioneQuality DNA La qualit\u00e0 \u00e8 nel nostro DNA. La passione, la seriet\u00e0 e il piacere per quello che facciamo sono impressi nel nostro DNA, il carattere distintivo che rende Cellularline davvero differente e unica.Funzionalit\u00e0, affidabilit\u00e0, sicurezza e trasparenza rendono i nostri prodotti originali, riconoscibili e diversi dagli altri. [&hellip;]<\/p>\n","protected":false},"author":1,"featured_media":0,"parent":0,"menu_order":0,"comment_status":"closed","ping_status":"closed","template":"","meta":{"_et_pb_use_builder":"on","_et_pb_old_content":"","_et_gb_content_width":""},"_links":{"self":[{"href":"https:\/\/stage.shop-cellularswiss.ch\/it\/wp-json\/wp\/v2\/pages\/44180"}],"collection":[{"href":"https:\/\/stage.shop-cellularswiss.ch\/it\/wp-json\/wp\/v2\/pages"}],"about":[{"href":"https:\/\/stage.shop-cellularswiss.ch\/it\/wp-json\/wp\/v2\/types\/page"}],"author":[{"embeddable":true,"href":"https:\/\/stage.shop-cellularswiss.ch\/it\/wp-json\/wp\/v2\/users\/1"}],"replies":[{"embeddable":true,"href":"https:\/\/stage.shop-cellularswiss.ch\/it\/wp-json\/wp\/v2\/comments?post=44180"}],"version-history":[{"count":5,"href":"https:\/\/stage.shop-cellularswiss.ch\/it\/wp-json\/wp\/v2\/pages\/44180\/revisions"}],"predecessor-version":[{"id":44185,"href":"https:\/\/stage.shop-cellularswiss.ch\/it\/wp-json\/wp\/v2\/pages\/44180\/revisions\/44185"}],"wp:attachment":[{"href":"https:\/\/stage.shop-cellularswiss.ch\/it\/wp-json\/wp\/v2\/media?parent=44180"}],"curies":[{"name":"wp","href":"https:\/\/api.w.org\/{rel}","templated":true}]}}