
{"id":50231,"date":"2021-03-20T10:59:46","date_gmt":"2021-03-20T11:01:18","guid":{"rendered":"https:\/\/stage.shop-cellularswiss.ch\/produit\/aux-music-connection-cable-universale-jack-3-5mm\/"},"modified":"2021-03-20T12:01:21","modified_gmt":"2021-03-20T11:01:21","slug":"aux-music-connection-cable-universale-jack-3-5mm","status":"publish","type":"product","link":"https:\/\/stage.shop-cellularswiss.ch\/it\/produit\/aux-music-connection-cable-universale-jack-3-5mm\/","title":{"rendered":"Aux Music Connection Cable &#8211; Universale Jack 3.5mm"},"content":{"rendered":"<p>Il cavo Aux per connettere lo smartphone all\u2019 autoradio con rivestimento telato antistrappo e il passacavo in metallo. Aux Music Cable Pro \u00e8 la soluzione pi\u00f9 resistente per un collegamento audio di qualit\u00e0.<\/p>\n","protected":false},"excerpt":{"rendered":"<p>Universal Jack 3.5mm<\/p>\n","protected":false},"featured_media":54799,"comment_status":"closed","ping_status":"closed","template":"","meta":{"_et_pb_use_builder":"","_et_pb_old_content":"","_et_gb_content_width":""},"pwb-brand":[],"product_cat":[646,642],"product_tag":[],"compatibilite":[],"compatibilite_smartphone":[4366,4369,4384,4363,4370,4354,4365,4375,4376,4355,4383,4357,4368,4373,4381,4382,4361,4450,4378,4356,4359,4377,4364,4379,4353,4374,4372,4362,4448,4371,4367,4385,4388,4386,4389,4387,4402,4413,4396,4406,4414,4405,4408,4394,4403,4407,4404,4410,4395,4409,4399,4398,4401,4400,4393,4412,4397,4416,4411,4392,4391],"brands":[],"_links":{"self":[{"href":"https:\/\/stage.shop-cellularswiss.ch\/it\/wp-json\/wp\/v2\/product\/50231"}],"collection":[{"href":"https:\/\/stage.shop-cellularswiss.ch\/it\/wp-json\/wp\/v2\/product"}],"about":[{"href":"https:\/\/stage.shop-cellularswiss.ch\/it\/wp-json\/wp\/v2\/types\/product"}],"replies":[{"embeddable":true,"href":"https:\/\/stage.shop-cellularswiss.ch\/it\/wp-json\/wp\/v2\/comments?post=50231"}],"wp:featuredmedia":[{"embeddable":true,"href":"https:\/\/stage.shop-cellularswiss.ch\/it\/wp-json\/wp\/v2\/media\/54799"}],"wp:attachment":[{"href":"https:\/\/stage.shop-cellularswiss.ch\/it\/wp-json\/wp\/v2\/media?parent=50231"}],"wp:term":[{"taxonomy":"pwb-brand","embeddable":true,"href":"https:\/\/stage.shop-cellularswiss.ch\/it\/wp-json\/wp\/v2\/pwb-brand?post=50231"},{"taxonomy":"product_cat","embeddable":true,"href":"https:\/\/stage.shop-cellularswiss.ch\/it\/wp-json\/wp\/v2\/product_cat?post=50231"},{"taxonomy":"product_tag","embeddable":true,"href":"https:\/\/stage.shop-cellularswiss.ch\/it\/wp-json\/wp\/v2\/product_tag?post=50231"},{"taxonomy":"compatibilite","embeddable":true,"href":"https:\/\/stage.shop-cellularswiss.ch\/it\/wp-json\/wp\/v2\/compatibilite?post=50231"},{"taxonomy":"compatibilite_smartphone","embeddable":true,"href":"https:\/\/stage.shop-cellularswiss.ch\/it\/wp-json\/wp\/v2\/compatibilite_smartphone?post=50231"}],"curies":[{"name":"wp","href":"https:\/\/api.w.org\/{rel}","templated":true}]}}