
{"id":50233,"date":"2021-03-20T12:01:22","date_gmt":"2021-03-20T11:01:22","guid":{"rendered":"https:\/\/stage.shop-cellularswiss.ch\/produit\/balance-kit-airpods-12\/"},"modified":"2021-03-20T12:01:26","modified_gmt":"2021-03-20T11:01:26","slug":"balance-kit-airpods-12","status":"publish","type":"product","link":"https:\/\/stage.shop-cellularswiss.ch\/it\/produit\/balance-kit-airpods-12\/","title":{"rendered":"Balance Kit &#8211; AirPods 1&#038;2"},"content":{"rendered":"<p>Balance Kit \u00e8 il Kit di accessori per AirPods di prima e seconda generazione pensato per coloro che manifestano problemi di portabilit\u00e0 degli auricolari. Il Kit comprende: un archetto bianco in TPU, ideale per chi fa sport per garantire una presa pi\u00f9 salda degli auricolari quando si \u00e8 in movimento; due paia di copri-auricolari bianchi in silicone con funzione anti-scivolo, per consentire una vestibilit\u00e0 pi\u00f9 sicura e confortevole; due paia di copri-auricolari bianchi in silicone con la finalit\u00e0 di convertire gli auricolari da capsula a in-ear.<\/p>\n","protected":false},"excerpt":{"rendered":"<p>Kit accessori per AirPods: archetti e copri auricolari<\/p>\n","protected":false},"featured_media":35467,"comment_status":"closed","ping_status":"open","template":"","meta":{"_et_pb_use_builder":"","_et_pb_old_content":"","_et_gb_content_width":""},"pwb-brand":[],"product_cat":[545,541],"product_tag":[],"compatibilite":[],"compatibilite_smartphone":[4454],"brands":[],"_links":{"self":[{"href":"https:\/\/stage.shop-cellularswiss.ch\/it\/wp-json\/wp\/v2\/product\/50233"}],"collection":[{"href":"https:\/\/stage.shop-cellularswiss.ch\/it\/wp-json\/wp\/v2\/product"}],"about":[{"href":"https:\/\/stage.shop-cellularswiss.ch\/it\/wp-json\/wp\/v2\/types\/product"}],"replies":[{"embeddable":true,"href":"https:\/\/stage.shop-cellularswiss.ch\/it\/wp-json\/wp\/v2\/comments?post=50233"}],"wp:featuredmedia":[{"embeddable":true,"href":"https:\/\/stage.shop-cellularswiss.ch\/it\/wp-json\/wp\/v2\/media\/35467"}],"wp:attachment":[{"href":"https:\/\/stage.shop-cellularswiss.ch\/it\/wp-json\/wp\/v2\/media?parent=50233"}],"wp:term":[{"taxonomy":"pwb-brand","embeddable":true,"href":"https:\/\/stage.shop-cellularswiss.ch\/it\/wp-json\/wp\/v2\/pwb-brand?post=50233"},{"taxonomy":"product_cat","embeddable":true,"href":"https:\/\/stage.shop-cellularswiss.ch\/it\/wp-json\/wp\/v2\/product_cat?post=50233"},{"taxonomy":"product_tag","embeddable":true,"href":"https:\/\/stage.shop-cellularswiss.ch\/it\/wp-json\/wp\/v2\/product_tag?post=50233"},{"taxonomy":"compatibilite","embeddable":true,"href":"https:\/\/stage.shop-cellularswiss.ch\/it\/wp-json\/wp\/v2\/compatibilite?post=50233"},{"taxonomy":"compatibilite_smartphone","embeddable":true,"href":"https:\/\/stage.shop-cellularswiss.ch\/it\/wp-json\/wp\/v2\/compatibilite_smartphone?post=50233"}],"curies":[{"name":"wp","href":"https:\/\/api.w.org\/{rel}","templated":true}]}}