
{"id":50338,"date":"2021-03-20T12:05:27","date_gmt":"2021-03-20T11:05:27","guid":{"rendered":"https:\/\/stage.shop-cellularswiss.ch\/produit\/car-multipower-2-iphone-samsung-huawei-and-other-smartphones-and-tablets\/"},"modified":"2021-03-20T12:05:30","modified_gmt":"2021-03-20T11:05:30","slug":"car-multipower-2-iphone-samsung-huawei-and-other-smartphones-and-tablets","status":"publish","type":"product","link":"https:\/\/stage.shop-cellularswiss.ch\/it\/produit\/car-multipower-2-iphone-samsung-huawei-and-other-smartphones-and-tablets\/","title":{"rendered":"Car Multipower 2 &#8211; iPhone, Samsung, Huawei and other Smartphones and Tablets"},"content":{"rendered":"<p>CAR MULTIPOWER 2 \u00e8 il caricabatterie da auto multiporta pensato per chi ha esigenza di caricare pi\u00f9 dispositivi nello stesso momento. \u00c8 la soluzione ideale per mantenere i tuoi dispositivi e quelli degli altri passeggeri carichi e pronti all&#8217;uso durante i viaggi in auto. Grazie alle 2 porte USB consente di caricare contemporaneamente fino a 2 dispositivi.Dotato dell&#8217;innovativa tecnologia Smartphone Detect, Car Multipower 2 riconosce i device collegati ed eroga la carica corretta in tutta sicurezza.Le due porte supportano fino a 12W ciascuna, per un totale di 24W di potenza e consentono la carica a tutti i dispositivi compatibili con la tecnologia di carica 5W e 12W.Non esiste alcun tipo di accordo, licenza o legame tra Cellularline S.p.a e le aziende titolari dei marchi e dei nomi riportati nei testi e nelle immagini di questa pagina web. Tutti I marchi, I nomi e i modelli di telefono cellulare sono di propriet\u00e0 dei rispettivi titolari.<\/p>\n","protected":false},"excerpt":{"rendered":"<p>Caricabatterie da auto veloce 2 porte, 24W<\/p>\n","protected":false},"featured_media":46909,"comment_status":"closed","ping_status":"open","template":"","meta":{"_et_pb_use_builder":"","_et_pb_old_content":"","_et_gb_content_width":""},"pwb-brand":[],"product_cat":[651,605],"product_tag":[],"compatibilite":[],"compatibilite_smartphone":[4366,4354,4365,4376,4436,4355,4383,4441,4357,4368,4373,4381,4382,4361,4450,4437,4359,4377,4364,4379,4353,4374,4372,4449,4447,4448,4440,4435,4433,4434,4367,4465,4388,4386,4387,4390,4402,4406,4414,4405,4403,4407,4395,4409,4398,4427,4428,4423,4401,4400,4397,4416,4392,4391],"brands":[],"_links":{"self":[{"href":"https:\/\/stage.shop-cellularswiss.ch\/it\/wp-json\/wp\/v2\/product\/50338"}],"collection":[{"href":"https:\/\/stage.shop-cellularswiss.ch\/it\/wp-json\/wp\/v2\/product"}],"about":[{"href":"https:\/\/stage.shop-cellularswiss.ch\/it\/wp-json\/wp\/v2\/types\/product"}],"replies":[{"embeddable":true,"href":"https:\/\/stage.shop-cellularswiss.ch\/it\/wp-json\/wp\/v2\/comments?post=50338"}],"wp:featuredmedia":[{"embeddable":true,"href":"https:\/\/stage.shop-cellularswiss.ch\/it\/wp-json\/wp\/v2\/media\/46909"}],"wp:attachment":[{"href":"https:\/\/stage.shop-cellularswiss.ch\/it\/wp-json\/wp\/v2\/media?parent=50338"}],"wp:term":[{"taxonomy":"pwb-brand","embeddable":true,"href":"https:\/\/stage.shop-cellularswiss.ch\/it\/wp-json\/wp\/v2\/pwb-brand?post=50338"},{"taxonomy":"product_cat","embeddable":true,"href":"https:\/\/stage.shop-cellularswiss.ch\/it\/wp-json\/wp\/v2\/product_cat?post=50338"},{"taxonomy":"product_tag","embeddable":true,"href":"https:\/\/stage.shop-cellularswiss.ch\/it\/wp-json\/wp\/v2\/product_tag?post=50338"},{"taxonomy":"compatibilite","embeddable":true,"href":"https:\/\/stage.shop-cellularswiss.ch\/it\/wp-json\/wp\/v2\/compatibilite?post=50338"},{"taxonomy":"compatibilite_smartphone","embeddable":true,"href":"https:\/\/stage.shop-cellularswiss.ch\/it\/wp-json\/wp\/v2\/compatibilite_smartphone?post=50338"}],"curies":[{"name":"wp","href":"https:\/\/api.w.org\/{rel}","templated":true}]}}