
{"id":50341,"date":"2021-03-20T11:04:27","date_gmt":"2021-03-20T11:05:34","guid":{"rendered":"https:\/\/stage.shop-cellularswiss.ch\/produit\/car-multipower-3-pro-iphone-samsung-huawei-and-other-smartphones-and-tablets\/"},"modified":"2021-03-20T12:05:37","modified_gmt":"2021-03-20T11:05:37","slug":"car-multipower-3-pro-iphone-samsung-huawei-and-other-smartphones-and-tablets","status":"publish","type":"product","link":"https:\/\/stage.shop-cellularswiss.ch\/it\/produit\/car-multipower-3-pro-iphone-samsung-huawei-and-other-smartphones-and-tablets\/","title":{"rendered":"Car Multipower 3 PRO &#8211; iPhone, Samsung, Huawei and other Smartphones and Tablets"},"content":{"rendered":"<p>CAR MULTIPOWER 3 PRO \u00e8 il caricabatterie da auto pensato per chi ha esigenza di caricare pi\u00f9 dispositivi nello stesso momento. \u00c8 la soluzione ideale per mantenere i tuoi dispositivi e quelli degli altri passeggeri carichi e pronti all&#8217;uso durante i viaggi in auto. Grazie alle 3 porte USB consente di caricare contemporaneamente fino a 3 dispositivi.Dotato dell&#8217;innovativa tecnologia Smartphone Detect, Car Multipower 3 PRO riconosce i device collegati ed eroga la carica corretta in tutta sicurezza, garantendo le performance di carica pi\u00f9 evolute anche per i dispositivi compatibili con la carica 9V2A Fast Charging*, Adaptive Fast Charge, QualcommR Quick ChargeTM technology.Le tre porte supportano fino a 42W di potenza.*Non garantisce la carica veloce per i dispositivi Huawei compatibili con la tecnologia di carica &#8220;Super Charge&#8221;.Non esiste alcun tipo di accordo, licenza o legame tra Cellularline S.p.a e le aziende titolari dei marchi e dei nomi riportati nei testi e nelle immagini di questa pagina web. Tutti I marchi, I nomi e i modelli di telefono cellulare sono di propriet\u00e0 dei rispettivi titolari. Qualcomm is a trademark of Qualcomm Incorporated, registered in the United States and other countries. Quick Charge is a trademark of Qualcomm Incorporated. Qualcomm Quick Charge is a product of Qualcomm Technologies, Inc. and\/or its subsidiaries.<\/p>\n","protected":false},"excerpt":{"rendered":"<p>Caricabatterie da auto veloce 3 porte, 42W<\/p>\n","protected":false},"featured_media":56107,"comment_status":"closed","ping_status":"closed","template":"","meta":{"_et_pb_use_builder":"","_et_pb_old_content":"","_et_gb_content_width":""},"pwb-brand":[],"product_cat":[651,605],"product_tag":[],"compatibilite":[],"compatibilite_smartphone":[4366,4354,4365,4376,4436,4355,4383,4441,4357,4368,4373,4381,4382,4361,4450,4437,4359,4377,4364,4379,4353,4374,4372,4449,4447,4448,4440,4435,4433,4434,4367,4465,4388,4386,4387,4390,4402,4406,4414,4405,4403,4407,4395,4409,4398,4427,4428,4423,4401,4400,4397,4416,4392,4391],"brands":[],"_links":{"self":[{"href":"https:\/\/stage.shop-cellularswiss.ch\/it\/wp-json\/wp\/v2\/product\/50341"}],"collection":[{"href":"https:\/\/stage.shop-cellularswiss.ch\/it\/wp-json\/wp\/v2\/product"}],"about":[{"href":"https:\/\/stage.shop-cellularswiss.ch\/it\/wp-json\/wp\/v2\/types\/product"}],"replies":[{"embeddable":true,"href":"https:\/\/stage.shop-cellularswiss.ch\/it\/wp-json\/wp\/v2\/comments?post=50341"}],"wp:featuredmedia":[{"embeddable":true,"href":"https:\/\/stage.shop-cellularswiss.ch\/it\/wp-json\/wp\/v2\/media\/56107"}],"wp:attachment":[{"href":"https:\/\/stage.shop-cellularswiss.ch\/it\/wp-json\/wp\/v2\/media?parent=50341"}],"wp:term":[{"taxonomy":"pwb-brand","embeddable":true,"href":"https:\/\/stage.shop-cellularswiss.ch\/it\/wp-json\/wp\/v2\/pwb-brand?post=50341"},{"taxonomy":"product_cat","embeddable":true,"href":"https:\/\/stage.shop-cellularswiss.ch\/it\/wp-json\/wp\/v2\/product_cat?post=50341"},{"taxonomy":"product_tag","embeddable":true,"href":"https:\/\/stage.shop-cellularswiss.ch\/it\/wp-json\/wp\/v2\/product_tag?post=50341"},{"taxonomy":"compatibilite","embeddable":true,"href":"https:\/\/stage.shop-cellularswiss.ch\/it\/wp-json\/wp\/v2\/compatibilite?post=50341"},{"taxonomy":"compatibilite_smartphone","embeddable":true,"href":"https:\/\/stage.shop-cellularswiss.ch\/it\/wp-json\/wp\/v2\/compatibilite_smartphone?post=50341"}],"curies":[{"name":"wp","href":"https:\/\/api.w.org\/{rel}","templated":true}]}}