
{"id":50418,"date":"2021-03-20T11:07:47","date_gmt":"2021-03-20T11:08:26","guid":{"rendered":"https:\/\/stage.shop-cellularswiss.ch\/produit\/crab-tablet-3-in-1-tablet-up-to-12\/"},"modified":"2021-03-20T12:08:29","modified_gmt":"2021-03-20T11:08:29","slug":"crab-tablet-3-in-1-tablet-up-to-12","status":"publish","type":"product","link":"https:\/\/stage.shop-cellularswiss.ch\/it\/produit\/crab-tablet-3-in-1-tablet-up-to-12\/","title":{"rendered":"Crab Tablet 3 in 1 &#8211; Tablet up to 12&#8243;"},"content":{"rendered":"<p>Un solo supporto per tre funzioni: Crab Tablet 3 in 1 \u00e8 il supporto che offre la possibilit\u00e0 di fissare il proprio tablet in tre differenti modalit\u00e0: al parabrezza per utilizzarlo come navigatore, al poggiatesta per intrattenere i passeggeri oppure su tavoli e scrivanie per una migliore visualizzazione dello schermo.<\/p>\n","protected":false},"excerpt":{"rendered":"<p>Supporto tablet da auto 3 in 1<\/p>\n","protected":false},"featured_media":55991,"comment_status":"closed","ping_status":"closed","template":"","meta":{"_et_pb_use_builder":"","_et_pb_old_content":"","_et_gb_content_width":""},"pwb-brand":[],"product_cat":[647,605],"product_tag":[],"compatibilite":[],"compatibilite_smartphone":[4369,4363,4370,4354,4375,4376,4355,4383,4357,4368,4373,4450,4399,4398],"brands":[],"_links":{"self":[{"href":"https:\/\/stage.shop-cellularswiss.ch\/it\/wp-json\/wp\/v2\/product\/50418"}],"collection":[{"href":"https:\/\/stage.shop-cellularswiss.ch\/it\/wp-json\/wp\/v2\/product"}],"about":[{"href":"https:\/\/stage.shop-cellularswiss.ch\/it\/wp-json\/wp\/v2\/types\/product"}],"replies":[{"embeddable":true,"href":"https:\/\/stage.shop-cellularswiss.ch\/it\/wp-json\/wp\/v2\/comments?post=50418"}],"wp:featuredmedia":[{"embeddable":true,"href":"https:\/\/stage.shop-cellularswiss.ch\/it\/wp-json\/wp\/v2\/media\/55991"}],"wp:attachment":[{"href":"https:\/\/stage.shop-cellularswiss.ch\/it\/wp-json\/wp\/v2\/media?parent=50418"}],"wp:term":[{"taxonomy":"pwb-brand","embeddable":true,"href":"https:\/\/stage.shop-cellularswiss.ch\/it\/wp-json\/wp\/v2\/pwb-brand?post=50418"},{"taxonomy":"product_cat","embeddable":true,"href":"https:\/\/stage.shop-cellularswiss.ch\/it\/wp-json\/wp\/v2\/product_cat?post=50418"},{"taxonomy":"product_tag","embeddable":true,"href":"https:\/\/stage.shop-cellularswiss.ch\/it\/wp-json\/wp\/v2\/product_tag?post=50418"},{"taxonomy":"compatibilite","embeddable":true,"href":"https:\/\/stage.shop-cellularswiss.ch\/it\/wp-json\/wp\/v2\/compatibilite?post=50418"},{"taxonomy":"compatibilite_smartphone","embeddable":true,"href":"https:\/\/stage.shop-cellularswiss.ch\/it\/wp-json\/wp\/v2\/compatibilite_smartphone?post=50418"}],"curies":[{"name":"wp","href":"https:\/\/api.w.org\/{rel}","templated":true}]}}