
{"id":50425,"date":"2021-03-20T11:08:06","date_gmt":"2021-03-20T11:08:42","guid":{"rendered":"https:\/\/stage.shop-cellularswiss.ch\/produit\/dustin-hero-car-cleaner-auto-con-presa-accendisigari\/"},"modified":"2021-03-20T12:08:47","modified_gmt":"2021-03-20T11:08:47","slug":"dustin-hero-car-cleaner-auto-con-presa-accendisigari","status":"publish","type":"product","link":"https:\/\/stage.shop-cellularswiss.ch\/it\/produit\/dustin-hero-car-cleaner-auto-con-presa-accendisigari\/","title":{"rendered":"DUSTIN Hero Car Cleaner &#8211; Auto con presa accendisigari"},"content":{"rendered":"<p>DUSTIN Hero Car Cleaner \u00e8 l\u2019aspirapolvere da auto leggero e maneggevole che ti permette di mantenere la tua auto pulita e in ordine tutti i giorni. Il miglior alleato contro lo sporco in auto.Grazie ai 4.5m di cavo \u00e8 possibile raggiungere ogni parte dell&#8217;auto. Inoltre, la vasta dotazione di accessori in confezione, permette di poter pulire a fondo anche gli angoli pi\u00f9 difficili. Tenere l&#8217;auto pulita non \u00e8 mai stato cos\u00ec facile.<\/p>\n","protected":false},"excerpt":{"rendered":"<p>Aspirapolvere da auto con presa accendisigari integrata<\/p>\n","protected":false},"featured_media":62689,"comment_status":"closed","ping_status":"closed","template":"","meta":{"_et_pb_use_builder":"","_et_pb_old_content":"","_et_gb_content_width":""},"pwb-brand":[],"product_cat":[648,605],"product_tag":[],"compatibilite":[],"compatibilite_smartphone":[4455],"brands":[],"_links":{"self":[{"href":"https:\/\/stage.shop-cellularswiss.ch\/it\/wp-json\/wp\/v2\/product\/50425"}],"collection":[{"href":"https:\/\/stage.shop-cellularswiss.ch\/it\/wp-json\/wp\/v2\/product"}],"about":[{"href":"https:\/\/stage.shop-cellularswiss.ch\/it\/wp-json\/wp\/v2\/types\/product"}],"replies":[{"embeddable":true,"href":"https:\/\/stage.shop-cellularswiss.ch\/it\/wp-json\/wp\/v2\/comments?post=50425"}],"wp:featuredmedia":[{"embeddable":true,"href":"https:\/\/stage.shop-cellularswiss.ch\/it\/wp-json\/wp\/v2\/media\/62689"}],"wp:attachment":[{"href":"https:\/\/stage.shop-cellularswiss.ch\/it\/wp-json\/wp\/v2\/media?parent=50425"}],"wp:term":[{"taxonomy":"pwb-brand","embeddable":true,"href":"https:\/\/stage.shop-cellularswiss.ch\/it\/wp-json\/wp\/v2\/pwb-brand?post=50425"},{"taxonomy":"product_cat","embeddable":true,"href":"https:\/\/stage.shop-cellularswiss.ch\/it\/wp-json\/wp\/v2\/product_cat?post=50425"},{"taxonomy":"product_tag","embeddable":true,"href":"https:\/\/stage.shop-cellularswiss.ch\/it\/wp-json\/wp\/v2\/product_tag?post=50425"},{"taxonomy":"compatibilite","embeddable":true,"href":"https:\/\/stage.shop-cellularswiss.ch\/it\/wp-json\/wp\/v2\/compatibilite?post=50425"},{"taxonomy":"compatibilite_smartphone","embeddable":true,"href":"https:\/\/stage.shop-cellularswiss.ch\/it\/wp-json\/wp\/v2\/compatibilite_smartphone?post=50425"}],"curies":[{"name":"wp","href":"https:\/\/api.w.org\/{rel}","templated":true}]}}