
{"id":50432,"date":"2021-03-20T11:08:26","date_gmt":"2021-03-20T11:08:59","guid":{"rendered":"https:\/\/stage.shop-cellularswiss.ch\/produit\/easy-drive-universale\/"},"modified":"2021-03-20T12:09:02","modified_gmt":"2021-03-20T11:09:02","slug":"easy-drive-universale","status":"publish","type":"product","link":"https:\/\/stage.shop-cellularswiss.ch\/it\/produit\/easy-drive-universale\/","title":{"rendered":"Easy Drive &#8211; Universale"},"content":{"rendered":"<p>Easy Drive \u00e8 il vivavoce auto Bluetooth\u00ae portatile ideale per conversare in totale sicurezza e confort durante i tragitti in auto. Grazie alla tecnologia multipoint \u00e8 possibile collegare due dispositivi contemporaneamente mentre il processore DSP \u00e8 perfetto per la cancellazione digitale del rumore e garantisce una resa pi\u00f9 chiara e nitida delle conversazioni.<br \/>\n Grazie al sensore di vibrazione, Easy Drive si attiva automaticamente alla chiusura\/apertura della portiera e si spegne nel caso in cui non sia disponibile nessuna connessione Bluetooth. Inoltre, potrai riprodurre in streaming non soltanto la tua musica preferita ma anche le indicazioni GPS che facilitano la guida.<\/p>\n","protected":false},"excerpt":{"rendered":"<p>Vivavoce Bluetooth\u00ae per auto con funzione dualphone<\/p>\n","protected":false},"featured_media":56311,"comment_status":"closed","ping_status":"closed","template":"","meta":{"_et_pb_use_builder":"","_et_pb_old_content":"","_et_gb_content_width":""},"pwb-brand":[],"product_cat":[646,642],"product_tag":[],"compatibilite":[],"compatibilite_smartphone":[4366,4384,4363,4370,4354,4365,4376,4436,4443,4383,4441,4373,4381,4417,4419,4382,4420,4361,4418,4450,4437,4439,4438,4446,4442,4445,4444,4378,4356,4359,4377,4364,4379,4353,4374,4372,4449,4447,4380,4362,4448,4440,4358,4435,4433,4434,4367,4385,4388,4386,4389,4387,4421,4390,4415,4402,4413,4396,4406,4414,4405,4408,4394,4403,4407,4404,4410,4395,4422,4409,4399,4427,4428,4423,4401,4400,4431,4425,4424,4429,4430,4393,4412,4397,4416,4411,4426,4392,4391],"brands":[],"_links":{"self":[{"href":"https:\/\/stage.shop-cellularswiss.ch\/it\/wp-json\/wp\/v2\/product\/50432"}],"collection":[{"href":"https:\/\/stage.shop-cellularswiss.ch\/it\/wp-json\/wp\/v2\/product"}],"about":[{"href":"https:\/\/stage.shop-cellularswiss.ch\/it\/wp-json\/wp\/v2\/types\/product"}],"replies":[{"embeddable":true,"href":"https:\/\/stage.shop-cellularswiss.ch\/it\/wp-json\/wp\/v2\/comments?post=50432"}],"wp:featuredmedia":[{"embeddable":true,"href":"https:\/\/stage.shop-cellularswiss.ch\/it\/wp-json\/wp\/v2\/media\/56311"}],"wp:attachment":[{"href":"https:\/\/stage.shop-cellularswiss.ch\/it\/wp-json\/wp\/v2\/media?parent=50432"}],"wp:term":[{"taxonomy":"pwb-brand","embeddable":true,"href":"https:\/\/stage.shop-cellularswiss.ch\/it\/wp-json\/wp\/v2\/pwb-brand?post=50432"},{"taxonomy":"product_cat","embeddable":true,"href":"https:\/\/stage.shop-cellularswiss.ch\/it\/wp-json\/wp\/v2\/product_cat?post=50432"},{"taxonomy":"product_tag","embeddable":true,"href":"https:\/\/stage.shop-cellularswiss.ch\/it\/wp-json\/wp\/v2\/product_tag?post=50432"},{"taxonomy":"compatibilite","embeddable":true,"href":"https:\/\/stage.shop-cellularswiss.ch\/it\/wp-json\/wp\/v2\/compatibilite?post=50432"},{"taxonomy":"compatibilite_smartphone","embeddable":true,"href":"https:\/\/stage.shop-cellularswiss.ch\/it\/wp-json\/wp\/v2\/compatibilite_smartphone?post=50432"}],"curies":[{"name":"wp","href":"https:\/\/api.w.org\/{rel}","templated":true}]}}