
{"id":50455,"date":"2021-03-20T11:09:26","date_gmt":"2021-03-20T11:09:50","guid":{"rendered":"https:\/\/stage.shop-cellularswiss.ch\/produit\/eureka-universal\/"},"modified":"2021-03-20T12:09:59","modified_gmt":"2021-03-20T11:09:59","slug":"eureka-universal","status":"publish","type":"product","link":"https:\/\/stage.shop-cellularswiss.ch\/it\/produit\/eureka-universal\/","title":{"rendered":"EUREKA &#8211; Universal"},"content":{"rendered":"<p>Eureka \u00e8 una pratica targhetta pensata e ideata per trovare e tenere sempre sotto controllo i propri oggetti pi\u00f9 importanti come le chiavi di casa e il portafoglio. Tra le altre funzioni, Eureka consente di ricercare velocemente un oggetto custodito nella borsa oppure di ritrovare l\u2019auto parcheggiata. Inoltre \u00e8 un accessorio utile anche per ritrovare il proprio smartphone facendolo suonare: per attivare tale funzione ti baster\u00e0 tenere premuto il tasto di emergenza posto sulla targhetta. Per utilizzare Eureka ti baster\u00e0 scaricare l\u2019App per iPhone e Android grazie alla quale \u00e8 possibile visualizzare sulla mappa il punto esatto in cui \u00e8 collocato l\u2019oggetto e far suonare il dispositivo fino al suo ritrovamento. Inoltre, grazie alla funzione \u201ccomfort zone\u201d programmabile, l\u2019App Eureka \u00e8 utile per ricordarti di prendere l\u2019oggetto nel momento in cui ti allontani fisicamente da esso.\u201d<\/p>\n","protected":false},"excerpt":{"rendered":"<p>Targhetta trova oggetti con tecnologia Bluetooth\u00ae<\/p>\n","protected":false},"featured_media":55967,"comment_status":"closed","ping_status":"closed","template":"","meta":{"_et_pb_use_builder":"","_et_pb_old_content":"","_et_gb_content_width":""},"pwb-brand":[],"product_cat":[648,605],"product_tag":[],"compatibilite":[],"compatibilite_smartphone":[],"brands":[],"_links":{"self":[{"href":"https:\/\/stage.shop-cellularswiss.ch\/it\/wp-json\/wp\/v2\/product\/50455"}],"collection":[{"href":"https:\/\/stage.shop-cellularswiss.ch\/it\/wp-json\/wp\/v2\/product"}],"about":[{"href":"https:\/\/stage.shop-cellularswiss.ch\/it\/wp-json\/wp\/v2\/types\/product"}],"replies":[{"embeddable":true,"href":"https:\/\/stage.shop-cellularswiss.ch\/it\/wp-json\/wp\/v2\/comments?post=50455"}],"wp:featuredmedia":[{"embeddable":true,"href":"https:\/\/stage.shop-cellularswiss.ch\/it\/wp-json\/wp\/v2\/media\/55967"}],"wp:attachment":[{"href":"https:\/\/stage.shop-cellularswiss.ch\/it\/wp-json\/wp\/v2\/media?parent=50455"}],"wp:term":[{"taxonomy":"pwb-brand","embeddable":true,"href":"https:\/\/stage.shop-cellularswiss.ch\/it\/wp-json\/wp\/v2\/pwb-brand?post=50455"},{"taxonomy":"product_cat","embeddable":true,"href":"https:\/\/stage.shop-cellularswiss.ch\/it\/wp-json\/wp\/v2\/product_cat?post=50455"},{"taxonomy":"product_tag","embeddable":true,"href":"https:\/\/stage.shop-cellularswiss.ch\/it\/wp-json\/wp\/v2\/product_tag?post=50455"},{"taxonomy":"compatibilite","embeddable":true,"href":"https:\/\/stage.shop-cellularswiss.ch\/it\/wp-json\/wp\/v2\/compatibilite?post=50455"},{"taxonomy":"compatibilite_smartphone","embeddable":true,"href":"https:\/\/stage.shop-cellularswiss.ch\/it\/wp-json\/wp\/v2\/compatibilite_smartphone?post=50455"}],"curies":[{"name":"wp","href":"https:\/\/api.w.org\/{rel}","templated":true}]}}