
{"id":50470,"date":"2021-03-20T11:10:02","date_gmt":"2021-03-20T11:10:22","guid":{"rendered":"https:\/\/stage.shop-cellularswiss.ch\/produit\/extreme-cable-usb-c-to-usb-c\/"},"modified":"2021-03-20T12:10:25","modified_gmt":"2021-03-20T11:10:25","slug":"extreme-cable-usb-c-to-usb-c","status":"publish","type":"product","link":"https:\/\/stage.shop-cellularswiss.ch\/it\/produit\/extreme-cable-usb-c-to-usb-c\/","title":{"rendered":"Extreme Cable &#8211; USB-C to USB-C"},"content":{"rendered":"<p>Extreme Cable \u00e8 il cavo ultra resistente dotato di connettore USB-C to USB-C, ideale per la ricarica e sincronizzazione dati e compatibile con la carica veloce. Il doppio connettore USB Type-C, permette di collegare un dispositivo USB-C con caricabatterie e Pc dotati di porta USB-C.Il passacavo flessibile \u00e8 realizzato con tecnologia SNAKE che consente di proteggere il cavo nella sua parte pi\u00f9 delicata, rendendolo fino a quattro volte pi\u00f9 resistente rispetto agli altri. Il cavo contiene fibra aramidica che lo rende ultra resistente agli strappi. Inoltre i connettori sono stati studiati e realizzati in metallo per resistere meglio ad urti e pressioni. Il cavo \u00e8 realizzato con copertura in nylon intrecciato, alloggiamento in lega d\u2019alluminio, passacavo in PVC, filo in rame ad alta purezza e fibra DuPont \u2122 Kevlar\u00ae. DuPont\u2122 e Kevlar\u00ae sono marchi commerciali registrati o marchi commerciali di EI du Pont de Nemours and Company o delle sue societ\u00e0 affiliate.<\/p>\n","protected":false},"excerpt":{"rendered":"<p>Cavo USB ultra resistente<\/p>\n","protected":false},"featured_media":62540,"comment_status":"closed","ping_status":"closed","template":"","meta":{"_et_pb_use_builder":"","_et_pb_old_content":"","_et_gb_content_width":""},"pwb-brand":[],"product_cat":[532,605],"product_tag":[],"compatibilite":[],"compatibilite_smartphone":[4455],"brands":[],"_links":{"self":[{"href":"https:\/\/stage.shop-cellularswiss.ch\/it\/wp-json\/wp\/v2\/product\/50470"}],"collection":[{"href":"https:\/\/stage.shop-cellularswiss.ch\/it\/wp-json\/wp\/v2\/product"}],"about":[{"href":"https:\/\/stage.shop-cellularswiss.ch\/it\/wp-json\/wp\/v2\/types\/product"}],"replies":[{"embeddable":true,"href":"https:\/\/stage.shop-cellularswiss.ch\/it\/wp-json\/wp\/v2\/comments?post=50470"}],"wp:featuredmedia":[{"embeddable":true,"href":"https:\/\/stage.shop-cellularswiss.ch\/it\/wp-json\/wp\/v2\/media\/62540"}],"wp:attachment":[{"href":"https:\/\/stage.shop-cellularswiss.ch\/it\/wp-json\/wp\/v2\/media?parent=50470"}],"wp:term":[{"taxonomy":"pwb-brand","embeddable":true,"href":"https:\/\/stage.shop-cellularswiss.ch\/it\/wp-json\/wp\/v2\/pwb-brand?post=50470"},{"taxonomy":"product_cat","embeddable":true,"href":"https:\/\/stage.shop-cellularswiss.ch\/it\/wp-json\/wp\/v2\/product_cat?post=50470"},{"taxonomy":"product_tag","embeddable":true,"href":"https:\/\/stage.shop-cellularswiss.ch\/it\/wp-json\/wp\/v2\/product_tag?post=50470"},{"taxonomy":"compatibilite","embeddable":true,"href":"https:\/\/stage.shop-cellularswiss.ch\/it\/wp-json\/wp\/v2\/compatibilite?post=50470"},{"taxonomy":"compatibilite_smartphone","embeddable":true,"href":"https:\/\/stage.shop-cellularswiss.ch\/it\/wp-json\/wp\/v2\/compatibilite_smartphone?post=50470"}],"curies":[{"name":"wp","href":"https:\/\/api.w.org\/{rel}","templated":true}]}}