
{"id":50472,"date":"2021-03-20T11:10:07","date_gmt":"2021-03-20T11:10:27","guid":{"rendered":"https:\/\/stage.shop-cellularswiss.ch\/produit\/extreme-cable-xl-lightning\/"},"modified":"2021-03-20T12:10:29","modified_gmt":"2021-03-20T11:10:29","slug":"extreme-cable-xl-lightning","status":"publish","type":"product","link":"https:\/\/stage.shop-cellularswiss.ch\/it\/produit\/extreme-cable-xl-lightning\/","title":{"rendered":"Extreme Cable XL &#8211; Lightning"},"content":{"rendered":"<p>Extreme Cable XL \u00e8 il cavo ultra resistente dotato di connettore lightning certificato da Apple ideale per la ricarica e sincronizzazione dati, compatibile con la carica veloce. Il passacavo flessibile realizzato con tecnologia SNAKE che consente di proteggere il cavo nella sua parte pi\u00f9 delicata, rendendolo fino a quattro volte pi\u00f9 resistente rispetto agli altri. Extreme Cable, che contiene fibra aramidica, \u00e8 ultra resistente agli strappi. Inoltre i connettori sono stati studiati e realizzati in metallo per resistere meglio ad urti e pressioni. Grazie ai suoi 200 cm di lunghezza, Extreme Cable XL consente di ricaricare iPhone e iPad anche da prese distanti. Il cavo \u00e8 realizzato con copertura in nylon intrecciato, alloggiamento in lega d\u2019alluminio, passacavo in PVC, filo in rame ad alta purezza e fibra DuPont \u2122 Kevlar\u00ae. DuPont\u2122 e Kevlar\u00ae sono marchi commerciali registrati o marchi commerciali di EI du Pont de Nemours and Company o delle sue societ\u00e0 affiliate.<\/p>\n","protected":false},"excerpt":{"rendered":"<p>Cavo USB ultra resistente<\/p>\n","protected":false},"featured_media":62548,"comment_status":"closed","ping_status":"closed","template":"","meta":{"_et_pb_use_builder":"","_et_pb_old_content":"","_et_gb_content_width":""},"pwb-brand":[],"product_cat":[532,605],"product_tag":[],"compatibilite":[],"compatibilite_smartphone":[4366,4469,4384,4354,4365,4376,4436,4443,4355,4383,4441,4357,4368,4373,4381,4382,4361,4450,4437,4439,4438,4446,4442,4445,4444,4359,4377,4364,4379,4353,4374,4372,4449,4447,4380,4362,4448,4440,4358,4435,4433,4434,4371,4367,4465],"brands":[],"_links":{"self":[{"href":"https:\/\/stage.shop-cellularswiss.ch\/it\/wp-json\/wp\/v2\/product\/50472"}],"collection":[{"href":"https:\/\/stage.shop-cellularswiss.ch\/it\/wp-json\/wp\/v2\/product"}],"about":[{"href":"https:\/\/stage.shop-cellularswiss.ch\/it\/wp-json\/wp\/v2\/types\/product"}],"replies":[{"embeddable":true,"href":"https:\/\/stage.shop-cellularswiss.ch\/it\/wp-json\/wp\/v2\/comments?post=50472"}],"wp:featuredmedia":[{"embeddable":true,"href":"https:\/\/stage.shop-cellularswiss.ch\/it\/wp-json\/wp\/v2\/media\/62548"}],"wp:attachment":[{"href":"https:\/\/stage.shop-cellularswiss.ch\/it\/wp-json\/wp\/v2\/media?parent=50472"}],"wp:term":[{"taxonomy":"pwb-brand","embeddable":true,"href":"https:\/\/stage.shop-cellularswiss.ch\/it\/wp-json\/wp\/v2\/pwb-brand?post=50472"},{"taxonomy":"product_cat","embeddable":true,"href":"https:\/\/stage.shop-cellularswiss.ch\/it\/wp-json\/wp\/v2\/product_cat?post=50472"},{"taxonomy":"product_tag","embeddable":true,"href":"https:\/\/stage.shop-cellularswiss.ch\/it\/wp-json\/wp\/v2\/product_tag?post=50472"},{"taxonomy":"compatibilite","embeddable":true,"href":"https:\/\/stage.shop-cellularswiss.ch\/it\/wp-json\/wp\/v2\/compatibilite?post=50472"},{"taxonomy":"compatibilite_smartphone","embeddable":true,"href":"https:\/\/stage.shop-cellularswiss.ch\/it\/wp-json\/wp\/v2\/compatibilite_smartphone?post=50472"}],"curies":[{"name":"wp","href":"https:\/\/api.w.org\/{rel}","templated":true}]}}