
{"id":50474,"date":"2021-03-20T11:10:12","date_gmt":"2021-03-20T11:10:31","guid":{"rendered":"https:\/\/stage.shop-cellularswiss.ch\/produit\/extreme-cable-xl-usb-c\/"},"modified":"2021-03-20T12:10:34","modified_gmt":"2021-03-20T11:10:34","slug":"extreme-cable-xl-usb-c","status":"publish","type":"product","link":"https:\/\/stage.shop-cellularswiss.ch\/it\/produit\/extreme-cable-xl-usb-c\/","title":{"rendered":"Extreme Cable XL &#8211; USB-C"},"content":{"rendered":"<p>Extreme Cable XL \u00e8 il cavo ultra resistente dotato di connettore Type-C ideale per la ricarica e sincronizzazione dati, compatibile con la carica veloce. Il passacavo flessibile realizzato con tecnologia SNAKE consente di proteggere il cavo nella sua parte pi\u00f9 delicata, rendendolo fino a quattro volte pi\u00f9 resistente rispetto agli altri. Extreme Cable, che contiene fibra aramidica, \u00e8 ultra resistente agli strappi. I connettori sono stati studiati e realizzati in metallo, per resistere meglio ad urti e pressioni. Grazie ai suoi 200 cm di lunghezza, Extreme Cable XL consente di ricaricare smartphone e tablet anche da prese distanti. Il cavo \u00e8 realizzato con copertura in nylon intrecciato, alloggiamento in lega d\u2019alluminio, passacavo in PVC, filo in rame ad alta purezza e fibra DuPont \u2122 Kevlar\u00ae. DuPont\u2122 e Kevlar\u00ae sono marchi commerciali registrati o marchi commerciali di EI du Pont de Nemours and Company o delle sue societ\u00e0 affiliate.<\/p>\n","protected":false},"excerpt":{"rendered":"<p>Cavo USB ultra resistente<\/p>\n","protected":false},"featured_media":62556,"comment_status":"closed","ping_status":"closed","template":"","meta":{"_et_pb_use_builder":"","_et_pb_old_content":"","_et_gb_content_width":""},"pwb-brand":[],"product_cat":[532,605],"product_tag":[],"compatibilite":[],"compatibilite_smartphone":[4417,4419,4420,4418,4385,4389,4387,4421,4390,4415,4402,4396,4406,4414,4405,4408,4394,4403,4407,4404,4410,4422,4409,4427,4428,4423,4401,4400,4431,4425,4424,4429,4430,4393,4412,4397,4416,4411,4426,4392,4391],"brands":[],"_links":{"self":[{"href":"https:\/\/stage.shop-cellularswiss.ch\/it\/wp-json\/wp\/v2\/product\/50474"}],"collection":[{"href":"https:\/\/stage.shop-cellularswiss.ch\/it\/wp-json\/wp\/v2\/product"}],"about":[{"href":"https:\/\/stage.shop-cellularswiss.ch\/it\/wp-json\/wp\/v2\/types\/product"}],"replies":[{"embeddable":true,"href":"https:\/\/stage.shop-cellularswiss.ch\/it\/wp-json\/wp\/v2\/comments?post=50474"}],"wp:featuredmedia":[{"embeddable":true,"href":"https:\/\/stage.shop-cellularswiss.ch\/it\/wp-json\/wp\/v2\/media\/62556"}],"wp:attachment":[{"href":"https:\/\/stage.shop-cellularswiss.ch\/it\/wp-json\/wp\/v2\/media?parent=50474"}],"wp:term":[{"taxonomy":"pwb-brand","embeddable":true,"href":"https:\/\/stage.shop-cellularswiss.ch\/it\/wp-json\/wp\/v2\/pwb-brand?post=50474"},{"taxonomy":"product_cat","embeddable":true,"href":"https:\/\/stage.shop-cellularswiss.ch\/it\/wp-json\/wp\/v2\/product_cat?post=50474"},{"taxonomy":"product_tag","embeddable":true,"href":"https:\/\/stage.shop-cellularswiss.ch\/it\/wp-json\/wp\/v2\/product_tag?post=50474"},{"taxonomy":"compatibilite","embeddable":true,"href":"https:\/\/stage.shop-cellularswiss.ch\/it\/wp-json\/wp\/v2\/compatibilite?post=50474"},{"taxonomy":"compatibilite_smartphone","embeddable":true,"href":"https:\/\/stage.shop-cellularswiss.ch\/it\/wp-json\/wp\/v2\/compatibilite_smartphone?post=50474"}],"curies":[{"name":"wp","href":"https:\/\/api.w.org\/{rel}","templated":true}]}}