
{"id":50564,"date":"2021-03-20T11:13:51","date_gmt":"2021-03-20T11:13:58","guid":{"rendered":"https:\/\/stage.shop-cellularswiss.ch\/produit\/freedom-in-ear-universale-2\/"},"modified":"2021-03-20T12:14:01","modified_gmt":"2021-03-20T11:14:01","slug":"freedom-in-ear-universale-2","status":"publish","type":"product","link":"https:\/\/stage.shop-cellularswiss.ch\/it\/produit\/freedom-in-ear-universale-2\/","title":{"rendered":"FREEDOM IN-EAR &#8211; UNIVERSALE"},"content":{"rendered":"<p>Freedom In-ear sono i nuovi auricolari Bluetooth in-ear, leggeri e ultra stabili, dotati di un pratico archetto esterno flessibile ideali per ascoltare la musica e conversare in totale libert\u00e0 di movimento garantendo al tempo stesso la massima qualit\u00e0 sonora. Gli auricolari Freedom In-ear sono disponibili in due differenti tonalit\u00e0 con finiture rosse perfette per donare una nota di colore alla propria musica.<\/p>\n","protected":false},"excerpt":{"rendered":"<p>Auricolari stereo Bluetooth\u00ae in-ear ultra stabili<\/p>\n","protected":false},"featured_media":54767,"comment_status":"closed","ping_status":"closed","template":"","meta":{"_et_pb_use_builder":"","_et_pb_old_content":"","_et_gb_content_width":""},"pwb-brand":[],"product_cat":[649,642],"product_tag":[],"compatibilite":[],"compatibilite_smartphone":[],"brands":[],"_links":{"self":[{"href":"https:\/\/stage.shop-cellularswiss.ch\/it\/wp-json\/wp\/v2\/product\/50564"}],"collection":[{"href":"https:\/\/stage.shop-cellularswiss.ch\/it\/wp-json\/wp\/v2\/product"}],"about":[{"href":"https:\/\/stage.shop-cellularswiss.ch\/it\/wp-json\/wp\/v2\/types\/product"}],"replies":[{"embeddable":true,"href":"https:\/\/stage.shop-cellularswiss.ch\/it\/wp-json\/wp\/v2\/comments?post=50564"}],"wp:featuredmedia":[{"embeddable":true,"href":"https:\/\/stage.shop-cellularswiss.ch\/it\/wp-json\/wp\/v2\/media\/54767"}],"wp:attachment":[{"href":"https:\/\/stage.shop-cellularswiss.ch\/it\/wp-json\/wp\/v2\/media?parent=50564"}],"wp:term":[{"taxonomy":"pwb-brand","embeddable":true,"href":"https:\/\/stage.shop-cellularswiss.ch\/it\/wp-json\/wp\/v2\/pwb-brand?post=50564"},{"taxonomy":"product_cat","embeddable":true,"href":"https:\/\/stage.shop-cellularswiss.ch\/it\/wp-json\/wp\/v2\/product_cat?post=50564"},{"taxonomy":"product_tag","embeddable":true,"href":"https:\/\/stage.shop-cellularswiss.ch\/it\/wp-json\/wp\/v2\/product_tag?post=50564"},{"taxonomy":"compatibilite","embeddable":true,"href":"https:\/\/stage.shop-cellularswiss.ch\/it\/wp-json\/wp\/v2\/compatibilite?post=50564"},{"taxonomy":"compatibilite_smartphone","embeddable":true,"href":"https:\/\/stage.shop-cellularswiss.ch\/it\/wp-json\/wp\/v2\/compatibilite_smartphone?post=50564"}],"curies":[{"name":"wp","href":"https:\/\/api.w.org\/{rel}","templated":true}]}}