
{"id":50571,"date":"2021-03-20T11:14:08","date_gmt":"2021-03-20T11:14:14","guid":{"rendered":"https:\/\/stage.shop-cellularswiss.ch\/produit\/freepower-manta-8000-universale\/"},"modified":"2021-03-20T12:14:17","modified_gmt":"2021-03-20T11:14:17","slug":"freepower-manta-8000-universale","status":"publish","type":"product","link":"https:\/\/stage.shop-cellularswiss.ch\/it\/produit\/freepower-manta-8000-universale\/","title":{"rendered":"Freepower Manta 8000 &#8211; Universale"},"content":{"rendered":"<p>Freepower Manta 8000 \u00e8 il caricabatterie portatile di ultima generazione realizzato con tecnologia ai polimeri di litio ideale per ricaricare pi\u00f9 volte i propri dispositivi e garantire al tempo stesso il minor spessore possibile.<br \/>\n Grazie alla tecnologia Fast Charge e alla doppia porta USB \u00e8 possibile ricaricare alla massima velocit\u00e0 anche pi\u00f9 dispositivi contemporaneamente mentre l\u2019ingresso Micro USB Veloce consente al caricabatterie di ricaricarsi impiegando la met\u00e0 del tempo.<br \/>\n Freeepower Manta 8000 \u00e8 dotato di un pratico display led digitale che indica con estrema precisione ed esattezza il livello di carica residua in modo tale da rendere pi\u00f9 semplice e agevole capire quand\u2019\u00e8 il momento di ricaricare il powerbank.<br \/>\n Il design ultra sottile e leggero realizzato in materiale soft touch anti-scivolo, lo rende un accessorio pratico, funzionale e bello, perfetto per chi desidera portare sempre con s\u00e9 la giusta quantit\u00e0 di energia per i propri dispositivi in dimensioni notevolmente ridotte.<br \/>\n Il sistema di ricarica simultanea permette inoltre di ricaricare contemporaneamente non soltanto il Freepower Manta 8000 ma anche uno o pi\u00f9 dispositivi insieme, siano essi smartphone o tablet.<\/p>\n","protected":false},"excerpt":{"rendered":"<p>Caricabatterie portatile sottile, veloce, potente<\/p>\n","protected":false},"featured_media":54583,"comment_status":"closed","ping_status":"closed","template":"","meta":{"_et_pb_use_builder":"","_et_pb_old_content":"","_et_gb_content_width":""},"pwb-brand":[],"product_cat":[653,605],"product_tag":[],"compatibilite":[],"compatibilite_smartphone":[],"brands":[],"_links":{"self":[{"href":"https:\/\/stage.shop-cellularswiss.ch\/it\/wp-json\/wp\/v2\/product\/50571"}],"collection":[{"href":"https:\/\/stage.shop-cellularswiss.ch\/it\/wp-json\/wp\/v2\/product"}],"about":[{"href":"https:\/\/stage.shop-cellularswiss.ch\/it\/wp-json\/wp\/v2\/types\/product"}],"replies":[{"embeddable":true,"href":"https:\/\/stage.shop-cellularswiss.ch\/it\/wp-json\/wp\/v2\/comments?post=50571"}],"wp:featuredmedia":[{"embeddable":true,"href":"https:\/\/stage.shop-cellularswiss.ch\/it\/wp-json\/wp\/v2\/media\/54583"}],"wp:attachment":[{"href":"https:\/\/stage.shop-cellularswiss.ch\/it\/wp-json\/wp\/v2\/media?parent=50571"}],"wp:term":[{"taxonomy":"pwb-brand","embeddable":true,"href":"https:\/\/stage.shop-cellularswiss.ch\/it\/wp-json\/wp\/v2\/pwb-brand?post=50571"},{"taxonomy":"product_cat","embeddable":true,"href":"https:\/\/stage.shop-cellularswiss.ch\/it\/wp-json\/wp\/v2\/product_cat?post=50571"},{"taxonomy":"product_tag","embeddable":true,"href":"https:\/\/stage.shop-cellularswiss.ch\/it\/wp-json\/wp\/v2\/product_tag?post=50571"},{"taxonomy":"compatibilite","embeddable":true,"href":"https:\/\/stage.shop-cellularswiss.ch\/it\/wp-json\/wp\/v2\/compatibilite?post=50571"},{"taxonomy":"compatibilite_smartphone","embeddable":true,"href":"https:\/\/stage.shop-cellularswiss.ch\/it\/wp-json\/wp\/v2\/compatibilite_smartphone?post=50571"}],"curies":[{"name":"wp","href":"https:\/\/api.w.org\/{rel}","templated":true}]}}