
{"id":50573,"date":"2021-03-20T11:14:12","date_gmt":"2021-03-20T11:14:18","guid":{"rendered":"https:\/\/stage.shop-cellularswiss.ch\/produit\/freepower-manta-hd-10000-universal\/"},"modified":"2021-03-20T12:14:26","modified_gmt":"2021-03-20T11:14:26","slug":"freepower-manta-hd-10000-universal","status":"publish","type":"product","link":"https:\/\/stage.shop-cellularswiss.ch\/it\/produit\/freepower-manta-hd-10000-universal\/","title":{"rendered":"FreePower Manta HD 10000 &#8211; Universal"},"content":{"rendered":"<p>FreePower Manta HD 10000 \u00e8 il caricabatterie portatile ultra-piccolo e potente di Cellularline: grazie alll\u2019innovativa tecnologia delle celle ai polimeri di litio ad alta densit\u00e0, a parit\u00e0 di potenza, \u00e8 fino al 40% pi\u00f9 piccolo rispetto ai caricabatterie portatili standard.Con i suoi 10000 mAh di capacit\u00e0, permette di effettuare fino a 8 cariche consecutive.Dotato di porte USB e USB-C, FreePower Manta HD 10000 \u00e8 anche un concentrato di tecnologia che garantisce prestazioni di carica elevate, persino con gli smartphone pi\u00f9 avanzati. \u00c8 infatti dotato delle seguenti tecnologie di carica: -Power Delivery USB-C 18W per la carica veloce di iPhone 8 e successivi, iPad Pro 11\u2019\u2019 e iPad Pro 12.9\u2019\u2019; -Qualcomm\u00ae Quick Charge\u2122 3.0, 9V2A Fast Charging e Adaptive Technology, per la carica veloce degli smartphone Samsung, Huawei e di altri brand. Grazie al sistema Smartphone Detect, riconosce il dispositivo a cui viene connesso e attiva la tecnologia di carica pi\u00f9 adatta, erogando fino a 18W di potenza. Con FreePower Manta HD 10000 potrai inoltre viaggiare con un solo cavo perch\u00e9 le porte di ricarica USB-C e Micro-USB lo rendono compatibile con i cavi della maggior parte degli smartphone in circolazione: l\u2019ideale per caricare i tuoi dispositivi in mobilit\u00e0! Non esiste alcun tipo di accordo, licenza o legame tra Cellularline S.p.a e le aziende titolari dei marchi e dei nomi riportati nei testi e nelle immagini di questa pagina web. Tutti i marchi, i nomi e i modelli di telefono cellulare sono di propriet\u00e0 dei rispettivi titolari.Qualcomm Quick Charge is a product of Qualcomm Technologies, Inc. and\/or its subsidiaries.Qualcomm is a trademark of Qualcomm Incorporated, registered in the United States and other countries. Quick Charge is a trademark of Qualcomm Incorporated.<\/p>\n","protected":false},"excerpt":{"rendered":"<p>Caricabatterie portatile ultrapiccolo con celle ad alta densit\u00e0<\/p>\n","protected":false},"featured_media":62717,"comment_status":"closed","ping_status":"closed","template":"","meta":{"_et_pb_use_builder":"","_et_pb_old_content":"","_et_gb_content_width":""},"pwb-brand":[],"product_cat":[653,605],"product_tag":[],"compatibilite":[],"compatibilite_smartphone":[4366,4469,4384,4365,4436,4443,4441,4417,4419,4420,4418,4437,4446,4442,4445,4444,4380,4362,4440,4358,4435,4433,4434,4388,4386,4387,4390,4415,4402,4406,4414,4405,4408,4403,4407,4404,4410,4422,4409,4427,4428,4423,4401,4400,4431,4425,4424,4429,4430,4397,4416,4411,4426,4392,4391],"brands":[],"_links":{"self":[{"href":"https:\/\/stage.shop-cellularswiss.ch\/it\/wp-json\/wp\/v2\/product\/50573"}],"collection":[{"href":"https:\/\/stage.shop-cellularswiss.ch\/it\/wp-json\/wp\/v2\/product"}],"about":[{"href":"https:\/\/stage.shop-cellularswiss.ch\/it\/wp-json\/wp\/v2\/types\/product"}],"replies":[{"embeddable":true,"href":"https:\/\/stage.shop-cellularswiss.ch\/it\/wp-json\/wp\/v2\/comments?post=50573"}],"wp:featuredmedia":[{"embeddable":true,"href":"https:\/\/stage.shop-cellularswiss.ch\/it\/wp-json\/wp\/v2\/media\/62717"}],"wp:attachment":[{"href":"https:\/\/stage.shop-cellularswiss.ch\/it\/wp-json\/wp\/v2\/media?parent=50573"}],"wp:term":[{"taxonomy":"pwb-brand","embeddable":true,"href":"https:\/\/stage.shop-cellularswiss.ch\/it\/wp-json\/wp\/v2\/pwb-brand?post=50573"},{"taxonomy":"product_cat","embeddable":true,"href":"https:\/\/stage.shop-cellularswiss.ch\/it\/wp-json\/wp\/v2\/product_cat?post=50573"},{"taxonomy":"product_tag","embeddable":true,"href":"https:\/\/stage.shop-cellularswiss.ch\/it\/wp-json\/wp\/v2\/product_tag?post=50573"},{"taxonomy":"compatibilite","embeddable":true,"href":"https:\/\/stage.shop-cellularswiss.ch\/it\/wp-json\/wp\/v2\/compatibilite?post=50573"},{"taxonomy":"compatibilite_smartphone","embeddable":true,"href":"https:\/\/stage.shop-cellularswiss.ch\/it\/wp-json\/wp\/v2\/compatibilite_smartphone?post=50573"}],"curies":[{"name":"wp","href":"https:\/\/api.w.org\/{rel}","templated":true}]}}