
{"id":50577,"date":"2021-03-20T11:14:22","date_gmt":"2021-03-20T11:14:28","guid":{"rendered":"https:\/\/stage.shop-cellularswiss.ch\/produit\/freepower-manta-hd-5000-universal\/"},"modified":"2021-03-20T12:14:35","modified_gmt":"2021-03-20T11:14:35","slug":"freepower-manta-hd-5000-universal","status":"publish","type":"product","link":"https:\/\/stage.shop-cellularswiss.ch\/it\/produit\/freepower-manta-hd-5000-universal\/","title":{"rendered":"FreePower Manta HD 5000 &#8211; Universal"},"content":{"rendered":"<p>FreePower Manta HD 5000 \u00e8 il caricabatterie portatile ultra-piccolo e potente di Cellularline: grazie alll\u2019innovativa tecnologia delle celle ai polimeri di litio ad alta densit\u00e0, a parit\u00e0 di potenza, \u00e8 fino al 40% pi\u00f9 piccolo rispetto ai caricabatterie portatili standard.Dotato di porte USB e USB-C e una capacit\u00e0 di 5000 mAh, FreePower Manta HD 5000 \u00e8 un vero concentrato di energia che permette di effettuare fino a 4 ricariche consecutive. Inoltre, grazie al sistema Smartphone Detect, riconosce il dispositivo a cui viene connesso e attiva la tecnologia di carica pi\u00f9 adatta, erogando fino a 10W di potenza.Con FreePower Manta HD 5000 potrai anche viaggiare con un solo cavo perch\u00e9 le porte di ricarica USB-C e Micro-USB lo rendono compatibile con i cavi della maggior parte degli smartphone in circolazione. Potrai quindi utilizzare lo stesso cavo per ricaricare Smartphone e powerbank.<\/p>\n","protected":false},"excerpt":{"rendered":"<p>Caricabatterie portatile ultrapiccolo con celle ad alta densit\u00e0<\/p>\n","protected":false},"featured_media":62729,"comment_status":"closed","ping_status":"closed","template":"","meta":{"_et_pb_use_builder":"","_et_pb_old_content":"","_et_gb_content_width":""},"pwb-brand":[],"product_cat":[653,605],"product_tag":[],"compatibilite":[],"compatibilite_smartphone":[4366,4469,4384,4365,4436,4443,4441,4417,4419,4420,4418,4437,4446,4442,4445,4444,4380,4362,4440,4358,4435,4433,4434,4388,4386,4387,4390,4415,4402,4406,4414,4405,4408,4403,4407,4404,4410,4422,4409,4427,4428,4423,4401,4400,4431,4425,4424,4429,4430,4397,4416,4411,4426,4392,4391],"brands":[],"_links":{"self":[{"href":"https:\/\/stage.shop-cellularswiss.ch\/it\/wp-json\/wp\/v2\/product\/50577"}],"collection":[{"href":"https:\/\/stage.shop-cellularswiss.ch\/it\/wp-json\/wp\/v2\/product"}],"about":[{"href":"https:\/\/stage.shop-cellularswiss.ch\/it\/wp-json\/wp\/v2\/types\/product"}],"replies":[{"embeddable":true,"href":"https:\/\/stage.shop-cellularswiss.ch\/it\/wp-json\/wp\/v2\/comments?post=50577"}],"wp:featuredmedia":[{"embeddable":true,"href":"https:\/\/stage.shop-cellularswiss.ch\/it\/wp-json\/wp\/v2\/media\/62729"}],"wp:attachment":[{"href":"https:\/\/stage.shop-cellularswiss.ch\/it\/wp-json\/wp\/v2\/media?parent=50577"}],"wp:term":[{"taxonomy":"pwb-brand","embeddable":true,"href":"https:\/\/stage.shop-cellularswiss.ch\/it\/wp-json\/wp\/v2\/pwb-brand?post=50577"},{"taxonomy":"product_cat","embeddable":true,"href":"https:\/\/stage.shop-cellularswiss.ch\/it\/wp-json\/wp\/v2\/product_cat?post=50577"},{"taxonomy":"product_tag","embeddable":true,"href":"https:\/\/stage.shop-cellularswiss.ch\/it\/wp-json\/wp\/v2\/product_tag?post=50577"},{"taxonomy":"compatibilite","embeddable":true,"href":"https:\/\/stage.shop-cellularswiss.ch\/it\/wp-json\/wp\/v2\/compatibilite?post=50577"},{"taxonomy":"compatibilite_smartphone","embeddable":true,"href":"https:\/\/stage.shop-cellularswiss.ch\/it\/wp-json\/wp\/v2\/compatibilite_smartphone?post=50577"}],"curies":[{"name":"wp","href":"https:\/\/api.w.org\/{rel}","templated":true}]}}