
{"id":50580,"date":"2021-03-20T11:14:30","date_gmt":"2021-03-20T11:14:34","guid":{"rendered":"https:\/\/stage.shop-cellularswiss.ch\/produit\/freepower-manta-hd-5000i-lightning\/"},"modified":"2021-03-20T12:14:37","modified_gmt":"2021-03-20T11:14:37","slug":"freepower-manta-hd-5000i-lightning","status":"publish","type":"product","link":"https:\/\/stage.shop-cellularswiss.ch\/it\/produit\/freepower-manta-hd-5000i-lightning\/","title":{"rendered":"FreePower Manta HD 5000i &#8211; Lightning"},"content":{"rendered":"<p>FreePower Manta HD 5000i \u00e8 il caricabatterie portatile ultra-piccolo e potente di Cellularline: grazie alll\u2019innovativa tecnologia delle celle ai polimeri di litio ad alta densit\u00e0, a parit\u00e0 di potenza, \u00e8 fino al 40% pi\u00f9 piccolo rispetto ai caricabatterie portatili standard. Dotato di porte USB, USB-C, Lightning e di una capacit\u00e0 di 5000 mAh, FreePower Manta HD 5000i \u00e8 un vero concentrato di energia che permette di effettuare fino a 4 ricariche consecutive. Grazie al sistema Smartphone Detect, riconosce il dispositivo a cui viene connesso e attiva la tecnologia di carica pi\u00f9 adatta, erogando fino a 10W di potenza.Inoltre, se sei un utente Apple, con FreePower Manta HD 5000i per la prima volta potrai viaggiare con un solo cavo perch\u00e9 la porta di ricarica Lightning lo rende compatibile con i cavi di iPhone: potrai quindi utilizzare lo stesso cavo per ricaricare iPhone e powerbank! Non esiste alcun tipo di accordo, licenza o legame tra Cellularline S.p.a e le aziende titolari dei marchi e dei nomi riportati nei testi e nelle immagini di questa pagina web. Tutti i marchi, i nomi e i modelli di telefono cellulare sono di propriet\u00e0 dei rispettivi titolari.<\/p>\n","protected":false},"excerpt":{"rendered":"<p>Caricabatterie portatile ultrapiccolo con celle ad alta densit\u00e0<\/p>\n","protected":false},"featured_media":62733,"comment_status":"closed","ping_status":"closed","template":"","meta":{"_et_pb_use_builder":"","_et_pb_old_content":"","_et_gb_content_width":""},"pwb-brand":[],"product_cat":[653,605],"product_tag":[],"compatibilite":[],"compatibilite_smartphone":[4366,4354,4365,4376,4355,4383,4441,4357,4368,4373,4381,4382,4361,4450,4437,4439,4438,4359,4377,4364,4379,4353,4374,4372,4449,4447,4380,4362,4448,4440,4358,4433,4434,4367,4465,4468],"brands":[],"_links":{"self":[{"href":"https:\/\/stage.shop-cellularswiss.ch\/it\/wp-json\/wp\/v2\/product\/50580"}],"collection":[{"href":"https:\/\/stage.shop-cellularswiss.ch\/it\/wp-json\/wp\/v2\/product"}],"about":[{"href":"https:\/\/stage.shop-cellularswiss.ch\/it\/wp-json\/wp\/v2\/types\/product"}],"replies":[{"embeddable":true,"href":"https:\/\/stage.shop-cellularswiss.ch\/it\/wp-json\/wp\/v2\/comments?post=50580"}],"wp:featuredmedia":[{"embeddable":true,"href":"https:\/\/stage.shop-cellularswiss.ch\/it\/wp-json\/wp\/v2\/media\/62733"}],"wp:attachment":[{"href":"https:\/\/stage.shop-cellularswiss.ch\/it\/wp-json\/wp\/v2\/media?parent=50580"}],"wp:term":[{"taxonomy":"pwb-brand","embeddable":true,"href":"https:\/\/stage.shop-cellularswiss.ch\/it\/wp-json\/wp\/v2\/pwb-brand?post=50580"},{"taxonomy":"product_cat","embeddable":true,"href":"https:\/\/stage.shop-cellularswiss.ch\/it\/wp-json\/wp\/v2\/product_cat?post=50580"},{"taxonomy":"product_tag","embeddable":true,"href":"https:\/\/stage.shop-cellularswiss.ch\/it\/wp-json\/wp\/v2\/product_tag?post=50580"},{"taxonomy":"compatibilite","embeddable":true,"href":"https:\/\/stage.shop-cellularswiss.ch\/it\/wp-json\/wp\/v2\/compatibilite?post=50580"},{"taxonomy":"compatibilite_smartphone","embeddable":true,"href":"https:\/\/stage.shop-cellularswiss.ch\/it\/wp-json\/wp\/v2\/compatibilite_smartphone?post=50580"}],"curies":[{"name":"wp","href":"https:\/\/api.w.org\/{rel}","templated":true}]}}