
{"id":50594,"date":"2021-03-20T11:15:04","date_gmt":"2021-03-20T11:15:05","guid":{"rendered":"https:\/\/stage.shop-cellularswiss.ch\/produit\/freepower-slim-5000-universal\/"},"modified":"2021-03-20T12:15:17","modified_gmt":"2021-03-20T11:15:17","slug":"freepower-slim-5000-universal","status":"publish","type":"product","link":"https:\/\/stage.shop-cellularswiss.ch\/it\/produit\/freepower-slim-5000-universal\/","title":{"rendered":"FreePower Slim 5000 &#8211; Universal"},"content":{"rendered":"<p>Freepower Slim 5000 \u00e8 il caricabatterie portatile ultrasottile che in soli 11 mm di spessore offre carica veloce, alta capacit\u00e0 e leggerezza: il miglior compromesso fra potenza e dimensioni. La batteria realizzata con l\u2019innovativa tecnologia ai polimeri di litio rende infatti Freepower Slim 5000 un power bank super sottile, perfetto da portare sempre con s\u00e9 con il minimo ingombro. Dotato inoltre di una porta input USB-C, FreePower Slim 5000 pu\u00f2 essere ricaricato direttamente con i cavi USB Type-C degli smartphone pi\u00f9 avanzati in commercio. FreePower Slim 5000 \u00e8 provvisto inoltre di sistema di carica veloce simultanea e di controllo del surriscaldamento che consente di ricaricare i tuoi dispositivi in totale comodit\u00e0 e sicurezza.<\/p>\n","protected":false},"excerpt":{"rendered":"<p>Caricabatterie portatile ultrasottile<\/p>\n","protected":false},"featured_media":62745,"comment_status":"closed","ping_status":"closed","template":"","meta":{"_et_pb_use_builder":"","_et_pb_old_content":"","_et_gb_content_width":""},"pwb-brand":[],"product_cat":[653,605],"product_tag":[],"compatibilite":[],"compatibilite_smartphone":[4366,4369,4469,4384,4363,4370,4354,4365,4376,4436,4443,4355,4383,4441,4357,4368,4373,4381,4417,4419,4382,4420,4418,4437,4446,4442,4445,4444,4378,4356,4359,4377,4364,4379,4353,4374,4372,4449,4447,4380,4362,4448,4440,4358,4435,4433,4434,4453,4371,4360,4367,4388,4386,4387,4390,4415,4402,4396,4406,4414,4405,4408,4394,4403,4407,4404,4410,4395,4422,4409,4399,4398,4427,4428,4423,4401,4400,4431,4425,4424,4429,4430,4393,4412,4397,4416,4411,4426,4392,4391],"brands":[],"_links":{"self":[{"href":"https:\/\/stage.shop-cellularswiss.ch\/it\/wp-json\/wp\/v2\/product\/50594"}],"collection":[{"href":"https:\/\/stage.shop-cellularswiss.ch\/it\/wp-json\/wp\/v2\/product"}],"about":[{"href":"https:\/\/stage.shop-cellularswiss.ch\/it\/wp-json\/wp\/v2\/types\/product"}],"replies":[{"embeddable":true,"href":"https:\/\/stage.shop-cellularswiss.ch\/it\/wp-json\/wp\/v2\/comments?post=50594"}],"wp:featuredmedia":[{"embeddable":true,"href":"https:\/\/stage.shop-cellularswiss.ch\/it\/wp-json\/wp\/v2\/media\/62745"}],"wp:attachment":[{"href":"https:\/\/stage.shop-cellularswiss.ch\/it\/wp-json\/wp\/v2\/media?parent=50594"}],"wp:term":[{"taxonomy":"pwb-brand","embeddable":true,"href":"https:\/\/stage.shop-cellularswiss.ch\/it\/wp-json\/wp\/v2\/pwb-brand?post=50594"},{"taxonomy":"product_cat","embeddable":true,"href":"https:\/\/stage.shop-cellularswiss.ch\/it\/wp-json\/wp\/v2\/product_cat?post=50594"},{"taxonomy":"product_tag","embeddable":true,"href":"https:\/\/stage.shop-cellularswiss.ch\/it\/wp-json\/wp\/v2\/product_tag?post=50594"},{"taxonomy":"compatibilite","embeddable":true,"href":"https:\/\/stage.shop-cellularswiss.ch\/it\/wp-json\/wp\/v2\/compatibilite?post=50594"},{"taxonomy":"compatibilite_smartphone","embeddable":true,"href":"https:\/\/stage.shop-cellularswiss.ch\/it\/wp-json\/wp\/v2\/compatibilite_smartphone?post=50594"}],"curies":[{"name":"wp","href":"https:\/\/api.w.org\/{rel}","templated":true}]}}