
{"id":50615,"date":"2021-03-20T11:15:52","date_gmt":"2021-03-20T11:15:53","guid":{"rendered":"https:\/\/stage.shop-cellularswiss.ch\/produit\/grip-universal\/"},"modified":"2021-03-20T12:15:56","modified_gmt":"2021-03-20T11:15:56","slug":"grip-universal","status":"publish","type":"product","link":"https:\/\/stage.shop-cellularswiss.ch\/it\/produit\/grip-universal\/","title":{"rendered":"Grip &#8211; Universal"},"content":{"rendered":"<p>Grip \u00e8 il tappetino da auto in silicone con superficie anti-scivolo che consente di posizionare smartphone, chiavi e altri piccoli oggetti sul cruscotto. Si pu\u00f2 applicare su superfici con una pendenza fino a 80 gradi. Grip \u00e8 facile da installare, da rimuovere e completamente lavabile. Non lascia residui n\u00e9 sul cruscotto, n\u00e9 sugli oggetti.<\/p>\n","protected":false},"excerpt":{"rendered":"<p>Supporto smartphone da auto in silicone anti-scivolo<\/p>\n","protected":false},"featured_media":62629,"comment_status":"closed","ping_status":"closed","template":"","meta":{"_et_pb_use_builder":"","_et_pb_old_content":"","_et_gb_content_width":""},"pwb-brand":[],"product_cat":[647,605],"product_tag":[],"compatibilite":[],"compatibilite_smartphone":[4378,4356,4359,4379,4353,4374,4372],"brands":[],"_links":{"self":[{"href":"https:\/\/stage.shop-cellularswiss.ch\/it\/wp-json\/wp\/v2\/product\/50615"}],"collection":[{"href":"https:\/\/stage.shop-cellularswiss.ch\/it\/wp-json\/wp\/v2\/product"}],"about":[{"href":"https:\/\/stage.shop-cellularswiss.ch\/it\/wp-json\/wp\/v2\/types\/product"}],"replies":[{"embeddable":true,"href":"https:\/\/stage.shop-cellularswiss.ch\/it\/wp-json\/wp\/v2\/comments?post=50615"}],"wp:featuredmedia":[{"embeddable":true,"href":"https:\/\/stage.shop-cellularswiss.ch\/it\/wp-json\/wp\/v2\/media\/62629"}],"wp:attachment":[{"href":"https:\/\/stage.shop-cellularswiss.ch\/it\/wp-json\/wp\/v2\/media?parent=50615"}],"wp:term":[{"taxonomy":"pwb-brand","embeddable":true,"href":"https:\/\/stage.shop-cellularswiss.ch\/it\/wp-json\/wp\/v2\/pwb-brand?post=50615"},{"taxonomy":"product_cat","embeddable":true,"href":"https:\/\/stage.shop-cellularswiss.ch\/it\/wp-json\/wp\/v2\/product_cat?post=50615"},{"taxonomy":"product_tag","embeddable":true,"href":"https:\/\/stage.shop-cellularswiss.ch\/it\/wp-json\/wp\/v2\/product_tag?post=50615"},{"taxonomy":"compatibilite","embeddable":true,"href":"https:\/\/stage.shop-cellularswiss.ch\/it\/wp-json\/wp\/v2\/compatibilite?post=50615"},{"taxonomy":"compatibilite_smartphone","embeddable":true,"href":"https:\/\/stage.shop-cellularswiss.ch\/it\/wp-json\/wp\/v2\/compatibilite_smartphone?post=50615"}],"curies":[{"name":"wp","href":"https:\/\/api.w.org\/{rel}","templated":true}]}}