
{"id":50617,"date":"2021-03-20T12:15:57","date_gmt":"2021-03-20T11:15:57","guid":{"rendered":"https:\/\/stage.shop-cellularswiss.ch\/produit\/handy-drive-pro-universal\/"},"modified":"2021-03-20T12:16:00","modified_gmt":"2021-03-20T11:16:00","slug":"handy-drive-pro-universal","status":"publish","type":"product","link":"https:\/\/stage.shop-cellularswiss.ch\/it\/produit\/handy-drive-pro-universal\/","title":{"rendered":"Handy Drive Pro &#8211; Universal"},"content":{"rendered":"<p>Il supporto smartphone da auto pratico e dalle finiture eleganti, che si aggancia alle alette di aerazione, perfetto per chi desidera avere lo smartphone a portata di mano. Realizzato completamente in metallo, Handy Drive Pro \u00e8 dotato di cuscinetti in gomma che assicurano una presa forte allo smartphone e al contempo non graffiano la superficie. Inoltre \u00e8 dotato di un pratico sistema di aggancio alle alette di aereazione, semplice da installare e da rimuovere in qualsiasi momento. Handy Drive Pro \u00e8 disponibile in due differenti tonalit\u00e0 di colore ed \u00e8 ideale per auto eleganti e con interni in alluminio.<\/p>\n","protected":false},"excerpt":{"rendered":"<p>Supporto smartphone da auto per alette di aerazione<\/p>\n","protected":false},"featured_media":37712,"comment_status":"closed","ping_status":"open","template":"","meta":{"_et_pb_use_builder":"","_et_pb_old_content":"","_et_gb_content_width":""},"pwb-brand":[],"product_cat":[647,605],"product_tag":[],"compatibilite":[],"compatibilite_smartphone":[],"brands":[],"_links":{"self":[{"href":"https:\/\/stage.shop-cellularswiss.ch\/it\/wp-json\/wp\/v2\/product\/50617"}],"collection":[{"href":"https:\/\/stage.shop-cellularswiss.ch\/it\/wp-json\/wp\/v2\/product"}],"about":[{"href":"https:\/\/stage.shop-cellularswiss.ch\/it\/wp-json\/wp\/v2\/types\/product"}],"replies":[{"embeddable":true,"href":"https:\/\/stage.shop-cellularswiss.ch\/it\/wp-json\/wp\/v2\/comments?post=50617"}],"wp:featuredmedia":[{"embeddable":true,"href":"https:\/\/stage.shop-cellularswiss.ch\/it\/wp-json\/wp\/v2\/media\/37712"}],"wp:attachment":[{"href":"https:\/\/stage.shop-cellularswiss.ch\/it\/wp-json\/wp\/v2\/media?parent=50617"}],"wp:term":[{"taxonomy":"pwb-brand","embeddable":true,"href":"https:\/\/stage.shop-cellularswiss.ch\/it\/wp-json\/wp\/v2\/pwb-brand?post=50617"},{"taxonomy":"product_cat","embeddable":true,"href":"https:\/\/stage.shop-cellularswiss.ch\/it\/wp-json\/wp\/v2\/product_cat?post=50617"},{"taxonomy":"product_tag","embeddable":true,"href":"https:\/\/stage.shop-cellularswiss.ch\/it\/wp-json\/wp\/v2\/product_tag?post=50617"},{"taxonomy":"compatibilite","embeddable":true,"href":"https:\/\/stage.shop-cellularswiss.ch\/it\/wp-json\/wp\/v2\/compatibilite?post=50617"},{"taxonomy":"compatibilite_smartphone","embeddable":true,"href":"https:\/\/stage.shop-cellularswiss.ch\/it\/wp-json\/wp\/v2\/compatibilite_smartphone?post=50617"}],"curies":[{"name":"wp","href":"https:\/\/api.w.org\/{rel}","templated":true}]}}