
{"id":50640,"date":"2021-03-20T11:16:48","date_gmt":"2021-03-20T11:16:57","guid":{"rendered":"https:\/\/stage.shop-cellularswiss.ch\/produit\/impact-glass-galaxy-tab-s7\/"},"modified":"2021-03-20T12:17:01","modified_gmt":"2021-03-20T11:17:01","slug":"impact-glass-galaxy-tab-s7","status":"publish","type":"product","link":"https:\/\/stage.shop-cellularswiss.ch\/it\/produit\/impact-glass-galaxy-tab-s7\/","title":{"rendered":"Impact Glass &#8211; Galaxy Tab S7"},"content":{"rendered":"<p>Impact Glass \u00e8 un vero vetro temperato che assicura la miglior protezione per i display e ne mantiene inalterate le caratteristiche. Un particolare trattamento fa risaltare ancora di pi\u00f9 la luminosit\u00e0 degli schermi HD e la sensibilit\u00e0 touch dei display.<\/p>\n","protected":false},"excerpt":{"rendered":"<p>Vetro temperato sottile e resistente<\/p>\n","protected":false},"featured_media":39373,"comment_status":"closed","ping_status":"closed","template":"","meta":{"_et_pb_use_builder":"","_et_pb_old_content":"","_et_gb_content_width":""},"pwb-brand":[],"product_cat":[554,541],"product_tag":[],"compatibilite":[],"compatibilite_smartphone":[4426],"brands":[],"_links":{"self":[{"href":"https:\/\/stage.shop-cellularswiss.ch\/it\/wp-json\/wp\/v2\/product\/50640"}],"collection":[{"href":"https:\/\/stage.shop-cellularswiss.ch\/it\/wp-json\/wp\/v2\/product"}],"about":[{"href":"https:\/\/stage.shop-cellularswiss.ch\/it\/wp-json\/wp\/v2\/types\/product"}],"replies":[{"embeddable":true,"href":"https:\/\/stage.shop-cellularswiss.ch\/it\/wp-json\/wp\/v2\/comments?post=50640"}],"wp:featuredmedia":[{"embeddable":true,"href":"https:\/\/stage.shop-cellularswiss.ch\/it\/wp-json\/wp\/v2\/media\/39373"}],"wp:attachment":[{"href":"https:\/\/stage.shop-cellularswiss.ch\/it\/wp-json\/wp\/v2\/media?parent=50640"}],"wp:term":[{"taxonomy":"pwb-brand","embeddable":true,"href":"https:\/\/stage.shop-cellularswiss.ch\/it\/wp-json\/wp\/v2\/pwb-brand?post=50640"},{"taxonomy":"product_cat","embeddable":true,"href":"https:\/\/stage.shop-cellularswiss.ch\/it\/wp-json\/wp\/v2\/product_cat?post=50640"},{"taxonomy":"product_tag","embeddable":true,"href":"https:\/\/stage.shop-cellularswiss.ch\/it\/wp-json\/wp\/v2\/product_tag?post=50640"},{"taxonomy":"compatibilite","embeddable":true,"href":"https:\/\/stage.shop-cellularswiss.ch\/it\/wp-json\/wp\/v2\/compatibilite?post=50640"},{"taxonomy":"compatibilite_smartphone","embeddable":true,"href":"https:\/\/stage.shop-cellularswiss.ch\/it\/wp-json\/wp\/v2\/compatibilite_smartphone?post=50640"}],"curies":[{"name":"wp","href":"https:\/\/api.w.org\/{rel}","templated":true}]}}