
{"id":50642,"date":"2021-03-20T12:17:02","date_gmt":"2021-03-20T11:17:02","guid":{"rendered":"https:\/\/stage.shop-cellularswiss.ch\/produit\/impact-glass-ipad-10-2-2019\/"},"modified":"2021-03-20T12:17:05","modified_gmt":"2021-03-20T11:17:05","slug":"impact-glass-ipad-10-2-2019","status":"publish","type":"product","link":"https:\/\/stage.shop-cellularswiss.ch\/it\/produit\/impact-glass-ipad-10-2-2019\/","title":{"rendered":"Impact Glass &#8211; iPad 10.2 (2019)"},"content":{"rendered":"<p>Impact Glass \u00e8 un vero vetro temperato che assicura la miglior protezione per i display e ne mantiene inalterate le caratteristiche. Un particolare trattamento fa risaltare ancora di pi\u00f9 la luminosit\u00e0 degli schermi HD e la sensibilit\u00e0 touch dei display.<\/p>\n","protected":false},"excerpt":{"rendered":"<p>Vetro temperato sottile e resistente<\/p>\n","protected":false},"featured_media":55255,"comment_status":"closed","ping_status":"open","template":"","meta":{"_et_pb_use_builder":"","_et_pb_old_content":"","_et_gb_content_width":""},"pwb-brand":[],"product_cat":[554,541],"product_tag":[],"compatibilite":[],"compatibilite_smartphone":[4469,4384],"brands":[],"_links":{"self":[{"href":"https:\/\/stage.shop-cellularswiss.ch\/it\/wp-json\/wp\/v2\/product\/50642"}],"collection":[{"href":"https:\/\/stage.shop-cellularswiss.ch\/it\/wp-json\/wp\/v2\/product"}],"about":[{"href":"https:\/\/stage.shop-cellularswiss.ch\/it\/wp-json\/wp\/v2\/types\/product"}],"replies":[{"embeddable":true,"href":"https:\/\/stage.shop-cellularswiss.ch\/it\/wp-json\/wp\/v2\/comments?post=50642"}],"wp:featuredmedia":[{"embeddable":true,"href":"https:\/\/stage.shop-cellularswiss.ch\/it\/wp-json\/wp\/v2\/media\/55255"}],"wp:attachment":[{"href":"https:\/\/stage.shop-cellularswiss.ch\/it\/wp-json\/wp\/v2\/media?parent=50642"}],"wp:term":[{"taxonomy":"pwb-brand","embeddable":true,"href":"https:\/\/stage.shop-cellularswiss.ch\/it\/wp-json\/wp\/v2\/pwb-brand?post=50642"},{"taxonomy":"product_cat","embeddable":true,"href":"https:\/\/stage.shop-cellularswiss.ch\/it\/wp-json\/wp\/v2\/product_cat?post=50642"},{"taxonomy":"product_tag","embeddable":true,"href":"https:\/\/stage.shop-cellularswiss.ch\/it\/wp-json\/wp\/v2\/product_tag?post=50642"},{"taxonomy":"compatibilite","embeddable":true,"href":"https:\/\/stage.shop-cellularswiss.ch\/it\/wp-json\/wp\/v2\/compatibilite?post=50642"},{"taxonomy":"compatibilite_smartphone","embeddable":true,"href":"https:\/\/stage.shop-cellularswiss.ch\/it\/wp-json\/wp\/v2\/compatibilite_smartphone?post=50642"}],"curies":[{"name":"wp","href":"https:\/\/api.w.org\/{rel}","templated":true}]}}