
{"id":50654,"date":"2021-03-20T11:17:19","date_gmt":"2021-03-20T11:17:31","guid":{"rendered":"https:\/\/stage.shop-cellularswiss.ch\/produit\/impact-glass-iphone-6s\/"},"modified":"2021-03-20T12:17:34","modified_gmt":"2021-03-20T11:17:34","slug":"impact-glass-iphone-6s","status":"publish","type":"product","link":"https:\/\/stage.shop-cellularswiss.ch\/it\/produit\/impact-glass-iphone-6s\/","title":{"rendered":"Impact Glass &#8211; iPhone 6S"},"content":{"rendered":"<p>Impact Glass \u00e8 un vero vetro temperato che assicura la miglior protezione per i display e ne mantiene inalterate le caratteristiche. Un particolare trattamento fa risaltare ancora di pi\u00f9 la luminosit\u00e0 degli schermi HD e la sensibilit\u00e0 touch dei display.<\/p>\n","protected":false},"excerpt":{"rendered":"<p>Vetro temperato sottile e resistente<\/p>\n","protected":false},"featured_media":55243,"comment_status":"closed","ping_status":"closed","template":"","meta":{"_et_pb_use_builder":"","_et_pb_old_content":"","_et_gb_content_width":""},"pwb-brand":[],"product_cat":[550,541],"product_tag":[],"compatibilite":[],"compatibilite_smartphone":[4379,4374],"brands":[],"_links":{"self":[{"href":"https:\/\/stage.shop-cellularswiss.ch\/it\/wp-json\/wp\/v2\/product\/50654"}],"collection":[{"href":"https:\/\/stage.shop-cellularswiss.ch\/it\/wp-json\/wp\/v2\/product"}],"about":[{"href":"https:\/\/stage.shop-cellularswiss.ch\/it\/wp-json\/wp\/v2\/types\/product"}],"replies":[{"embeddable":true,"href":"https:\/\/stage.shop-cellularswiss.ch\/it\/wp-json\/wp\/v2\/comments?post=50654"}],"wp:featuredmedia":[{"embeddable":true,"href":"https:\/\/stage.shop-cellularswiss.ch\/it\/wp-json\/wp\/v2\/media\/55243"}],"wp:attachment":[{"href":"https:\/\/stage.shop-cellularswiss.ch\/it\/wp-json\/wp\/v2\/media?parent=50654"}],"wp:term":[{"taxonomy":"pwb-brand","embeddable":true,"href":"https:\/\/stage.shop-cellularswiss.ch\/it\/wp-json\/wp\/v2\/pwb-brand?post=50654"},{"taxonomy":"product_cat","embeddable":true,"href":"https:\/\/stage.shop-cellularswiss.ch\/it\/wp-json\/wp\/v2\/product_cat?post=50654"},{"taxonomy":"product_tag","embeddable":true,"href":"https:\/\/stage.shop-cellularswiss.ch\/it\/wp-json\/wp\/v2\/product_tag?post=50654"},{"taxonomy":"compatibilite","embeddable":true,"href":"https:\/\/stage.shop-cellularswiss.ch\/it\/wp-json\/wp\/v2\/compatibilite?post=50654"},{"taxonomy":"compatibilite_smartphone","embeddable":true,"href":"https:\/\/stage.shop-cellularswiss.ch\/it\/wp-json\/wp\/v2\/compatibilite_smartphone?post=50654"}],"curies":[{"name":"wp","href":"https:\/\/api.w.org\/{rel}","templated":true}]}}