
{"id":50708,"date":"2021-03-20T11:19:22","date_gmt":"2021-03-20T11:19:41","guid":{"rendered":"https:\/\/stage.shop-cellularswiss.ch\/produit\/long-life-galaxy-s21\/"},"modified":"2021-03-20T12:19:45","modified_gmt":"2021-03-20T11:19:45","slug":"long-life-galaxy-s21","status":"publish","type":"product","link":"https:\/\/stage.shop-cellularswiss.ch\/it\/produit\/long-life-galaxy-s21\/","title":{"rendered":"Long Life &#8211; Galaxy S21"},"content":{"rendered":"<p>Long Life \u00e8 il vetro ibrido di qualit\u00e0 superiore progettato per essere indistruttibile e offrire la massima protezione. Lo speciale trattamento a idro-molecole lo rende particolarmente resistente e flessibile e quasi impossibile da rompere o scheggiare. Aderisce perfettamente all&#8217;intera superficie del display, assicurando un&#8217;eccellente conduttivit\u00e0 e sensibilit\u00e0 al tocco. Per noi la qualit\u00e0 non \u00e8 solo una promessa ma un dovere! Qualora Long Life si rompesse provvederemo a sostituirlo per tutta la vita del tuo smartphone. Scopri i termini e le condizioni della garanzia, accedendo sul nostro sitowww.cellularline.com\/it-it\/one4ever<\/p>\n","protected":false},"excerpt":{"rendered":"<p>Vetro ibrido indistruttibile garantito a vita<\/p>\n","protected":false},"featured_media":62327,"comment_status":"closed","ping_status":"closed","template":"","meta":{"_et_pb_use_builder":"","_et_pb_old_content":"","_et_gb_content_width":""},"pwb-brand":[],"product_cat":[550,541],"product_tag":[],"compatibilite":[],"compatibilite_smartphone":[4429],"brands":[],"_links":{"self":[{"href":"https:\/\/stage.shop-cellularswiss.ch\/it\/wp-json\/wp\/v2\/product\/50708"}],"collection":[{"href":"https:\/\/stage.shop-cellularswiss.ch\/it\/wp-json\/wp\/v2\/product"}],"about":[{"href":"https:\/\/stage.shop-cellularswiss.ch\/it\/wp-json\/wp\/v2\/types\/product"}],"replies":[{"embeddable":true,"href":"https:\/\/stage.shop-cellularswiss.ch\/it\/wp-json\/wp\/v2\/comments?post=50708"}],"wp:featuredmedia":[{"embeddable":true,"href":"https:\/\/stage.shop-cellularswiss.ch\/it\/wp-json\/wp\/v2\/media\/62327"}],"wp:attachment":[{"href":"https:\/\/stage.shop-cellularswiss.ch\/it\/wp-json\/wp\/v2\/media?parent=50708"}],"wp:term":[{"taxonomy":"pwb-brand","embeddable":true,"href":"https:\/\/stage.shop-cellularswiss.ch\/it\/wp-json\/wp\/v2\/pwb-brand?post=50708"},{"taxonomy":"product_cat","embeddable":true,"href":"https:\/\/stage.shop-cellularswiss.ch\/it\/wp-json\/wp\/v2\/product_cat?post=50708"},{"taxonomy":"product_tag","embeddable":true,"href":"https:\/\/stage.shop-cellularswiss.ch\/it\/wp-json\/wp\/v2\/product_tag?post=50708"},{"taxonomy":"compatibilite","embeddable":true,"href":"https:\/\/stage.shop-cellularswiss.ch\/it\/wp-json\/wp\/v2\/compatibilite?post=50708"},{"taxonomy":"compatibilite_smartphone","embeddable":true,"href":"https:\/\/stage.shop-cellularswiss.ch\/it\/wp-json\/wp\/v2\/compatibilite_smartphone?post=50708"}],"curies":[{"name":"wp","href":"https:\/\/api.w.org\/{rel}","templated":true}]}}