
{"id":50717,"date":"2021-03-20T12:20:04","date_gmt":"2021-03-20T11:20:04","guid":{"rendered":"https:\/\/stage.shop-cellularswiss.ch\/produit\/loud\/"},"modified":"2021-03-20T12:20:12","modified_gmt":"2021-03-20T11:20:12","slug":"loud","status":"publish","type":"product","link":"https:\/\/stage.shop-cellularswiss.ch\/it\/produit\/loud\/","title":{"rendered":"Loud"},"content":{"rendered":"<p>Loud \u00e8 l\u2019auricolare a capsula ovale ideale per chi desidera godere un\u2019esperienza d\u2019ascolto di alta qualit\u00e0 e ottenere un suono nitido e pulito. Il cavo piatto anti groviglio \u00e8 ideale per regalare massima comodit\u00e0 e comfort mentre il rivestimento soft touch rende Loud un accessorio elegante e piacevole al tatto. La tecnologia Streaming Top Sound Performance consente di ottenere un\u2019ottima qualit\u00e0 della riproduzione della musica anche in streaming, perfetta per chi desidera fruire ottime esperienze d\u2019ascolto dal proprio smartphone. Inoltre il microfono con tasto di risposta integrato, rende facile ed agevole rispondere alle chiamate in arrivo e cambiare canzoni con un semplice click.<\/p>\n","protected":false},"excerpt":{"rendered":"<p>Auricolare a capsula ovale dal suono definito e potente<\/p>\n","protected":false},"featured_media":55655,"comment_status":"closed","ping_status":"open","template":"","meta":{"_et_pb_use_builder":"","_et_pb_old_content":"","_et_gb_content_width":""},"pwb-brand":[],"product_cat":[475,491],"product_tag":[],"compatibilite":[],"compatibilite_smartphone":[4366,4369,4384,4363,4370,4354,4365,4375,4376,4355,4383,4357,4368,4373,4381,4382,4361,4378,4356,4359,4377,4364,4379,4353,4374,4372,4362,4371,4360,4367,4385,4388,4386,4389,4387,4402,4413,4396,4406,4414,4405,4408,4394,4403,4407,4404,4410,4395,4409,4399,4398,4401,4400,4393,4412,4397,4416,4411,4392,4391],"brands":[],"_links":{"self":[{"href":"https:\/\/stage.shop-cellularswiss.ch\/it\/wp-json\/wp\/v2\/product\/50717"}],"collection":[{"href":"https:\/\/stage.shop-cellularswiss.ch\/it\/wp-json\/wp\/v2\/product"}],"about":[{"href":"https:\/\/stage.shop-cellularswiss.ch\/it\/wp-json\/wp\/v2\/types\/product"}],"replies":[{"embeddable":true,"href":"https:\/\/stage.shop-cellularswiss.ch\/it\/wp-json\/wp\/v2\/comments?post=50717"}],"wp:featuredmedia":[{"embeddable":true,"href":"https:\/\/stage.shop-cellularswiss.ch\/it\/wp-json\/wp\/v2\/media\/55655"}],"wp:attachment":[{"href":"https:\/\/stage.shop-cellularswiss.ch\/it\/wp-json\/wp\/v2\/media?parent=50717"}],"wp:term":[{"taxonomy":"pwb-brand","embeddable":true,"href":"https:\/\/stage.shop-cellularswiss.ch\/it\/wp-json\/wp\/v2\/pwb-brand?post=50717"},{"taxonomy":"product_cat","embeddable":true,"href":"https:\/\/stage.shop-cellularswiss.ch\/it\/wp-json\/wp\/v2\/product_cat?post=50717"},{"taxonomy":"product_tag","embeddable":true,"href":"https:\/\/stage.shop-cellularswiss.ch\/it\/wp-json\/wp\/v2\/product_tag?post=50717"},{"taxonomy":"compatibilite","embeddable":true,"href":"https:\/\/stage.shop-cellularswiss.ch\/it\/wp-json\/wp\/v2\/compatibilite?post=50717"},{"taxonomy":"compatibilite_smartphone","embeddable":true,"href":"https:\/\/stage.shop-cellularswiss.ch\/it\/wp-json\/wp\/v2\/compatibilite_smartphone?post=50717"}],"curies":[{"name":"wp","href":"https:\/\/api.w.org\/{rel}","templated":true}]}}