
{"id":50790,"date":"2021-03-20T11:22:33","date_gmt":"2021-03-20T11:22:53","guid":{"rendered":"https:\/\/stage.shop-cellularswiss.ch\/produit\/neck-case-iphone-12-12-pro\/"},"modified":"2021-03-20T12:23:01","modified_gmt":"2021-03-20T11:23:01","slug":"neck-case-iphone-12-12-pro","status":"publish","type":"product","link":"https:\/\/stage.shop-cellularswiss.ch\/it\/produit\/neck-case-iphone-12-12-pro\/","title":{"rendered":"Neck-Case &#8211; iPhone 12 \/ 12 Pro"},"content":{"rendered":"<p>Neck-Case \u00e8 la custodia trasparente con cordino regolabile che permette di indossare lo smartphone a tracolla o come pi\u00f9 ti piace, lasciando le mani libere. Il retro della custodia \u00e8 rigido e i bordi sono in gomma con angoli rinforzati per una maggiore protezione. I pratici anelli alla base della custodia permettono di far scorrere il telefono lungo la corda, per un facile accesso allo smartphone in qualunque occasione.<\/p>\n","protected":false},"excerpt":{"rendered":"<p>Custodia trasparente con cordino regolabile<\/p>\n","protected":false},"featured_media":61819,"comment_status":"closed","ping_status":"closed","template":"","meta":{"_et_pb_use_builder":"","_et_pb_old_content":"","_et_gb_content_width":""},"pwb-brand":[],"product_cat":[560,541],"product_tag":[],"compatibilite":[],"compatibilite_smartphone":[4446],"brands":[],"_links":{"self":[{"href":"https:\/\/stage.shop-cellularswiss.ch\/it\/wp-json\/wp\/v2\/product\/50790"}],"collection":[{"href":"https:\/\/stage.shop-cellularswiss.ch\/it\/wp-json\/wp\/v2\/product"}],"about":[{"href":"https:\/\/stage.shop-cellularswiss.ch\/it\/wp-json\/wp\/v2\/types\/product"}],"replies":[{"embeddable":true,"href":"https:\/\/stage.shop-cellularswiss.ch\/it\/wp-json\/wp\/v2\/comments?post=50790"}],"wp:featuredmedia":[{"embeddable":true,"href":"https:\/\/stage.shop-cellularswiss.ch\/it\/wp-json\/wp\/v2\/media\/61819"}],"wp:attachment":[{"href":"https:\/\/stage.shop-cellularswiss.ch\/it\/wp-json\/wp\/v2\/media?parent=50790"}],"wp:term":[{"taxonomy":"pwb-brand","embeddable":true,"href":"https:\/\/stage.shop-cellularswiss.ch\/it\/wp-json\/wp\/v2\/pwb-brand?post=50790"},{"taxonomy":"product_cat","embeddable":true,"href":"https:\/\/stage.shop-cellularswiss.ch\/it\/wp-json\/wp\/v2\/product_cat?post=50790"},{"taxonomy":"product_tag","embeddable":true,"href":"https:\/\/stage.shop-cellularswiss.ch\/it\/wp-json\/wp\/v2\/product_tag?post=50790"},{"taxonomy":"compatibilite","embeddable":true,"href":"https:\/\/stage.shop-cellularswiss.ch\/it\/wp-json\/wp\/v2\/compatibilite?post=50790"},{"taxonomy":"compatibilite_smartphone","embeddable":true,"href":"https:\/\/stage.shop-cellularswiss.ch\/it\/wp-json\/wp\/v2\/compatibilite_smartphone?post=50790"}],"curies":[{"name":"wp","href":"https:\/\/api.w.org\/{rel}","templated":true}]}}