
{"id":50806,"date":"2021-03-20T11:23:11","date_gmt":"2021-03-20T11:23:33","guid":{"rendered":"https:\/\/stage.shop-cellularswiss.ch\/produit\/neon-beat-universale\/"},"modified":"2021-03-20T12:23:43","modified_gmt":"2021-03-20T11:23:43","slug":"neon-beat-universale","status":"publish","type":"product","link":"https:\/\/stage.shop-cellularswiss.ch\/it\/produit\/neon-beat-universale\/","title":{"rendered":"Neon Beat &#8211; Universale"},"content":{"rendered":"<p>Neon Beat \u00e8 lo speaker stabile e compatto da 3 Watt di potenza che offre un suono diffuso in pi\u00f9 direzioni. La luce neon e le sue forme originali gli conferiscono un tocco di personalit\u00e0. Incluso troverai il cavo di ricarica. Perfetto anche come idea regalo.<\/p>\n","protected":false},"excerpt":{"rendered":"<p>Speaker Bluetooth\u00ae con led effetto neon<\/p>\n","protected":false},"featured_media":62621,"comment_status":"closed","ping_status":"closed","template":"","meta":{"_et_pb_use_builder":"","_et_pb_old_content":"","_et_gb_content_width":""},"pwb-brand":[],"product_cat":[650,642],"product_tag":[],"compatibilite":[],"compatibilite_smartphone":[4366,4384,4363,4370,4354,4365,4376,4436,4443,4383,4441,4373,4381,4417,4419,4382,4420,4361,4418,4450,4437,4439,4438,4446,4442,4445,4444,4378,4356,4359,4377,4364,4379,4353,4374,4372,4449,4447,4380,4362,4448,4440,4358,4435,4433,4434,4367,4385,4388,4386,4389,4387,4421,4390,4415,4402,4413,4396,4406,4414,4405,4408,4394,4403,4407,4404,4410,4395,4422,4409,4399,4427,4428,4423,4401,4400,4431,4425,4424,4429,4430,4393,4412,4397,4416,4411,4426,4392,4391],"brands":[],"_links":{"self":[{"href":"https:\/\/stage.shop-cellularswiss.ch\/it\/wp-json\/wp\/v2\/product\/50806"}],"collection":[{"href":"https:\/\/stage.shop-cellularswiss.ch\/it\/wp-json\/wp\/v2\/product"}],"about":[{"href":"https:\/\/stage.shop-cellularswiss.ch\/it\/wp-json\/wp\/v2\/types\/product"}],"replies":[{"embeddable":true,"href":"https:\/\/stage.shop-cellularswiss.ch\/it\/wp-json\/wp\/v2\/comments?post=50806"}],"wp:featuredmedia":[{"embeddable":true,"href":"https:\/\/stage.shop-cellularswiss.ch\/it\/wp-json\/wp\/v2\/media\/62621"}],"wp:attachment":[{"href":"https:\/\/stage.shop-cellularswiss.ch\/it\/wp-json\/wp\/v2\/media?parent=50806"}],"wp:term":[{"taxonomy":"pwb-brand","embeddable":true,"href":"https:\/\/stage.shop-cellularswiss.ch\/it\/wp-json\/wp\/v2\/pwb-brand?post=50806"},{"taxonomy":"product_cat","embeddable":true,"href":"https:\/\/stage.shop-cellularswiss.ch\/it\/wp-json\/wp\/v2\/product_cat?post=50806"},{"taxonomy":"product_tag","embeddable":true,"href":"https:\/\/stage.shop-cellularswiss.ch\/it\/wp-json\/wp\/v2\/product_tag?post=50806"},{"taxonomy":"compatibilite","embeddable":true,"href":"https:\/\/stage.shop-cellularswiss.ch\/it\/wp-json\/wp\/v2\/compatibilite?post=50806"},{"taxonomy":"compatibilite_smartphone","embeddable":true,"href":"https:\/\/stage.shop-cellularswiss.ch\/it\/wp-json\/wp\/v2\/compatibilite_smartphone?post=50806"}],"curies":[{"name":"wp","href":"https:\/\/api.w.org\/{rel}","templated":true}]}}