
{"id":50844,"date":"2021-03-20T12:25:04","date_gmt":"2021-03-20T11:25:04","guid":{"rendered":"https:\/\/stage.shop-cellularswiss.ch\/produit\/pilot-view-universal\/"},"modified":"2021-03-20T12:25:07","modified_gmt":"2021-03-20T11:25:07","slug":"pilot-view-universal","status":"publish","type":"product","link":"https:\/\/stage.shop-cellularswiss.ch\/it\/produit\/pilot-view-universal\/","title":{"rendered":"Pilot View &#8211; Universal"},"content":{"rendered":"<p>Pilot View \u00e8 il supporto auto universale realizzato in finiture in gomma antigraffio che si aggancia alla parte del cruscotto posta immediatamente sopra al quadro strumenti dell\u2019automobile*. Funzionale e sicuro, il supporto auto Pilot View consente di avere all\u2019interno dello stesso campo visivo la strada e lo smartphone, evitando cos\u00ec cambiamenti nella posizione dello sguardo e mantenendo la concentrazione visiva sempre nella stessa direzione, restando concentrati sulla guida. Pilot View \u00e8 compatibile con la maggior parte dei cruscotti presenti sul mercato ed \u00e8 utilizzabile senza rimuovere la custodia dal telefono. *Prima di installare il supporto \u00e8 opportuno assicurarsi che il cruscotto sporga di almeno 30mm dal quadro strumenti e che lo smartphone non ostruisca la vista durante la guida<\/p>\n","protected":false},"excerpt":{"rendered":"<p>Supporto smartphone da auto per quadro strumenti<\/p>\n","protected":false},"featured_media":55551,"comment_status":"closed","ping_status":"open","template":"","meta":{"_et_pb_use_builder":"","_et_pb_old_content":"","_et_gb_content_width":""},"pwb-brand":[],"product_cat":[647,605],"product_tag":[],"compatibilite":[],"compatibilite_smartphone":[],"brands":[],"_links":{"self":[{"href":"https:\/\/stage.shop-cellularswiss.ch\/it\/wp-json\/wp\/v2\/product\/50844"}],"collection":[{"href":"https:\/\/stage.shop-cellularswiss.ch\/it\/wp-json\/wp\/v2\/product"}],"about":[{"href":"https:\/\/stage.shop-cellularswiss.ch\/it\/wp-json\/wp\/v2\/types\/product"}],"replies":[{"embeddable":true,"href":"https:\/\/stage.shop-cellularswiss.ch\/it\/wp-json\/wp\/v2\/comments?post=50844"}],"wp:featuredmedia":[{"embeddable":true,"href":"https:\/\/stage.shop-cellularswiss.ch\/it\/wp-json\/wp\/v2\/media\/55551"}],"wp:attachment":[{"href":"https:\/\/stage.shop-cellularswiss.ch\/it\/wp-json\/wp\/v2\/media?parent=50844"}],"wp:term":[{"taxonomy":"pwb-brand","embeddable":true,"href":"https:\/\/stage.shop-cellularswiss.ch\/it\/wp-json\/wp\/v2\/pwb-brand?post=50844"},{"taxonomy":"product_cat","embeddable":true,"href":"https:\/\/stage.shop-cellularswiss.ch\/it\/wp-json\/wp\/v2\/product_cat?post=50844"},{"taxonomy":"product_tag","embeddable":true,"href":"https:\/\/stage.shop-cellularswiss.ch\/it\/wp-json\/wp\/v2\/product_tag?post=50844"},{"taxonomy":"compatibilite","embeddable":true,"href":"https:\/\/stage.shop-cellularswiss.ch\/it\/wp-json\/wp\/v2\/compatibilite?post=50844"},{"taxonomy":"compatibilite_smartphone","embeddable":true,"href":"https:\/\/stage.shop-cellularswiss.ch\/it\/wp-json\/wp\/v2\/compatibilite_smartphone?post=50844"}],"curies":[{"name":"wp","href":"https:\/\/api.w.org\/{rel}","templated":true}]}}