
{"id":50908,"date":"2021-03-20T11:27:07","date_gmt":"2021-03-20T11:27:31","guid":{"rendered":"https:\/\/stage.shop-cellularswiss.ch\/produit\/power-pill-apple-watch\/"},"modified":"2021-11-03T10:55:55","modified_gmt":"2021-11-03T09:55:55","slug":"power-pill-apple-watch","status":"publish","type":"product","link":"https:\/\/stage.shop-cellularswiss.ch\/it\/produit\/power-pill-apple-watch\/","title":{"rendered":"Power Pill &#8211; Apple Watch"},"content":{"rendered":"<p>POWER PILL \u00e8 un caricatore per Apple Watch piccolo e compatto, ideale per la ricarica in mobilit\u00e0. Dotato di connettore USB-C e di adattatore USB incluso in confezione, Power Pill pu\u00f2 essere utilizzato con PC, MacBook, power bank e caricabatterie USB o USB-C. Grazie alle sue dimensioni ridotte e alla sua compatibilit\u00e0 estesa, Power Pill \u00e8 la soluzione pi\u00f9 pratica per ricaricare il proprio Apple Watch fuori casa.<\/p>\n","protected":false},"excerpt":{"rendered":"<p>Caricatore per Apple Watch con adattatore USB<\/p>\n","protected":false},"featured_media":62813,"comment_status":"closed","ping_status":"closed","template":"","meta":{"_et_pb_use_builder":"","_et_pb_old_content":"","_et_gb_content_width":""},"pwb-brand":[],"product_cat":[606,605],"product_tag":[],"compatibilite":[],"compatibilite_smartphone":[4468,4499,4471,4501,4470,4483,4484,4476,4477,4478,4479,4480,4481,4472,4473,4474,4475,4485,4482,4502,4503,4504,4500,4505],"brands":[],"_links":{"self":[{"href":"https:\/\/stage.shop-cellularswiss.ch\/it\/wp-json\/wp\/v2\/product\/50908"}],"collection":[{"href":"https:\/\/stage.shop-cellularswiss.ch\/it\/wp-json\/wp\/v2\/product"}],"about":[{"href":"https:\/\/stage.shop-cellularswiss.ch\/it\/wp-json\/wp\/v2\/types\/product"}],"replies":[{"embeddable":true,"href":"https:\/\/stage.shop-cellularswiss.ch\/it\/wp-json\/wp\/v2\/comments?post=50908"}],"wp:featuredmedia":[{"embeddable":true,"href":"https:\/\/stage.shop-cellularswiss.ch\/it\/wp-json\/wp\/v2\/media\/62813"}],"wp:attachment":[{"href":"https:\/\/stage.shop-cellularswiss.ch\/it\/wp-json\/wp\/v2\/media?parent=50908"}],"wp:term":[{"taxonomy":"pwb-brand","embeddable":true,"href":"https:\/\/stage.shop-cellularswiss.ch\/it\/wp-json\/wp\/v2\/pwb-brand?post=50908"},{"taxonomy":"product_cat","embeddable":true,"href":"https:\/\/stage.shop-cellularswiss.ch\/it\/wp-json\/wp\/v2\/product_cat?post=50908"},{"taxonomy":"product_tag","embeddable":true,"href":"https:\/\/stage.shop-cellularswiss.ch\/it\/wp-json\/wp\/v2\/product_tag?post=50908"},{"taxonomy":"compatibilite","embeddable":true,"href":"https:\/\/stage.shop-cellularswiss.ch\/it\/wp-json\/wp\/v2\/compatibilite?post=50908"},{"taxonomy":"compatibilite_smartphone","embeddable":true,"href":"https:\/\/stage.shop-cellularswiss.ch\/it\/wp-json\/wp\/v2\/compatibilite_smartphone?post=50908"}],"curies":[{"name":"wp","href":"https:\/\/api.w.org\/{rel}","templated":true}]}}