
{"id":50913,"date":"2021-03-20T11:27:19","date_gmt":"2021-03-20T11:27:42","guid":{"rendered":"https:\/\/stage.shop-cellularswiss.ch\/produit\/powertank-20000-universal\/"},"modified":"2021-03-20T12:27:50","modified_gmt":"2021-03-20T11:27:50","slug":"powertank-20000-universal","status":"publish","type":"product","link":"https:\/\/stage.shop-cellularswiss.ch\/it\/produit\/powertank-20000-universal\/","title":{"rendered":"PowerTank 20000 &#8211; Universal"},"content":{"rendered":"<p>PowerTank 20.000 \u00e8 il caricabatterie portatile ultrapiccolo, veloce e potente di Cellularline. PowerTank 20.000 \u00e8 infatti realizzato con l\u2019innovativa tecnologia delle celle ai polimeri di litio ad alta densit\u00e0 che, a parit\u00e0 di potenza, rendono PowerTank 20.000 fino al 40% pi\u00f9 piccolo rispetto ai classici powerbank con celle agli ioni di litio. Piccolo e potente, PowerTank 20.000 \u00e8 quindi l\u2019ideale per portare sempre con s\u00e9 tutta l\u2019energia necessaria e caricare in modo veloce il proprio smartphone, anche pi\u00f9 volte consecutivamente. Inoltre, grazie al doppio ingresso USB-C e Micro USB, PowerTank 20.000 si pu\u00f2 ricaricare direttamente con i cavi USB della maggior parte dei telefoni in commercio. PowerTank 20.000 \u00e8 provvisto anche di sistema di carica veloce simultanea e di controllo del surriscaldamento che consente di ricaricare i tuoi dispositivi in totale comodit\u00e0 e sicurezza.<\/p>\n","protected":false},"excerpt":{"rendered":"<p>Caricabatterie portatile ultrapiccolo<\/p>\n","protected":false},"featured_media":62765,"comment_status":"closed","ping_status":"closed","template":"","meta":{"_et_pb_use_builder":"","_et_pb_old_content":"","_et_gb_content_width":""},"pwb-brand":[],"product_cat":[653,605],"product_tag":[],"compatibilite":[],"compatibilite_smartphone":[4438],"brands":[],"_links":{"self":[{"href":"https:\/\/stage.shop-cellularswiss.ch\/it\/wp-json\/wp\/v2\/product\/50913"}],"collection":[{"href":"https:\/\/stage.shop-cellularswiss.ch\/it\/wp-json\/wp\/v2\/product"}],"about":[{"href":"https:\/\/stage.shop-cellularswiss.ch\/it\/wp-json\/wp\/v2\/types\/product"}],"replies":[{"embeddable":true,"href":"https:\/\/stage.shop-cellularswiss.ch\/it\/wp-json\/wp\/v2\/comments?post=50913"}],"wp:featuredmedia":[{"embeddable":true,"href":"https:\/\/stage.shop-cellularswiss.ch\/it\/wp-json\/wp\/v2\/media\/62765"}],"wp:attachment":[{"href":"https:\/\/stage.shop-cellularswiss.ch\/it\/wp-json\/wp\/v2\/media?parent=50913"}],"wp:term":[{"taxonomy":"pwb-brand","embeddable":true,"href":"https:\/\/stage.shop-cellularswiss.ch\/it\/wp-json\/wp\/v2\/pwb-brand?post=50913"},{"taxonomy":"product_cat","embeddable":true,"href":"https:\/\/stage.shop-cellularswiss.ch\/it\/wp-json\/wp\/v2\/product_cat?post=50913"},{"taxonomy":"product_tag","embeddable":true,"href":"https:\/\/stage.shop-cellularswiss.ch\/it\/wp-json\/wp\/v2\/product_tag?post=50913"},{"taxonomy":"compatibilite","embeddable":true,"href":"https:\/\/stage.shop-cellularswiss.ch\/it\/wp-json\/wp\/v2\/compatibilite?post=50913"},{"taxonomy":"compatibilite_smartphone","embeddable":true,"href":"https:\/\/stage.shop-cellularswiss.ch\/it\/wp-json\/wp\/v2\/compatibilite_smartphone?post=50913"}],"curies":[{"name":"wp","href":"https:\/\/api.w.org\/{rel}","templated":true}]}}