
{"id":50936,"date":"2021-03-20T11:28:13","date_gmt":"2021-03-20T11:28:35","guid":{"rendered":"https:\/\/stage.shop-cellularswiss.ch\/produit\/roller-car-charger-dock\/"},"modified":"2021-03-20T12:28:38","modified_gmt":"2021-03-20T11:28:38","slug":"roller-car-charger-dock","status":"publish","type":"product","link":"https:\/\/stage.shop-cellularswiss.ch\/it\/produit\/roller-car-charger-dock\/","title":{"rendered":"Roller Car Charger &#8211; Dock"},"content":{"rendered":"<p>USB CAR CHARGER 10W \u00e8 il caricabatterie USB-C che offre una carica base per tutti i dispositivi dotati di porta USB-C. La carica pu\u00f2 essere pi\u00f9 lenta su alcuni telefoni a seconda della loro tecnologia di carica. Nella confezione \u00e8 presente il cavo da USB a USB-C lungo 100 cm.<\/p>\n","protected":false},"excerpt":{"rendered":"<p>Caricabatterie da auto 10W con cavo USB-C<\/p>\n","protected":false},"featured_media":36748,"comment_status":"closed","ping_status":"closed","template":"","meta":{"_et_pb_use_builder":"","_et_pb_old_content":"","_et_gb_content_width":""},"pwb-brand":[],"product_cat":[651,605],"product_tag":[],"compatibilite":[],"compatibilite_smartphone":[4390,4392,4391],"brands":[],"_links":{"self":[{"href":"https:\/\/stage.shop-cellularswiss.ch\/it\/wp-json\/wp\/v2\/product\/50936"}],"collection":[{"href":"https:\/\/stage.shop-cellularswiss.ch\/it\/wp-json\/wp\/v2\/product"}],"about":[{"href":"https:\/\/stage.shop-cellularswiss.ch\/it\/wp-json\/wp\/v2\/types\/product"}],"replies":[{"embeddable":true,"href":"https:\/\/stage.shop-cellularswiss.ch\/it\/wp-json\/wp\/v2\/comments?post=50936"}],"wp:featuredmedia":[{"embeddable":true,"href":"https:\/\/stage.shop-cellularswiss.ch\/it\/wp-json\/wp\/v2\/media\/36748"}],"wp:attachment":[{"href":"https:\/\/stage.shop-cellularswiss.ch\/it\/wp-json\/wp\/v2\/media?parent=50936"}],"wp:term":[{"taxonomy":"pwb-brand","embeddable":true,"href":"https:\/\/stage.shop-cellularswiss.ch\/it\/wp-json\/wp\/v2\/pwb-brand?post=50936"},{"taxonomy":"product_cat","embeddable":true,"href":"https:\/\/stage.shop-cellularswiss.ch\/it\/wp-json\/wp\/v2\/product_cat?post=50936"},{"taxonomy":"product_tag","embeddable":true,"href":"https:\/\/stage.shop-cellularswiss.ch\/it\/wp-json\/wp\/v2\/product_tag?post=50936"},{"taxonomy":"compatibilite","embeddable":true,"href":"https:\/\/stage.shop-cellularswiss.ch\/it\/wp-json\/wp\/v2\/compatibilite?post=50936"},{"taxonomy":"compatibilite_smartphone","embeddable":true,"href":"https:\/\/stage.shop-cellularswiss.ch\/it\/wp-json\/wp\/v2\/compatibilite_smartphone?post=50936"}],"curies":[{"name":"wp","href":"https:\/\/api.w.org\/{rel}","templated":true}]}}